{"id":96,"date":"2018-11-26T20:52:24","date_gmt":"2018-11-26T19:52:24","guid":{"rendered":"https:\/\/retura.no\/sor\/?page_id=96"},"modified":"2018-11-26T20:53:48","modified_gmt":"2018-11-26T19:53:48","slug":"personvern","status":"publish","type":"page","link":"https:\/\/retura.no\/sor\/personvern\/","title":{"rendered":"Personvern"},"content":{"rendered":"\n\t<section class=\"section\" id=\"section_957220715\">\n\t\t<div class=\"section-bg fill\" >\n\t\t\t\t\t\t\t\t\t\n\t\t\t\n\n\t\t<\/div>\n\n\t\t\n\n\t\t<div class=\"section-content relative\">\n\t\t\t\n<div class=\"row a-bb\"  id=\"row-1062525414\">\n\n\t<div id=\"col-817974320\" class=\"col small-12 large-12\"  >\n\t\t\t\t<div class=\"col-inner\"  >\n\t\t\t\n\t\t\t\n<h1>Personvernerkl\u00e6ring<\/h1>\n<h3>Informasjonskapsler<\/h3>\n<p>Retura S\u00f8r benytter seg av tredjeparts informasjonskapsler (cookies) fra Google Analytics\/AdWords og Facebook. Hensikten er \u00e5 hente statistikk og analyse av nettsiden. Opplysningene blir brukt av oss til \u00e5 forbedre nettstedet og for \u00e5 tilby de bes\u00f8kende en best mulig opplevelse. AdWords gj\u00f8r at vi kan m\u00e5lrette annonser mot de som har bes\u00f8kt siden v\u00e5r. Vi kan ikke spore dataene til enkeltpersoner.<\/p>\n<p>Dersom du ikke \u00f8nsker \u00e5 akseptere informasjonskapsler m\u00e5 du selv velge \u00e5 endre innstillingene i din nettleser. Merk at denne innstillingen kan f\u00f8re til at mange nettsteder ikke vil fungere som normalt. Anvisninger finnes her:\u00a0<a href=\"https:\/\/nettvett.no\/slik-administrer-du-informasjonskapsler\/\" target=\"_blank\" rel=\"noopener\">https:\/\/nettvett.no\/slik-administrer-du-informasjonskapsler\/<\/a><\/p>\n<p>Mer om Google AdWords bruk av informasjonskapsler og hvordan du kan melde deg ut:\u00a0<a href=\"https:\/\/www.google.com\/settings\/ads\" target=\"_blank\" rel=\"noopener\">https:\/\/www.google.com\/settings\/ads<\/a><\/p>\n<p>Mer om Facebook sin bruk av informasjonskapsler og hvordan du kan melde deg ut:\u00a0<a href=\"https:\/\/www.facebook.com\/policies\/cookies\/\" target=\"_blank\" rel=\"noopener\">https:\/\/www.facebook.com\/policies\/cookies\/<\/a><\/p>\n\t\t<\/div>\n\t\t\t\t\t<\/div>\n\n\t\n<\/div>\n\t\t<\/div>\n\n\t\t\n<style>\n#section_957220715 {\n  padding-top: 50px;\n  padding-bottom: 50px;\n}\n@media (min-width:550px) {\n  #section_957220715 {\n    padding-top: 80px;\n    padding-bottom: 80px;\n  }\n}\n<\/style>\n\t<\/section>\n\t\n","protected":false},"excerpt":{"rendered":"","protected":false},"author":1,"featured_media":0,"parent":0,"menu_order":0,"comment_status":"closed","ping_status":"closed","template":"page-blank.php","meta":{"footnotes":""},"class_list":["post-96","page","type-page","status-publish","hentry"],"_links":{"self":[{"href":"https:\/\/retura.no\/sor\/wp-json\/wp\/v2\/pages\/96","targetHints":{"allow":["GET"]}}],"collection":[{"href":"https:\/\/retura.no\/sor\/wp-json\/wp\/v2\/pages"}],"about":[{"href":"https:\/\/retura.no\/sor\/wp-json\/wp\/v2\/types\/page"}],"author":[{"embeddable":true,"href":"https:\/\/retura.no\/sor\/wp-json\/wp\/v2\/users\/1"}],"replies":[{"embeddable":true,"href":"https:\/\/retura.no\/sor\/wp-json\/wp\/v2\/comments?post=96"}],"version-history":[{"count":3,"href":"https:\/\/retura.no\/sor\/wp-json\/wp\/v2\/pages\/96\/revisions"}],"predecessor-version":[{"id":99,"href":"https:\/\/retura.no\/sor\/wp-json\/wp\/v2\/pages\/96\/revisions\/99"}],"wp:attachment":[{"href":"https:\/\/retura.no\/sor\/wp-json\/wp\/v2\/media?parent=96"}],"curies":[{"name":"wp","href":"https:\/\/api.w.org\/{rel}","templated":true}]}}