{"id":2,"date":"2018-11-26T10:26:09","date_gmt":"2018-11-26T09:26:09","guid":{"rendered":"https:\/\/retura.no\/sor\/?page_id=2"},"modified":"2020-11-30T12:13:50","modified_gmt":"2020-11-30T11:13:50","slug":"hjem","status":"publish","type":"page","link":"https:\/\/retura.no\/sor\/","title":{"rendered":"Hjem"},"content":{"rendered":"\n\t<section class=\"section dark\" id=\"section_1635206790\">\n\t\t<div class=\"section-bg fill\" >\n\t\t\t<img loading=\"lazy\" decoding=\"async\" width=\"2178\" height=\"2904\" src=\"https:\/\/retura.no\/sor\/wp-content\/uploads\/sites\/2\/2018\/11\/Retura-Sor.jpg\" class=\"bg attachment-original size-original\" alt=\"\" \/>\t\t\t\t\t\t\n\t\t\t\n\n\t\t<\/div>\n\n\t\t\n\n\t\t<div class=\"section-content relative\">\n\t\t\t\n<div class=\"row align-center\"  id=\"row-767398499\">\n\n\t<div id=\"col-1753583815\" class=\"col medium-8 small-12 large-6\"  >\n\t\t\t\t<div class=\"col-inner text-center\"  >\n\t\t\t\n\t\t\t\n<h6 class=\"big\">Retura S\u00f8r<\/h6>\n<h1>Beste avfallsl\u00f8sninger p\u00e5 s\u00f8rlandet<\/h1>\n\t\t<\/div>\n\t\t\t\t\t<\/div>\n\n\t\n<\/div>\n\t\t<\/div>\n\n\t\t\n<style>\n#section_1635206790 {\n  padding-top: 30px;\n  padding-bottom: 30px;\n  min-height: 400px;\n}\n#section_1635206790 .section-bg img {\n  object-position: 50% 30%;\n}\n@media (min-width:550px) {\n  #section_1635206790 {\n    min-height: 500px;\n  }\n}\n@media (min-width:850px) {\n  #section_1635206790 {\n    min-height: 600px;\n  }\n}\n<\/style>\n\t<\/section>\n\t\n\n\t<section class=\"section\" id=\"section_992028174\">\n\t\t<div class=\"section-bg fill\" >\n\t\t\t\t\t\t\t\t\t\n\t\t\t\n\n\t\t<\/div>\n\n\t\t\n\n\t\t<div class=\"section-content relative\">\n\t\t\t\n<div class=\"row\"  id=\"row-1078080134\">\n\n\t<div id=\"col-465687201\" class=\"col small-12 large-12\"  >\n\t\t\t\t<div class=\"col-inner\"  >\n\t\t\t\n\t\t\t\n<h2>Siste nyheter<\/h2>\n\t\t<\/div>\n\t\t\t\t\t<\/div>\n\n\t\n\n<style>\n#row-1078080134 > .col > .col-inner {\n  padding: 0px 0px 0px 0px;\n}\n@media (min-width:550px) {\n  #row-1078080134 > .col > .col-inner {\n    padding: 0px 0px 20px 0px;\n  }\n}\n<\/style>\n<\/div>\n\n  \n    <div class=\"row large-columns-3 medium-columns-1 small-columns-1 row-large\" >\n  <div class=\"col post-item\" >\n\t\t\t<div class=\"col-inner\">\n\t\t\t\t<div class=\"box box-normal box-text-bottom box-blog-post has-hover\">\n            \t\t\t\t\t<div class=\"box-image\" >\n  \t\t\t\t\t\t<div class=\"image-cover\" style=\"padding-top:65%;\">\n\t\t\t\t\t\t\t<a href=\"https:\/\/retura.no\/sor\/paske-2026\/\" class=\"plain\" aria-label=\"P\u00e5ske 2026\">\n\t\t\t\t\t\t\t\t<img loading=\"lazy\" decoding=\"async\" width=\"300\" height=\"200\" src=\"https:\/\/retura.no\/sor\/wp-content\/uploads\/sites\/2\/2021\/03\/shutterstock_1022384536-300x200.jpg\" class=\"attachment-medium size-medium wp-post-image\" alt=\"\" srcset=\"https:\/\/retura.no\/sor\/wp-content\/uploads\/sites\/2\/2021\/03\/shutterstock_1022384536-300x200.jpg 300w, https:\/\/retura.no\/sor\/wp-content\/uploads\/sites\/2\/2021\/03\/shutterstock_1022384536-768x512.jpg 768w, https:\/\/retura.no\/sor\/wp-content\/uploads\/sites\/2\/2021\/03\/shutterstock_1022384536-1024x683.jpg 1024w\" sizes=\"auto, (max-width: 300px) 100vw, 300px\" \/>\t\t\t\t\t\t\t<\/a>\n  \t\t\t\t\t\t\t  \t\t\t\t\t\t\t  \t\t\t\t\t\t<\/div>\n  \t\t\t\t\t\t  \t\t\t\t\t<\/div>\n          \t\t\t\t\t<div class=\"box-text text-left\" >\n\t\t\t\t\t<div class=\"box-text-inner blog-post-inner\">\n\n\t\t\t\t\t\n\t\t\t\t\t\t\t\t\t\t<h5 class=\"post-title is-large \">\n\t\t\t\t\t\t<a href=\"https:\/\/retura.no\/sor\/paske-2026\/\" class=\"plain\">P\u00e5ske 2026<\/a>\n\t\t\t\t\t<\/h5>\n\t\t\t\t\t\t\t\t\t\t<div class=\"is-divider\"><\/div>\n\t\t\t\t\t\t\t\t\t\t<p class=\"from_the_blog_excerpt \">\n\t\t\t\t\t\tBeholdere t\u00f8mmes p\u00e5 f\u00f8lgende dager: 31.03 t\u00f8mmes 30.03 02.04 t\u00f8mmes 01.04 03.04 t\u00f8mmes 01.04 06.04 [...]\t\t\t\t\t<\/p>\n\t\t\t\t\t                    \n\t\t\t\t\t\n\t\t\t\t\t\n\t\t\t\t\t<\/div>\n\t\t\t\t\t<\/div>\n\t\t\t\t\t\t\t\t\t\t\t\t\t\t\t\t<div class=\"badge absolute top post-date badge-circle\">\n\t\t\t\t\t\t\t<div class=\"badge-inner\">\n\t\t\t\t\t\t\t\t<span class=\"post-date-day\">18<\/span><br>\n\t\t\t\t\t\t\t\t<span class=\"post-date-month is-xsmall\">mar<\/span>\n\t\t\t\t\t\t\t<\/div>\n\t\t\t\t\t\t<\/div>\n\t\t\t\t\t\t\t\t\t<\/div>\n\t\t\t<\/div>\n\t\t<\/div><div class=\"col post-item\" >\n\t\t\t<div class=\"col-inner\">\n\t\t\t\t<div class=\"box box-normal box-text-bottom box-blog-post has-hover\">\n            \t\t\t\t\t<div class=\"box-image\" >\n  \t\t\t\t\t\t<div class=\"image-cover\" style=\"padding-top:65%;\">\n\t\t\t\t\t\t\t<a href=\"https:\/\/retura.no\/sor\/energitillegg\/\" class=\"plain\" aria-label=\"Energitillegg\">\n\t\t\t\t\t\t\t\t<img loading=\"lazy\" decoding=\"async\" width=\"300\" height=\"139\" src=\"https:\/\/retura.no\/sor\/wp-content\/uploads\/sites\/2\/2018\/11\/Miljorapportering-300x139.jpg\" class=\"attachment-medium size-medium wp-post-image\" alt=\"\" srcset=\"https:\/\/retura.no\/sor\/wp-content\/uploads\/sites\/2\/2018\/11\/Miljorapportering-300x139.jpg 300w, https:\/\/retura.no\/sor\/wp-content\/uploads\/sites\/2\/2018\/11\/Miljorapportering-768x355.jpg 768w, https:\/\/retura.no\/sor\/wp-content\/uploads\/sites\/2\/2018\/11\/Miljorapportering-1024x473.jpg 1024w, https:\/\/retura.no\/sor\/wp-content\/uploads\/sites\/2\/2018\/11\/Miljorapportering.jpg 1200w\" sizes=\"auto, (max-width: 300px) 100vw, 300px\" \/>\t\t\t\t\t\t\t<\/a>\n  \t\t\t\t\t\t\t  \t\t\t\t\t\t\t  \t\t\t\t\t\t<\/div>\n  \t\t\t\t\t\t  \t\t\t\t\t<\/div>\n          \t\t\t\t\t<div class=\"box-text text-left\" >\n\t\t\t\t\t<div class=\"box-text-inner blog-post-inner\">\n\n\t\t\t\t\t\n\t\t\t\t\t\t\t\t\t\t<h5 class=\"post-title is-large \">\n\t\t\t\t\t\t<a href=\"https:\/\/retura.no\/sor\/energitillegg\/\" class=\"plain\">Energitillegg<\/a>\n\t\t\t\t\t<\/h5>\n\t\t\t\t\t\t\t\t\t\t<div class=\"is-divider\"><\/div>\n\t\t\t\t\t\t\t\t\t\t<p class=\"from_the_blog_excerpt \">\n\t\t\t\t\t\tEnergitillegg 2026\t\t\t\t\t<\/p>\n\t\t\t\t\t                    \n\t\t\t\t\t\n\t\t\t\t\t\n\t\t\t\t\t<\/div>\n\t\t\t\t\t<\/div>\n\t\t\t\t\t\t\t\t\t\t\t\t\t\t\t\t<div class=\"badge absolute top post-date badge-circle\">\n\t\t\t\t\t\t\t<div class=\"badge-inner\">\n\t\t\t\t\t\t\t\t<span class=\"post-date-day\">11<\/span><br>\n\t\t\t\t\t\t\t\t<span class=\"post-date-month is-xsmall\">mar<\/span>\n\t\t\t\t\t\t\t<\/div>\n\t\t\t\t\t\t<\/div>\n\t\t\t\t\t\t\t\t\t<\/div>\n\t\t\t<\/div>\n\t\t<\/div><div class=\"col post-item\" >\n\t\t\t<div class=\"col-inner\">\n\t\t\t\t<div class=\"box box-normal box-text-bottom box-blog-post has-hover\">\n            \t\t\t\t\t<div class=\"box-image\" >\n  \t\t\t\t\t\t<div class=\"image-cover\" style=\"padding-top:65%;\">\n\t\t\t\t\t\t\t<a href=\"https:\/\/retura.no\/sor\/endring-tommedager-jul-nyttar\/\" class=\"plain\" aria-label=\"Endring t\u00f8mmedager jul\/nytt\u00e5r\">\n\t\t\t\t\t\t\t\t<img loading=\"lazy\" decoding=\"async\" width=\"300\" height=\"200\" src=\"https:\/\/retura.no\/sor\/wp-content\/uploads\/sites\/2\/2020\/04\/9913_Utsortert-brennbart-avfall_439288402-300x200.jpg\" class=\"attachment-medium size-medium wp-post-image\" alt=\"\" srcset=\"https:\/\/retura.no\/sor\/wp-content\/uploads\/sites\/2\/2020\/04\/9913_Utsortert-brennbart-avfall_439288402-300x200.jpg 300w, https:\/\/retura.no\/sor\/wp-content\/uploads\/sites\/2\/2020\/04\/9913_Utsortert-brennbart-avfall_439288402-768x512.jpg 768w, https:\/\/retura.no\/sor\/wp-content\/uploads\/sites\/2\/2020\/04\/9913_Utsortert-brennbart-avfall_439288402-1024x683.jpg 1024w\" sizes=\"auto, (max-width: 300px) 100vw, 300px\" \/>\t\t\t\t\t\t\t<\/a>\n  \t\t\t\t\t\t\t  \t\t\t\t\t\t\t  \t\t\t\t\t\t<\/div>\n  \t\t\t\t\t\t  \t\t\t\t\t<\/div>\n          \t\t\t\t\t<div class=\"box-text text-left\" >\n\t\t\t\t\t<div class=\"box-text-inner blog-post-inner\">\n\n\t\t\t\t\t\n\t\t\t\t\t\t\t\t\t\t<h5 class=\"post-title is-large \">\n\t\t\t\t\t\t<a href=\"https:\/\/retura.no\/sor\/endring-tommedager-jul-nyttar\/\" class=\"plain\">Endring t\u00f8mmedager jul\/nytt\u00e5r<\/a>\n\t\t\t\t\t<\/h5>\n\t\t\t\t\t\t\t\t\t\t<div class=\"is-divider\"><\/div>\n\t\t\t\t\t\t\t\t\t\t<p class=\"from_the_blog_excerpt \">\n\t\t\t\t\t\t22 og 23. desember kj\u00f8res 22.desember 24 og 25. desember kj\u00f8res 23. desember 26. desember [...]\t\t\t\t\t<\/p>\n\t\t\t\t\t                    \n\t\t\t\t\t\n\t\t\t\t\t\n\t\t\t\t\t<\/div>\n\t\t\t\t\t<\/div>\n\t\t\t\t\t\t\t\t\t\t\t\t\t\t\t\t<div class=\"badge absolute top post-date badge-circle\">\n\t\t\t\t\t\t\t<div class=\"badge-inner\">\n\t\t\t\t\t\t\t\t<span class=\"post-date-day\">02<\/span><br>\n\t\t\t\t\t\t\t\t<span class=\"post-date-month is-xsmall\">des<\/span>\n\t\t\t\t\t\t\t<\/div>\n\t\t\t\t\t\t<\/div>\n\t\t\t\t\t\t\t\t\t<\/div>\n\t\t\t<\/div>\n\t\t<\/div><\/div>\n\t\t<\/div>\n\n\t\t\n<style>\n#section_992028174 {\n  padding-top: 50px;\n  padding-bottom: 50px;\n  background-color: rgb(255, 255, 255);\n}\n@media (min-width:550px) {\n  #section_992028174 {\n    padding-top: 80px;\n    padding-bottom: 80px;\n  }\n}\n<\/style>\n\t<\/section>\n\t\n\n\t<section class=\"section\" id=\"section_902351448\">\n\t\t<div class=\"section-bg fill\" >\n\t\t\t\t\t\t\t\t\t\n\t\t\t\n\n\t\t<\/div>\n\n\t\t\n\n\t\t<div class=\"section-content relative\">\n\t\t\t\n<div class=\"row\"  id=\"row-1999476452\">\n\n\t<div id=\"col-315416230\" class=\"col small-12 large-12\"  >\n\t\t\t\t<div class=\"col-inner\"  >\n\t\t\t\n\t\t\t\n<p class=\"lead\">Vi leverer l\u00f8sninger for alle avfallstyper overalt i begge Agderfylkene \u2014 skreddersydd for din virksomhet og dine behov. <a class=\"arrow-r\" href=\"\/sor\/kundeservice\/\">Ta kontakt med oss her<\/a><\/p>\n\t\t<\/div>\n\t\t\t\t\t<\/div>\n\n\t\n\n<style>\n#row-1999476452 > .col > .col-inner {\n  padding: 0px 0px 30px 0px;\n}\n@media (min-width:550px) {\n  #row-1999476452 > .col > .col-inner {\n    padding: 45px 0px 35px 0px;\n  }\n}\n<\/style>\n<\/div>\n<div class=\"row row-large equal-cols\"  id=\"row-19587330\">\n\n\t<div id=\"col-1041051396\" class=\"col bg-grey btn-center medium-12 small-12 large-4\"  >\n\t\t\t\t<div class=\"col-inner\"  >\n\t\t\t\n\t\t\t\n\t<div class=\"img has-hover x md-x lg-x y md-y lg-y\" id=\"image_993628569\">\n\t\t\t\t\t\t\t\t<div class=\"img-inner image-cover dark\" style=\"padding-top:200px;\">\n\t\t\t<img loading=\"lazy\" decoding=\"async\" width=\"350\" height=\"456\" src=\"https:\/\/retura.no\/sor\/wp-content\/uploads\/sites\/2\/2018\/11\/radgivning-small.jpg\" class=\"attachment-large size-large\" alt=\"\" srcset=\"https:\/\/retura.no\/sor\/wp-content\/uploads\/sites\/2\/2018\/11\/radgivning-small.jpg 350w, https:\/\/retura.no\/sor\/wp-content\/uploads\/sites\/2\/2018\/11\/radgivning-small-230x300.jpg 230w\" sizes=\"auto, (max-width: 350px) 100vw, 350px\" \/>\t\t\t\t\t\t\n\t\t\t\t\t<\/div>\n\t\t\t\t\t\t\t\t\n<style>\n#image_993628569 {\n  width: 100%;\n}\n<\/style>\n\t<\/div>\n\t\n<h4 class=\"h-pill\">R\u00e5dgivning<\/h4>\n<p class=\"p-sm\">H\u00e5ndtering og behandling av avfall er et fagfelt som krever stadig mer spesialkunnskap. Retura kombinerer h\u00f8y kompetanse med unik lokalkunnskap, som tar hensyn til milj\u00f8 og \u00f8konomi.<\/p>\n<a href=\"\/sor\/tjenester\" class=\"button primary is-outline\"  style=\"border-radius:99px;\">\n\t\t<span>Les mer<\/span>\n\t<\/a>\n\n\t\t<\/div>\n\t\t\t\t\t<\/div>\n\n\t\n\n\t<div id=\"col-637419097\" class=\"col bg-grey btn-center medium-12 small-12 large-4\"  >\n\t\t\t\t<div class=\"col-inner\"  >\n\t\t\t\n\t\t\t\n\t<div class=\"img has-hover x md-x lg-x y md-y lg-y\" id=\"image_2140995250\">\n\t\t\t\t\t\t\t\t<div class=\"img-inner image-cover dark\" style=\"padding-top:200px;\">\n\t\t\t<img loading=\"lazy\" decoding=\"async\" width=\"350\" height=\"350\" src=\"https:\/\/retura.no\/sor\/wp-content\/uploads\/sites\/2\/2018\/11\/gjennomforing-small.jpg\" class=\"attachment-large size-large\" alt=\"\" srcset=\"https:\/\/retura.no\/sor\/wp-content\/uploads\/sites\/2\/2018\/11\/gjennomforing-small.jpg 350w, https:\/\/retura.no\/sor\/wp-content\/uploads\/sites\/2\/2018\/11\/gjennomforing-small-150x150.jpg 150w, https:\/\/retura.no\/sor\/wp-content\/uploads\/sites\/2\/2018\/11\/gjennomforing-small-300x300.jpg 300w\" sizes=\"auto, (max-width: 350px) 100vw, 350px\" \/>\t\t\t\t\t\t\n\t\t\t\t\t<\/div>\n\t\t\t\t\t\t\t\t\n<style>\n#image_2140995250 {\n  width: 100%;\n}\n<\/style>\n\t<\/div>\n\t\n<h4 class=\"h-pill\">Gjennomf\u00f8ring<\/h4>\n<p class=\"p-sm\">Retura er opptatt av at implementeringen gjennomf\u00f8res grundig slik at driftsfasen skal bli s\u00e5 problemfri som mulig. Riktig valg av utstyr og god oppl\u00e6ring er avgj\u00f8rende.<\/p>\n<a href=\"\/sor\/tjenester\" class=\"button primary is-outline\"  style=\"border-radius:99px;\">\n\t\t<span>Les mer<\/span>\n\t<\/a>\n\n\t\t<\/div>\n\t\t\t\t\t<\/div>\n\n\t\n\n\t<div id=\"col-71941850\" class=\"col bg-grey btn-center medium-12 small-12 large-4\"  >\n\t\t\t\t<div class=\"col-inner\"  >\n\t\t\t\n\t\t\t\n\t<div class=\"img has-hover x md-x lg-x y md-y lg-y\" id=\"image_178571171\">\n\t\t\t\t\t\t\t\t<div class=\"img-inner image-cover dark\" style=\"padding-top:200px;\">\n\t\t\t<img loading=\"lazy\" decoding=\"async\" width=\"1020\" height=\"471\" src=\"https:\/\/retura.no\/sor\/wp-content\/uploads\/sites\/2\/2018\/11\/Miljorapportering-1024x473.jpg\" class=\"attachment-large size-large\" alt=\"\" srcset=\"https:\/\/retura.no\/sor\/wp-content\/uploads\/sites\/2\/2018\/11\/Miljorapportering-1024x473.jpg 1024w, https:\/\/retura.no\/sor\/wp-content\/uploads\/sites\/2\/2018\/11\/Miljorapportering-300x139.jpg 300w, https:\/\/retura.no\/sor\/wp-content\/uploads\/sites\/2\/2018\/11\/Miljorapportering-768x355.jpg 768w, https:\/\/retura.no\/sor\/wp-content\/uploads\/sites\/2\/2018\/11\/Miljorapportering.jpg 1200w\" sizes=\"auto, (max-width: 1020px) 100vw, 1020px\" \/>\t\t\t\t\t\t\n\t\t\t\t\t<\/div>\n\t\t\t\t\t\t\t\t\n<style>\n#image_178571171 {\n  width: 100%;\n}\n<\/style>\n\t<\/div>\n\t\n<h4 class=\"h-pill\">Milj\u00f8rapportering<\/h4>\n<p class=\"p-sm\">Vi rapporterer i henhold til kundens behov. V\u00e5re rapporter gir full kontroll p\u00e5 innsamlede avfallsmengder og kostnader.<\/p>\n<a href=\"\/sor\/tjenester\" class=\"button primary is-outline\"  style=\"border-radius:99px;\">\n\t\t<span>Les mer<\/span>\n\t<\/a>\n\n\t\t<\/div>\n\t\t\t\t\t<\/div>\n\n\t\n<\/div>\n\t\t<\/div>\n\n\t\t\n<style>\n#section_902351448 {\n  padding-top: 50px;\n  padding-bottom: 50px;\n}\n@media (min-width:550px) {\n  #section_902351448 {\n    padding-top: 40px;\n    padding-bottom: 40px;\n  }\n}\n<\/style>\n\t<\/section>\n\t\n\n\t<section class=\"section\" id=\"section_1231201201\">\n\t\t<div class=\"section-bg fill\" >\n\t\t\t\t\t\t\t\t\t\n\t\t\t\n\n\t\t<\/div>\n\n\t\t\n\n\t\t<div class=\"section-content relative\">\n\t\t\t\n<div class=\"row\"  id=\"row-991016133\">\n\n\t<div id=\"col-1057310523\" class=\"col small-12 large-12\"  >\n\t\t\t\t<div class=\"col-inner\"  >\n\t\t\t\n\t\t\t\n<h2>Vi bidrar til et bedre milj\u00f8<\/h2>\n<p>Klima og milj\u00f8 er satt p\u00e5 dagsordenen nasjonalt og globalt. Retura, med sin virksomhet i Norge, utnytter muligheten til \u00e5 p\u00e5virke klima og milj\u00f8 her. Proaktiv innsats for et milj\u00f8 i balanse, ligger i v\u00e5r visjon.<\/p>\n<a href=\"\/sor\/baerekraft-og-miljo\" class=\"button primary is-outline\"  style=\"border-radius:99px;\">\n\t\t<span>Les mer<\/span>\n\t<\/a>\n\n\t\t<\/div>\n\t\t\t\t\t<\/div>\n\n\t\n\n<style>\n#row-991016133 > .col > .col-inner {\n  padding: 50px 0px 0px 0px;\n}\n@media (min-width:550px) {\n  #row-991016133 > .col > .col-inner {\n    padding: 80px 0px 0px 0px;\n  }\n}\n<\/style>\n<\/div>\n<div class=\"row\"  id=\"row-739032011\">\n\n\t<div id=\"col-220957532\" class=\"col small-12 large-12\"  >\n\t\t\t\t<div class=\"col-inner text-right\"  >\n\t\t\t\n\t\t\t\n\t<div class=\"img has-hover x md-x lg-x y md-y lg-y\" id=\"image_232496145\">\n\t\t\t\t\t\t\t\t<div class=\"img-inner dark\" >\n\t\t\t<img loading=\"lazy\" decoding=\"async\" width=\"205\" height=\"159\" src=\"https:\/\/retura.no\/sor\/wp-content\/uploads\/sites\/2\/2018\/11\/leaf.png\" class=\"attachment-original size-original\" alt=\"\" \/>\t\t\t\t\t\t\n\t\t\t\t\t<\/div>\n\t\t\t\t\t\t\t\t\n<style>\n#image_232496145 {\n  width: 20%;\n}\n@media (min-width:550px) {\n  #image_232496145 {\n    width: 10%;\n  }\n}\n<\/style>\n\t<\/div>\n\t\n\t\t<\/div>\n\t\t\t\t\t<\/div>\n\n\t\n<\/div>\n\t\t<\/div>\n\n\t\t\n<style>\n#section_1231201201 {\n  padding-top: 0px;\n  padding-bottom: 0px;\n  background-color: rgb(233, 233, 233);\n}\n<\/style>\n\t<\/section>\n\t\n\n\t<section class=\"section postal dark\" id=\"section_521524477\">\n\t\t<div class=\"section-bg fill\" >\n\t\t\t\t\t\t\t\t\t\n\t\t\t\n\n\t\t<\/div>\n\n\t\t\n\n\t\t<div class=\"section-content relative\">\n\t\t\t\n<div class=\"row\"  id=\"row-1083462922\">\n\n\t<div id=\"col-415667918\" class=\"col small-12 large-12\"  >\n\t\t\t\t<div class=\"col-inner\"  >\n\t\t\t\n\t\t\t\n<p><span style=\"font-size: 180%;\"><strong>G\u00e5 til ditt n\u00e6rmeste Retura-kontor her<\/strong><\/span><\/p>\n<form action=\"\" method=\"GET\" style=\"margin-bottom: 0; display: inline-block;\"><input type=\"text\" name=\"postalcode\" placeholder=\"Postnr.\" style=\"display: inline; width: 125px; padding: 15px; margin-bottom: 0; margin-top: 0; font-size: 16px; font-style: italic; border: 1px solid #9A0D24; height: 45px;\" \/><input type=\"submit\" value=\">\" style=\"display: inline-flex; align-items:center; justify-content:center; margin: 0 0 0 10px; background: #e10025!important; color: #ffffff; padding: 20px; line-height: 0; height: 45px; width:45px; border-radius:100%!important; border:1px solid #ffffff; box-shadow:0px 5px 10px rgba(0,0,0,0.2)\"  \/><\/form>\n\t\t<\/div>\n\t\t\t\t\t<\/div>\n\n\t\n<\/div>\n\t\t<\/div>\n\n\t\t\n<style>\n#section_521524477 {\n  padding-top: 15px;\n  padding-bottom: 15px;\n  background-color: #e10025;\n}\n@media (min-width:550px) {\n  #section_521524477 {\n    padding-top: 30px;\n    padding-bottom: 30px;\n  }\n}\n<\/style>\n\t<\/section>\n\t\n","protected":false},"excerpt":{"rendered":"","protected":false},"author":1,"featured_media":0,"parent":0,"menu_order":0,"comment_status":"closed","ping_status":"closed","template":"page-blank.php","meta":{"footnotes":""},"class_list":["post-2","page","type-page","status-publish","hentry"],"_links":{"self":[{"href":"https:\/\/retura.no\/sor\/wp-json\/wp\/v2\/pages\/2","targetHints":{"allow":["GET"]}}],"collection":[{"href":"https:\/\/retura.no\/sor\/wp-json\/wp\/v2\/pages"}],"about":[{"href":"https:\/\/retura.no\/sor\/wp-json\/wp\/v2\/types\/page"}],"author":[{"embeddable":true,"href":"https:\/\/retura.no\/sor\/wp-json\/wp\/v2\/users\/1"}],"replies":[{"embeddable":true,"href":"https:\/\/retura.no\/sor\/wp-json\/wp\/v2\/comments?post=2"}],"version-history":[{"count":14,"href":"https:\/\/retura.no\/sor\/wp-json\/wp\/v2\/pages\/2\/revisions"}],"predecessor-version":[{"id":488,"href":"https:\/\/retura.no\/sor\/wp-json\/wp\/v2\/pages\/2\/revisions\/488"}],"wp:attachment":[{"href":"https:\/\/retura.no\/sor\/wp-json\/wp\/v2\/media?parent=2"}],"curies":[{"name":"wp","href":"https:\/\/api.w.org\/{rel}","templated":true}]}}