{"id":17,"date":"2018-11-26T12:26:15","date_gmt":"2018-11-26T11:26:15","guid":{"rendered":"https:\/\/retura.no\/sor\/?page_id=17"},"modified":"2018-11-26T22:54:35","modified_gmt":"2018-11-26T21:54:35","slug":"sertifiseringer","status":"publish","type":"page","link":"https:\/\/retura.no\/sor\/om-retura-sor\/sertifiseringer\/","title":{"rendered":"Sertifiseringer"},"content":{"rendered":"\n\t<section class=\"section submenu\" id=\"section_2013661623\">\n\t\t<div class=\"section-bg fill\" >\n\t\t\t\t\t\t\t\t\t\n\t\t\t\n\n\t\t<\/div>\n\n\t\t\n\n\t\t<div class=\"section-content relative\">\n\t\t\t\n<ul class=\"sidebar-wrapper ul-reset\"><div class=\"menu-om-retura-sor-container\"><ul id=\"menu-om-retura-sor\" class=\"menu\"><li id=\"menu-item-76\" class=\"menu-item menu-item-type-post_type menu-item-object-page menu-item-76\"><a href=\"https:\/\/retura.no\/sor\/om-retura-sor\/\">Om Retura S\u00f8r<\/a><\/li>\n<li id=\"menu-item-78\" class=\"menu-item menu-item-type-post_type menu-item-object-page menu-item-78\"><a href=\"https:\/\/retura.no\/sor\/om-retura-sor\/kontaktpersoner\/\">Kontaktpersoner<\/a><\/li>\n<li id=\"menu-item-77\" class=\"menu-item menu-item-type-post_type menu-item-object-page menu-item-77\"><a href=\"https:\/\/retura.no\/sor\/om-retura-sor\/sertifiseringer\/\">Sertifiseringer<\/a><\/li>\n<\/ul><\/div><\/ul>\n\t\t<\/div>\n\n\t\t\n<style>\n#section_2013661623 {\n  padding-top: 30px;\n  padding-bottom: 30px;\n}\n<\/style>\n\t<\/section>\n\t\n\n\t<section class=\"section\" id=\"section_1665510711\">\n\t\t<div class=\"section-bg fill\" >\n\t\t\t\t\t\t\t\t\t\n\t\t\t\n\n\t\t<\/div>\n\n\t\t\n\n\t\t<div class=\"section-content relative\">\n\t\t\t\n<div class=\"row a-bb\"  id=\"row-73508484\">\n\n\t<div id=\"col-1270504125\" class=\"col small-12 large-12\"  >\n\t\t\t\t<div class=\"col-inner\"  >\n\t\t\t\n\t\t\t\n<h1>Sertifiseringer<\/h1>\n<p>Returas S\u00f8rs virksomhetsstyringssystem er sertifisert etter milj\u00f8standarden ISO 14001:2015 og kvalitetsstandarden ISO 9001:2015.<\/p>\n<p>Retura S\u00f8r ble f\u00f8rste gang sertifisert iht kvalitet- og milj\u00f8standardene i 2002.\u00a0Nedenfor finner du linker til sertifikatene i pdf-format. Retura S\u00f8r har valgt KIWA som sertifiseringsorgan for begge standardene.<\/p>\n<p>\u00a0<\/p>\n<h4>Milj\u00f8 \u2013 ISO 14001:2015<\/h4>\n<p>V\u00e5rt milj\u00f8sertifikat viser at Retura S\u00f8rs milj\u00f8styringssystem er m\u00e5lt opp mot, og er i samsvar med en standard for god milj\u00f8ledelse KIWA som en uavhengig tredjepart f\u00f8lger opp at Retura S\u00f8r arbeider aktivt for \u00e5 redusere bedriftens og v\u00e5re tjenesters milj\u00f8belastninger til et minimum.<\/p>\n<p><a href=\"https:\/\/sor.retura.no\/wp-content\/uploads\/2018\/06\/ISO-Sertifikat.pdf\">ISO 14001:2015<\/a><\/p>\n<div>\u00a0<\/div>\n<h4>Kvalitet \u2013 ISO 9001:2015<\/h4>\n<p>V\u00e5rt sertifikat er en bekreftelse p\u00e5 at vi er sertifisert etter standarden for god kvalitetsstyring og at vi oppfyller standardens krav. Dette er en prosessorientert standard og legger vekt p\u00e5 kontinuerlig forbedring og tilfredse kunder.<\/p>\n<p><a href=\"https:\/\/sor.retura.no\/wp-content\/uploads\/2018\/06\/ISO-Sertifikat.pdf\">ISO 9001:2015<\/a><\/p>\n<h4>\u00a0<\/h4>\n<h4>I tillegg er Retura S\u00f8r sertifisert med f\u00f8lgende kvalifiseringsordninger<\/h4>\n<p>Leverand\u00f8rregister for bygg og anlegg, forvaltning, forsikring og fast eiendom i Norge:<\/p>\n<p><a href=\"https:\/\/sor.retura.no\/wp-content\/uploads\/2018\/06\/StartBANK.pdf\">StartBANK<\/a><\/p>\n\t\t<\/div>\n\t\t\t\t\t<\/div>\n\n\t\n\n<style>\n#row-73508484 > .col > .col-inner {\n  padding: 40px 0px 0px 0px;\n}\n@media (min-width:550px) {\n  #row-73508484 > .col > .col-inner {\n    padding: 0px 0px 0px 0px;\n  }\n}\n<\/style>\n<\/div>\n\t\t<\/div>\n\n\t\t\n<style>\n#section_1665510711 {\n  padding-top: 50px;\n  padding-bottom: 50px;\n  background-color: rgb(246, 246, 246);\n}\n@media (min-width:550px) {\n  #section_1665510711 {\n    padding-top: 80px;\n    padding-bottom: 80px;\n  }\n}\n<\/style>\n\t<\/section>\n\t\n","protected":false},"excerpt":{"rendered":"","protected":false},"author":1,"featured_media":0,"parent":13,"menu_order":0,"comment_status":"closed","ping_status":"closed","template":"page-blank.php","meta":{"footnotes":""},"class_list":["post-17","page","type-page","status-publish","hentry"],"_links":{"self":[{"href":"https:\/\/retura.no\/sor\/wp-json\/wp\/v2\/pages\/17","targetHints":{"allow":["GET"]}}],"collection":[{"href":"https:\/\/retura.no\/sor\/wp-json\/wp\/v2\/pages"}],"about":[{"href":"https:\/\/retura.no\/sor\/wp-json\/wp\/v2\/types\/page"}],"author":[{"embeddable":true,"href":"https:\/\/retura.no\/sor\/wp-json\/wp\/v2\/users\/1"}],"replies":[{"embeddable":true,"href":"https:\/\/retura.no\/sor\/wp-json\/wp\/v2\/comments?post=17"}],"version-history":[{"count":7,"href":"https:\/\/retura.no\/sor\/wp-json\/wp\/v2\/pages\/17\/revisions"}],"predecessor-version":[{"id":119,"href":"https:\/\/retura.no\/sor\/wp-json\/wp\/v2\/pages\/17\/revisions\/119"}],"up":[{"embeddable":true,"href":"https:\/\/retura.no\/sor\/wp-json\/wp\/v2\/pages\/13"}],"wp:attachment":[{"href":"https:\/\/retura.no\/sor\/wp-json\/wp\/v2\/media?parent=17"}],"curies":[{"name":"wp","href":"https:\/\/api.w.org\/{rel}","templated":true}]}}