{"id":15,"date":"2018-11-26T12:26:02","date_gmt":"2018-11-26T11:26:02","guid":{"rendered":"https:\/\/retura.no\/sor\/?page_id=15"},"modified":"2024-11-25T13:59:38","modified_gmt":"2024-11-25T12:59:38","slug":"kontaktpersoner","status":"publish","type":"page","link":"https:\/\/retura.no\/sor\/om-retura-sor\/kontaktpersoner\/","title":{"rendered":"Kontaktpersoner"},"content":{"rendered":"\r\n\n\t<section class=\"section submenu\" id=\"section_1071857901\">\n\t\t<div class=\"section-bg fill\" >\n\t\t\t\t\t\t\t\t\t\n\t\t\t\n\n\t\t<\/div>\n\n\t\t\n\n\t\t<div class=\"section-content relative\">\n\t\t\t\r\n\r\n<ul class=\"sidebar-wrapper ul-reset\"><div class=\"menu-om-retura-sor-container\"><ul id=\"menu-om-retura-sor\" class=\"menu\"><li id=\"menu-item-76\" class=\"menu-item menu-item-type-post_type menu-item-object-page menu-item-76\"><a href=\"https:\/\/retura.no\/sor\/om-retura-sor\/\">Om Retura S\u00f8r<\/a><\/li>\n<li id=\"menu-item-78\" class=\"menu-item menu-item-type-post_type menu-item-object-page menu-item-78\"><a href=\"https:\/\/retura.no\/sor\/om-retura-sor\/kontaktpersoner\/\">Kontaktpersoner<\/a><\/li>\n<li id=\"menu-item-77\" class=\"menu-item menu-item-type-post_type menu-item-object-page menu-item-77\"><a href=\"https:\/\/retura.no\/sor\/om-retura-sor\/sertifiseringer\/\">Sertifiseringer<\/a><\/li>\n<\/ul><\/div><\/ul>\r\n\r\n\r\n\t\t<\/div>\n\n\t\t\n<style>\n#section_1071857901 {\n  padding-top: 30px;\n  padding-bottom: 30px;\n}\n<\/style>\n\t<\/section>\n\t\r\n\n\t<section class=\"section\" id=\"section_136429347\">\n\t\t<div class=\"section-bg fill\" >\n\t\t\t\t\t\t\t\t\t\n\t\t\t\n\n\t\t<\/div>\n\n\t\t\n\n\t\t<div class=\"section-content relative\">\n\t\t\t\r\n\r\n<div class=\"row\"  id=\"row-127382243\">\r\n\r\n\n\t<div id=\"col-1063778649\" class=\"col small-12 large-12\"  >\n\t\t\t\t<div class=\"col-inner\"  >\n\t\t\t\n\t\t\t\r\n\r\n<h1>Kontaktpersoner<\/h1>\r\n<p><span style=\"font-size: 120%\">Vi jobber for et milj\u00f8 i balanse<\/span><\/p>\r\n<p>Retura S\u00f8r er en del av Retura, som er en av landets st\u00f8rste avfallsakt\u00f8rer. Vi tilbyr et komplett tilbud av avfallstjenester, og har fokus p\u00e5 leveranse av fremtidsrettede og milj\u00f8riktige avfallsl\u00f8sninger. Med gr\u00f8nn konkurransekraft i fokus, skal vi v\u00e6re S\u00f8rlandets ledende leverand\u00f8r av avfallstjenester til n\u00e6ringslivet. V\u00e5r lokalkunnskap danner grunnlaget for v\u00e5r verdiskaping.<\/p>\r\n\r\n\t\t<\/div>\n\t\t\t\t\t<\/div>\n\n\t\r\n\r\n\n<style>\n#row-127382243 > .col > .col-inner {\n  padding: 40px 0px 60px 0px;\n}\n@media (min-width:550px) {\n  #row-127382243 > .col > .col-inner {\n    padding: 0px 0px 60px 0px;\n  }\n}\n<\/style>\n<\/div>\r\n<div class=\"row row-large team-members no-img\"  id=\"row-357688250\">\r\n\r\n\n\t<div id=\"col-874066885\" class=\"col medium-6 small-12 large-4\"  >\n\t\t\t\t<div class=\"col-inner\"  >\n\t\t\t\n\t\t\t\r\n\r\n    <div class=\"box has-hover has-hover box-text-bottom\" >\n\n                  <div class=\"box-image \" style=\"width:80%;\">\n           <div class=\"box-image-inner image-cover\" style=\"border-radius:100%;padding-top:100%;\">\n              <img decoding=\"async\" src=\"https:\/\/retura.no\/sor\/wp-content\/themes\/flatsome\/assets\/img\/missing.jpg\" \/>                         <\/div>\n          <\/div>\n         \n          <div class=\"box-text text-center\" >\n                <div class=\"box-text-inner\">\n                  <h4 class=\"uppercase\">\n                    <span class=\"person-name\">\u00d8yvind Ravn\u00e5sen<\/span><br\/>\n                    <span class=\"person-title is-small thin-font op-7\">\n                      Salgsansvarlig                    <\/span>\n                  <\/h4>\n\t\t\t\t\t\r\n\r\n<p><i class=\"fas fa-phone red\"><\/i><a href=\"tel:+4792998078\">92 99 80 78<\/a><\/p>\r\n<p><i class=\"fas fa-envelope red\"><\/i><a href=\"mailto:oyvind.ravnasen@retura.no\">oyvind.ravnasen@retura.no<\/a><\/p>\r\n\r\n                <\/div>\n          <\/div>\n    <\/div>\n\n\t\n    \r\n\r\n\t\t<\/div>\n\t\t\t\t\t<\/div>\n\n\t\r\n\n\t<div id=\"col-327527341\" class=\"col medium-6 small-12 large-4\"  >\n\t\t\t\t<div class=\"col-inner\"  >\n\t\t\t\n\t\t\t\r\n\r\n    <div class=\"box has-hover has-hover box-text-bottom\" >\n\n                  <div class=\"box-image \" style=\"width:80%;\">\n           <div class=\"box-image-inner image-cover\" style=\"border-radius:100%;padding-top:100%;\">\n              <img decoding=\"async\" src=\"https:\/\/retura.no\/sor\/wp-content\/themes\/flatsome\/assets\/img\/missing.jpg\" \/>                         <\/div>\n          <\/div>\n         \n          <div class=\"box-text text-center\" >\n                <div class=\"box-text-inner\">\n                  <h4 class=\"uppercase\">\n                    <span class=\"person-name\">Mette Aagre Vik<\/span><br\/>\n                    <span class=\"person-title is-small thin-font op-7\">\n                      Regnskaps- og \u00f8konomiansvarlig                    <\/span>\n                  <\/h4>\n\t\t\t\t\t\r\n\r\n<p><i class=\"fas fa-phone red\"><\/i><a href=\"tel:+4797091605\">970 91 605<\/a><\/p>\r\n<p><i class=\"fas fa-envelope red\"><\/i><a href=\"mailto:mette.aagrevik@retura.no\">mette.aagrevik@retura.no<\/a><\/p>\r\n\r\n                <\/div>\n          <\/div>\n    <\/div>\n\n\t\n    \r\n\r\n\t\t<\/div>\n\t\t\t\t\t<\/div>\n\n\t\r\n\n\t<div id=\"col-1257099005\" class=\"col medium-6 small-12 large-4\"  >\n\t\t\t\t<div class=\"col-inner\"  >\n\t\t\t\n\t\t\t\r\n\r\n    <div class=\"box has-hover has-hover box-text-bottom\" >\n\n                  <div class=\"box-image \" style=\"width:80%;\">\n           <div class=\"box-image-inner image-cover\" style=\"border-radius:100%;padding-top:100%;\">\n              <img decoding=\"async\" src=\"https:\/\/retura.no\/sor\/wp-content\/themes\/flatsome\/assets\/img\/missing.jpg\" \/>                         <\/div>\n          <\/div>\n         \n          <div class=\"box-text text-center\" >\n                <div class=\"box-text-inner\">\n                  <h4 class=\"uppercase\">\n                    <span class=\"person-name\">Liv Standeren<\/span><br\/>\n                    <span class=\"person-title is-small thin-font op-7\">\n                      Kundekonsulent                    <\/span>\n                  <\/h4>\n\t\t\t\t\t\r\n\r\n<p><i class=\"fas fa-envelope red\"><\/i><a href=\"mailto:liv.standeren@retura.no\">liv.standeren@retura.no<\/a><\/p>\r\n\r\n                <\/div>\n          <\/div>\n    <\/div>\n\n\t\n    \r\n\r\n\t\t<\/div>\n\t\t\t\t\t<\/div>\n\n\t\r\n\r\n<\/div>\r\n\r\n\t\t<\/div>\n\n\t\t\n<style>\n#section_136429347 {\n  padding-top: 50px;\n  padding-bottom: 50px;\n  background-color: rgb(246, 246, 246);\n}\n@media (min-width:550px) {\n  #section_136429347 {\n    padding-top: 80px;\n    padding-bottom: 80px;\n  }\n}\n<\/style>\n\t<\/section>\n\t\r\n","protected":false},"excerpt":{"rendered":"","protected":false},"author":1,"featured_media":0,"parent":13,"menu_order":0,"comment_status":"closed","ping_status":"closed","template":"page-blank.php","meta":{"footnotes":""},"class_list":["post-15","page","type-page","status-publish","hentry"],"_links":{"self":[{"href":"https:\/\/retura.no\/sor\/wp-json\/wp\/v2\/pages\/15","targetHints":{"allow":["GET"]}}],"collection":[{"href":"https:\/\/retura.no\/sor\/wp-json\/wp\/v2\/pages"}],"about":[{"href":"https:\/\/retura.no\/sor\/wp-json\/wp\/v2\/types\/page"}],"author":[{"embeddable":true,"href":"https:\/\/retura.no\/sor\/wp-json\/wp\/v2\/users\/1"}],"replies":[{"embeddable":true,"href":"https:\/\/retura.no\/sor\/wp-json\/wp\/v2\/comments?post=15"}],"version-history":[{"count":12,"href":"https:\/\/retura.no\/sor\/wp-json\/wp\/v2\/pages\/15\/revisions"}],"predecessor-version":[{"id":842,"href":"https:\/\/retura.no\/sor\/wp-json\/wp\/v2\/pages\/15\/revisions\/842"}],"up":[{"embeddable":true,"href":"https:\/\/retura.no\/sor\/wp-json\/wp\/v2\/pages\/13"}],"wp:attachment":[{"href":"https:\/\/retura.no\/sor\/wp-json\/wp\/v2\/media?parent=15"}],"curies":[{"name":"wp","href":"https:\/\/api.w.org\/{rel}","templated":true}]}}