{"id":55,"date":"2019-01-28T15:40:14","date_gmt":"2019-01-28T14:40:14","guid":{"rendered":"https:\/\/retura.no\/senja\/?page_id=55"},"modified":"2019-01-28T15:42:30","modified_gmt":"2019-01-28T14:42:30","slug":"kontaktpersoner","status":"publish","type":"page","link":"https:\/\/retura.no\/senja\/om-senja-avfall-naering\/kontaktpersoner\/","title":{"rendered":"Kontaktpersoner"},"content":{"rendered":"\n\t<section class=\"section submenu\" id=\"section_479618615\">\n\t\t<div class=\"section-bg fill\" >\n\t\t\t\t\t\t\t\t\t\n\t\t\t\n\n\t\t<\/div>\n\n\t\t\n\n\t\t<div class=\"section-content relative\">\n\t\t\t\n<ul class=\"sidebar-wrapper ul-reset\"><div class=\"menu-om-senja-avfall-naering-container\"><ul id=\"menu-om-senja-avfall-naering\" class=\"menu\"><li id=\"menu-item-58\" class=\"menu-item menu-item-type-post_type menu-item-object-page menu-item-58\"><a href=\"https:\/\/retura.no\/senja\/om-senja-avfall-naering\/\">Om Senja Avfall N\u00e6ring<\/a><\/li>\n<li id=\"menu-item-59\" class=\"menu-item menu-item-type-post_type menu-item-object-page menu-item-59\"><a href=\"https:\/\/retura.no\/senja\/om-senja-avfall-naering\/kontaktpersoner\/\">Kontaktpersoner<\/a><\/li>\n<\/ul><\/div><\/ul>\n\t\t<\/div>\n\n\t\t\n<style>\n#section_479618615 {\n  padding-top: 30px;\n  padding-bottom: 30px;\n}\n<\/style>\n\t<\/section>\n\t\n\n\t<section class=\"section\" id=\"section_386017351\">\n\t\t<div class=\"section-bg fill\" >\n\t\t\t\t\t\t\t\t\t\n\t\t\t\n\n\t\t<\/div>\n\n\t\t\n\n\t\t<div class=\"section-content relative\">\n\t\t\t\n<div class=\"row\"  id=\"row-999840919\">\n\n\t<div id=\"col-158869253\" class=\"col small-12 large-12\"  >\n\t\t\t\t<div class=\"col-inner\"  >\n\t\t\t\n\t\t\t\n<h1>Kontaktpersoner<\/h1>\n<p><span style=\"font-size: 120%;\">Vi jobber for et milj\u00f8 i balanse<\/span><\/p>\n<p>Senja Avfall N\u00e6ring er en del av ReturaGruppen, som er en av landets st\u00f8rste avfallsakt\u00f8rer. Vi tilbyr et komplett tilbud av avfallstjenester, og har fokus p\u00e5 leveranse av fremtidsrettede og milj\u00f8riktige avfallsl\u00f8sninger. Med gr\u00f8nn konkurransekraft i fokus, skal vi v\u00e6re Troms\u00f8s ledende leverand\u00f8r av avfallstjenester til n\u00e6ringslivet. V\u00e5r lokalkunnskap danner grunnlaget for v\u00e5r verdiskaping.<\/p>\n\t\t<\/div>\n\t\t\t\t\t<\/div>\n\n\t\n\n<style>\n#row-999840919 > .col > .col-inner {\n  padding: 40px 0px 60px 0px;\n}\n@media (min-width:550px) {\n  #row-999840919 > .col > .col-inner {\n    padding: 0px 0px 60px 0px;\n  }\n}\n<\/style>\n<\/div>\n<div class=\"row row-large team-members no-img hide\"  id=\"row-515434507\">\n\n\t<div id=\"col-1338730408\" class=\"col medium-6 small-12 large-4\"  >\n\t\t\t\t<div class=\"col-inner\"  >\n\t\t\t\n\t\t\t\n    <div class=\"box has-hover has-hover box-text-bottom\" >\n\n                  <div class=\"box-image \" style=\"width:80%;\">\n           <div class=\"box-image-inner image-cover\" style=\"border-radius:100%;padding-top:100%;\">\n              <img decoding=\"async\" src=\"https:\/\/retura.no\/senja\/wp-content\/themes\/flatsome\/assets\/img\/missing.jpg\" \/>                         <\/div>\n          <\/div>\n         \n          <div class=\"box-text text-center\" >\n                <div class=\"box-text-inner\">\n                  <h4 class=\"uppercase\">\n                    <span class=\"person-name\">Stein \u00c5ge Kaspersen<\/span><br\/>\n                    <span class=\"person-title is-small thin-font op-7\">\n                      Daglig leder                    <\/span>\n                  <\/h4>\n\t\t\t\t\t\n<p><i class=\"fas fa-phone red\"><\/i><a href=\"tel:+4795 78 41 80\">95 78 41 80<\/a><\/p>\n<p><i class=\"fas fa-envelope red\"><\/i><a href=\"mailto:kaspers1@remiks.no\">kaspers1@remiks.no<\/a><\/p>\n                <\/div>\n          <\/div>\n    <\/div>\n\n\t\n    \n\t\t<\/div>\n\t\t\t\t\t<\/div>\n\n\t\n\n\t<div id=\"col-894391818\" class=\"col medium-6 small-12 large-4\"  >\n\t\t\t\t<div class=\"col-inner\"  >\n\t\t\t\n\t\t\t\n    <div class=\"box has-hover has-hover box-text-bottom\" >\n\n                  <div class=\"box-image \" style=\"width:80%;\">\n           <div class=\"box-image-inner image-cover\" style=\"border-radius:100%;padding-top:100%;\">\n              <img decoding=\"async\" src=\"https:\/\/retura.no\/senja\/wp-content\/themes\/flatsome\/assets\/img\/missing.jpg\" \/>                         <\/div>\n          <\/div>\n         \n          <div class=\"box-text text-center\" >\n                <div class=\"box-text-inner\">\n                  <h4 class=\"uppercase\">\n                    <span class=\"person-name\">Bengt \u00c5ge Lind<\/span><br\/>\n                    <span class=\"person-title is-small thin-font op-7\">\n                      Salgssjef                    <\/span>\n                  <\/h4>\n\t\t\t\t\t\n<p><i class=\"fas fa-phone red\"><\/i><a href=\"tel:+4794 80 48 65\">94 80 48 65<\/a><\/p>\n<p><i class=\"fas fa-envelope red\"><\/i><a href=\"mailto:bengt.lind@remiks.no\">bengt.lind@remiks.no<\/a><\/p>\n                <\/div>\n          <\/div>\n    <\/div>\n\n\t\n    \n\t\t<\/div>\n\t\t\t\t\t<\/div>\n\n\t\n<\/div>\n\t\t<\/div>\n\n\t\t\n<style>\n#section_386017351 {\n  padding-top: 50px;\n  padding-bottom: 50px;\n  background-color: rgb(246, 246, 246);\n}\n@media (min-width:550px) {\n  #section_386017351 {\n    padding-top: 80px;\n    padding-bottom: 80px;\n  }\n}\n<\/style>\n\t<\/section>\n\t\n","protected":false},"excerpt":{"rendered":"","protected":false},"author":1,"featured_media":0,"parent":42,"menu_order":0,"comment_status":"closed","ping_status":"closed","template":"page-blank.php","meta":{"footnotes":""},"class_list":["post-55","page","type-page","status-publish","hentry"],"_links":{"self":[{"href":"https:\/\/retura.no\/senja\/wp-json\/wp\/v2\/pages\/55","targetHints":{"allow":["GET"]}}],"collection":[{"href":"https:\/\/retura.no\/senja\/wp-json\/wp\/v2\/pages"}],"about":[{"href":"https:\/\/retura.no\/senja\/wp-json\/wp\/v2\/types\/page"}],"author":[{"embeddable":true,"href":"https:\/\/retura.no\/senja\/wp-json\/wp\/v2\/users\/1"}],"replies":[{"embeddable":true,"href":"https:\/\/retura.no\/senja\/wp-json\/wp\/v2\/comments?post=55"}],"version-history":[{"count":2,"href":"https:\/\/retura.no\/senja\/wp-json\/wp\/v2\/pages\/55\/revisions"}],"predecessor-version":[{"id":57,"href":"https:\/\/retura.no\/senja\/wp-json\/wp\/v2\/pages\/55\/revisions\/57"}],"up":[{"embeddable":true,"href":"https:\/\/retura.no\/senja\/wp-json\/wp\/v2\/pages\/42"}],"wp:attachment":[{"href":"https:\/\/retura.no\/senja\/wp-json\/wp\/v2\/media?parent=55"}],"curies":[{"name":"wp","href":"https:\/\/api.w.org\/{rel}","templated":true}]}}