{"id":42,"date":"2019-01-28T15:22:16","date_gmt":"2019-01-28T14:22:16","guid":{"rendered":"https:\/\/retura.no\/senja\/?page_id=42"},"modified":"2019-01-28T15:42:17","modified_gmt":"2019-01-28T14:42:17","slug":"om-senja-avfall-naering","status":"publish","type":"page","link":"https:\/\/retura.no\/senja\/om-senja-avfall-naering\/","title":{"rendered":"Om Senja Avfall N\u00e6ring"},"content":{"rendered":"\n\t<section class=\"section submenu\" id=\"section_128337936\">\n\t\t<div class=\"section-bg fill\" >\n\t\t\t\t\t\t\t\t\t\n\t\t\t\n\n\t\t<\/div>\n\n\t\t\n\n\t\t<div class=\"section-content relative\">\n\t\t\t\n<ul class=\"sidebar-wrapper ul-reset\"><div class=\"menu-om-senja-avfall-naering-container\"><ul id=\"menu-om-senja-avfall-naering\" class=\"menu\"><li id=\"menu-item-58\" class=\"menu-item menu-item-type-post_type menu-item-object-page menu-item-58\"><a href=\"https:\/\/retura.no\/senja\/om-senja-avfall-naering\/\">Om Senja Avfall N\u00e6ring<\/a><\/li>\n<li id=\"menu-item-59\" class=\"menu-item menu-item-type-post_type menu-item-object-page menu-item-59\"><a href=\"https:\/\/retura.no\/senja\/om-senja-avfall-naering\/kontaktpersoner\/\">Kontaktpersoner<\/a><\/li>\n<\/ul><\/div><\/ul>\n\t\t<\/div>\n\n\t\t\n<style>\n#section_128337936 {\n  padding-top: 30px;\n  padding-bottom: 30px;\n}\n<\/style>\n\t<\/section>\n\t\n\n\t<section class=\"section\" id=\"section_342991171\">\n\t\t<div class=\"section-bg fill\" >\n\t\t\t\t\t\t\t\t\t\n\t\t\t\n\n\t\t<\/div>\n\n\t\t\n\n\t\t<div class=\"section-content relative\">\n\t\t\t\n<div class=\"row\"  id=\"row-255556213\">\n\n\t<div id=\"col-1044725289\" class=\"col small-12 large-12\"  >\n\t\t\t\t<div class=\"col-inner\"  >\n\t\t\t\n\t\t\t\n<h1>Om Senja Avfall<\/h1>\n<p><span style=\"font-size: 120%;\">Senja Avfall \u2013 Beste avfallsl\u00f8sninger i Senja og omegn<\/span><\/p>\n<p>Senja Avfall er totalleverand\u00f8r av tjenester innen avfall og gjenvinning. For kunder som \u00f8nsker \u00e5 ta vare p\u00e5 milj\u00f8et og samtidig ha en \u00f8konomisk l\u00f8nnsom avfallsl\u00f8sning er vi det beste valget. Ut fra dine behov og \u00f8nsker skreddersyr vi den optimale l\u00f8sningen.<\/p>\n<p>Hver dag jobber vi for at v\u00e5r erfaring og spesialkompetanse skal komme til nytte for v\u00e5re kunder. Dette f\u00f8rer til at vi har mye kompetanse om alle ledd av avfallsbehandling. Innsamling og gjenvinning av alle typer avfall er v\u00e5rt spesialomr\u00e5de og vi har lang erfaring i \u00e5 drifte avfallsl\u00f8sninger for sm\u00e5 og store selskaper. Vi tar i mot alle typer avfall, fra alle slags kunder!<\/p>\n<p>Vi har et sterkt milj\u00f8fokus, og vi videreutvikler hele tiden v\u00e5re l\u00f8sninger for en enda enklere hverdag for v\u00e5re kunder. Sammen med kundene og samarbeidspartnerne v\u00e5re jobber vi for at mest mulig av avfallet skal komme til nytte i form av resirkulerte produkter.<\/p>\n<p>Velger du oss som din leverand\u00f8r av avfallstjenester kan du v\u00e6re trygg p\u00e5 at vi er bevisst p\u00e5 v\u00e5r rolle som en milj\u00f8ansvarlig bedrift, og vi kan garantere at vi arbeider kontinuerlig for at nettopp din bedrifts milj\u00f8avtrykk skal bli minst mulig. Vi er gjerne med p\u00e5 \u00e5 veilede og gi gode r\u00e5d til bedriften din slik at vi sammen kan s\u00f8rge for \u00e5 \u00f8ke sorteringsgraden og du kan n\u00e5 dine milj\u00f8m\u00e5l.<\/p>\n\t\t<\/div>\n\t\t\t\t\t<\/div>\n\n\t\n\n<style>\n#row-255556213 > .col > .col-inner {\n  padding: 40px 0px 0px 0px;\n}\n@media (min-width:550px) {\n  #row-255556213 > .col > .col-inner {\n    padding: 0px 0px 0px 0px;\n  }\n}\n<\/style>\n<\/div>\n\t\t<\/div>\n\n\t\t\n<style>\n#section_342991171 {\n  padding-top: 50px;\n  padding-bottom: 50px;\n  background-color: rgb(246, 246, 246);\n}\n@media (min-width:550px) {\n  #section_342991171 {\n    padding-top: 80px;\n    padding-bottom: 80px;\n  }\n}\n<\/style>\n\t<\/section>\n\t\n\n\t<section class=\"section\" id=\"section_454849414\">\n\t\t<div class=\"section-bg fill\" >\n\t\t\t<img loading=\"lazy\" decoding=\"async\" width=\"1500\" height=\"1000\" src=\"https:\/\/retura.no\/senja\/wp-content\/uploads\/sites\/20\/2019\/01\/Retura-lastebil_mann.jpg\" class=\"bg attachment-original size-original\" alt=\"\" \/>\t\t\t\t\t\t\n\t\t\t\n\n\t\t<\/div>\n\n\t\t\n\n\t\t<div class=\"section-content relative\">\n\t\t\t\n\t\t<\/div>\n\n\t\t\n<style>\n#section_454849414 {\n  padding-top: 30px;\n  padding-bottom: 30px;\n  min-height: 250px;\n}\n#section_454849414 .section-bg img {\n  object-position: 50% 60%;\n}\n@media (min-width:550px) {\n  #section_454849414 {\n    min-height: 500px;\n  }\n}\n<\/style>\n\t<\/section>\n\t\n","protected":false},"excerpt":{"rendered":"","protected":false},"author":1,"featured_media":0,"parent":0,"menu_order":0,"comment_status":"closed","ping_status":"closed","template":"page-blank.php","meta":{"footnotes":""},"class_list":["post-42","page","type-page","status-publish","hentry"],"_links":{"self":[{"href":"https:\/\/retura.no\/senja\/wp-json\/wp\/v2\/pages\/42","targetHints":{"allow":["GET"]}}],"collection":[{"href":"https:\/\/retura.no\/senja\/wp-json\/wp\/v2\/pages"}],"about":[{"href":"https:\/\/retura.no\/senja\/wp-json\/wp\/v2\/types\/page"}],"author":[{"embeddable":true,"href":"https:\/\/retura.no\/senja\/wp-json\/wp\/v2\/users\/1"}],"replies":[{"embeddable":true,"href":"https:\/\/retura.no\/senja\/wp-json\/wp\/v2\/comments?post=42"}],"version-history":[{"count":2,"href":"https:\/\/retura.no\/senja\/wp-json\/wp\/v2\/pages\/42\/revisions"}],"predecessor-version":[{"id":54,"href":"https:\/\/retura.no\/senja\/wp-json\/wp\/v2\/pages\/42\/revisions\/54"}],"wp:attachment":[{"href":"https:\/\/retura.no\/senja\/wp-json\/wp\/v2\/media?parent=42"}],"curies":[{"name":"wp","href":"https:\/\/api.w.org\/{rel}","templated":true}]}}