{"id":53,"date":"2018-11-26T20:55:47","date_gmt":"2018-11-26T19:55:47","guid":{"rendered":"https:\/\/retura.no\/nomil\/?page_id=53"},"modified":"2025-09-02T15:20:40","modified_gmt":"2025-09-02T13:20:40","slug":"personvern","status":"publish","type":"page","link":"https:\/\/retura.no\/nomil\/personvern\/","title":{"rendered":"Personvern"},"content":{"rendered":"\n\t<section class=\"section\" id=\"section_651616850\">\n\t\t<div class=\"section-bg fill\" >\n\t\t\t\t\t\t\t\t\t\n\t\t\t\n\n\t\t<\/div>\n\n\t\t\n\n\t\t<div class=\"section-content relative\">\n\t\t\t\n<div class=\"row a-bb\"  id=\"row-1900772920\">\n\n\t<div id=\"col-703081496\" class=\"col small-12 large-12\"  >\n\t\t\t\t<div class=\"col-inner\"  >\n\t\t\t\n\t\t\t\n<h1>Personvernerkl\u00e6ring<\/h1>\n<h3>Informasjonskapsler<\/h3>\n<p>Retura NoMil benytter seg av tredjeparts informasjonskapsler (cookies) fra Google Analytics\/AdWords og Facebook. Hensikten er \u00e5 hente statistikk og analyse av nettsiden. Opplysningene blir brukt av oss til \u00e5 forbedre nettstedet og for \u00e5 tilby de bes\u00f8kende en best mulig opplevelse. AdWords gj\u00f8r at vi kan m\u00e5lrette annonser mot de som har bes\u00f8kt siden v\u00e5r. Vi kan ikke spore dataene til enkeltpersoner.<\/p>\n<p>Dersom du ikke \u00f8nsker \u00e5 akseptere informasjonskapsler m\u00e5 du selv velge \u00e5 endre innstillingene i din nettleser. Merk at denne innstillingen kan f\u00f8re til at mange nettsteder ikke vil fungere som normalt. Anvisninger finnes her:\u00a0<a href=\"https:\/\/nettvett.no\/slik-administrer-du-informasjonskapsler\/\" target=\"_blank\" rel=\"noopener\">https:\/\/nettvett.no\/slik-administrer-du-informasjonskapsler\/<\/a><\/p>\n<p>Mer om Google AdWords bruk av informasjonskapsler og hvordan du kan melde deg ut:\u00a0<a href=\"https:\/\/www.google.com\/settings\/ads\" target=\"_blank\" rel=\"noopener\">https:\/\/www.google.com\/settings\/ads<\/a><\/p>\n<p>Mer om Facebook sin bruk av informasjonskapsler og hvordan du kan melde deg ut:\u00a0<a href=\"https:\/\/www.facebook.com\/policies\/cookies\/\" target=\"_blank\" rel=\"noopener\">https:\/\/www.facebook.com\/policies\/cookies\/<\/a><\/p>\n<p>P\u00e5 dette nettstedet har du mulighet til \u00e5 kontakte oss via skjema. Dersom du bruker skjema samtykker du til at opplysningene du fyller ut vil lagres i en e-post hos Retura. Opplysningene vil kun bli benyttet til \u00e5 svare deg p\u00e5 din henvendelse, og vil ikke bli delt med tredjepart.<\/p>\n\t\t<\/div>\n\t\t\t\t\t<\/div>\n\n\t\n<\/div>\n\t\t<\/div>\n\n\t\t\n<style>\n#section_651616850 {\n  padding-top: 50px;\n  padding-bottom: 50px;\n}\n@media (min-width:550px) {\n  #section_651616850 {\n    padding-top: 80px;\n    padding-bottom: 80px;\n  }\n}\n<\/style>\n\t<\/section>\n\t\n","protected":false},"excerpt":{"rendered":"","protected":false},"author":1,"featured_media":0,"parent":0,"menu_order":0,"comment_status":"closed","ping_status":"closed","template":"","meta":{"footnotes":""},"class_list":["post-53","page","type-page","status-publish","hentry"],"_links":{"self":[{"href":"https:\/\/retura.no\/nomil\/wp-json\/wp\/v2\/pages\/53","targetHints":{"allow":["GET"]}}],"collection":[{"href":"https:\/\/retura.no\/nomil\/wp-json\/wp\/v2\/pages"}],"about":[{"href":"https:\/\/retura.no\/nomil\/wp-json\/wp\/v2\/types\/page"}],"author":[{"embeddable":true,"href":"https:\/\/retura.no\/nomil\/wp-json\/wp\/v2\/users\/1"}],"replies":[{"embeddable":true,"href":"https:\/\/retura.no\/nomil\/wp-json\/wp\/v2\/comments?post=53"}],"version-history":[{"count":3,"href":"https:\/\/retura.no\/nomil\/wp-json\/wp\/v2\/pages\/53\/revisions"}],"predecessor-version":[{"id":560,"href":"https:\/\/retura.no\/nomil\/wp-json\/wp\/v2\/pages\/53\/revisions\/560"}],"wp:attachment":[{"href":"https:\/\/retura.no\/nomil\/wp-json\/wp\/v2\/media?parent=53"}],"curies":[{"name":"wp","href":"https:\/\/api.w.org\/{rel}","templated":true}]}}