{"id":36,"date":"2018-11-26T20:43:34","date_gmt":"2018-11-26T19:43:34","guid":{"rendered":"https:\/\/retura.no\/nomil\/?page_id=36"},"modified":"2018-11-26T22:56:26","modified_gmt":"2018-11-26T21:56:26","slug":"sertifiseringer","status":"publish","type":"page","link":"https:\/\/retura.no\/nomil\/om-retura-sogn-og-fjordane\/sertifiseringer\/","title":{"rendered":"Sertifiseringer"},"content":{"rendered":"\n\t<section class=\"section submenu\" id=\"section_1598601506\">\n\t\t<div class=\"section-bg fill\" >\n\t\t\t\t\t\t\t\t\t\n\t\t\t\n\n\t\t<\/div>\n\n\t\t\n\n\t\t<div class=\"section-content relative\">\n\t\t\t\n<ul class=\"sidebar-wrapper ul-reset\"><div class=\"menu-om-retura-nomil-container\"><ul id=\"menu-om-retura-nomil\" class=\"menu\"><li id=\"menu-item-45\" class=\"menu-item menu-item-type-post_type menu-item-object-page menu-item-45\"><a href=\"https:\/\/retura.no\/nomil\/om-retura-sogn-og-fjordane\/\">Om Retura Sogn og Fjordane<\/a><\/li>\n<li id=\"menu-item-46\" class=\"menu-item menu-item-type-post_type menu-item-object-page menu-item-46\"><a href=\"https:\/\/retura.no\/nomil\/om-retura-sogn-og-fjordane\/sertifiseringer\/\">Sertifiseringer<\/a><\/li>\n<li id=\"menu-item-47\" class=\"menu-item menu-item-type-post_type menu-item-object-page menu-item-47\"><a href=\"https:\/\/retura.no\/nomil\/om-retura-sogn-og-fjordane\/kontaktpersoner\/\">Kontaktpersoner<\/a><\/li>\n<\/ul><\/div><\/ul>\n\t\t<\/div>\n\n\t\t\n<style>\n#section_1598601506 {\n  padding-top: 30px;\n  padding-bottom: 30px;\n}\n<\/style>\n\t<\/section>\n\t\n\n\t<section class=\"section\" id=\"section_2082111468\">\n\t\t<div class=\"section-bg fill\" >\n\t\t\t\t\t\t\t\t\t\n\t\t\t\n\n\t\t<\/div>\n\n\t\t\n\n\t\t<div class=\"section-content relative\">\n\t\t\t\n<div class=\"row a-bb\"  id=\"row-91077514\">\n\n\t<div id=\"col-1758979292\" class=\"col small-12 large-12\"  >\n\t\t\t\t<div class=\"col-inner\"  >\n\t\t\t\n\t\t\t\n<h1>Sertifiseringer<\/h1>\n<p>Returas NoMils virksomhetsstyringssystem er sertifisert etter milj\u00f8standarden ISO 14001:2015 og kvalitetsstandarden ISO 9001:2015.<\/p>\n<p>Retura NoMil ble f\u00f8rste gang sertifisert iht kvalitet- og milj\u00f8standardene i 2002.\u00a0Nedenfor finner du linker til sertifikatene i pdf-format. Retura NoMil har valgt KIWA som sertifiseringsorgan for begge standardene.<\/p>\n<div class=\"gap-element\">\u00a0<\/div>\n<h4>Milj\u00f8 \u2013 ISO 14001:2015<\/h4>\n<p>V\u00e5rt milj\u00f8sertifikat viser at Retura NoMils milj\u00f8styringssystem er m\u00e5lt opp mot, og er i samsvar med en standard for god milj\u00f8ledelse KIWA som en uavhengig tredjepart f\u00f8lger opp at Retura NoMil arbeider aktivt for \u00e5 redusere bedriftens og v\u00e5re tjenesters milj\u00f8belastninger til et minimum.<\/p>\n<p><a href=\"https:\/\/nomil.retura.no\/wp-content\/uploads\/2018\/06\/Sertifikat.pdf\" target=\"_blank\" rel=\"noopener\">ISO 14001:2015<\/a><\/p>\n<div class=\"gap-element\">\u00a0<\/div>\n<h4>Kvalitet \u2013 ISO 9001:2015<\/h4>\n<p>V\u00e5rt sertifikat er en bekreftelse p\u00e5 at vi er sertifisert etter standarden for god kvalitetsstyring og at vi oppfyller standardens krav. Dette er en prosessorientert standard og legger vekt p\u00e5 kontinuerlig forbedring og tilfredse kunder.<\/p>\n<p><a href=\"https:\/\/nomil.retura.no\/wp-content\/uploads\/2018\/06\/Sertifikat.pdf\" target=\"_blank\" rel=\"noopener\">ISO 9001:2015<\/a><\/p>\n<div class=\"gap-element\">\u00a0<\/div>\n<h4>I tillegg er Retura NoMil sertifisert med f\u00f8lgende kvalifiseringsordninger<\/h4>\n<p>Sentralt godkjent foretak etter plan- og bygningsloven for utf\u00f8relse av riving og milj\u00f8sanering i tiltaksklasse 1:\u00a0<a href=\"https:\/\/nomil.retura.no\/wp-content\/uploads\/2018\/06\/Sentralt-godkjent-foretak-for-ansvarsrett.pdf\" target=\"_blank\" rel=\"noopener\">Sentralt godkjent foretak for ansvarsrett<\/a><br \/>Leverand\u00f8rregister for bygg og anlegg, forvaltning, forsikring og fast eiendom i Norge:\u00a0<a href=\"https:\/\/nomil.retura.no\/wp-content\/uploads\/2018\/06\/Registreingsbevis-StartBank.pdf\" target=\"_blank\" rel=\"noopener\">StartBANK<\/a><\/p>\n\t\t<\/div>\n\t\t\t\t\t<\/div>\n\n\t\n\n<style>\n#row-91077514 > .col > .col-inner {\n  padding: 40px 0px 0px 0px;\n}\n@media (min-width:550px) {\n  #row-91077514 > .col > .col-inner {\n    padding: 0px 0px 0px 0px;\n  }\n}\n<\/style>\n<\/div>\n\t\t<\/div>\n\n\t\t\n<style>\n#section_2082111468 {\n  padding-top: 50px;\n  padding-bottom: 50px;\n  background-color: rgb(246, 246, 246);\n}\n@media (min-width:550px) {\n  #section_2082111468 {\n    padding-top: 80px;\n    padding-bottom: 80px;\n  }\n}\n<\/style>\n\t<\/section>\n\t\n","protected":false},"excerpt":{"rendered":"","protected":false},"author":1,"featured_media":0,"parent":29,"menu_order":0,"comment_status":"closed","ping_status":"closed","template":"page-blank.php","meta":{"footnotes":""},"class_list":["post-36","page","type-page","status-publish","hentry"],"_links":{"self":[{"href":"https:\/\/retura.no\/nomil\/wp-json\/wp\/v2\/pages\/36","targetHints":{"allow":["GET"]}}],"collection":[{"href":"https:\/\/retura.no\/nomil\/wp-json\/wp\/v2\/pages"}],"about":[{"href":"https:\/\/retura.no\/nomil\/wp-json\/wp\/v2\/types\/page"}],"author":[{"embeddable":true,"href":"https:\/\/retura.no\/nomil\/wp-json\/wp\/v2\/users\/1"}],"replies":[{"embeddable":true,"href":"https:\/\/retura.no\/nomil\/wp-json\/wp\/v2\/comments?post=36"}],"version-history":[{"count":4,"href":"https:\/\/retura.no\/nomil\/wp-json\/wp\/v2\/pages\/36\/revisions"}],"predecessor-version":[{"id":76,"href":"https:\/\/retura.no\/nomil\/wp-json\/wp\/v2\/pages\/36\/revisions\/76"}],"up":[{"embeddable":true,"href":"https:\/\/retura.no\/nomil\/wp-json\/wp\/v2\/pages\/29"}],"wp:attachment":[{"href":"https:\/\/retura.no\/nomil\/wp-json\/wp\/v2\/media?parent=36"}],"curies":[{"name":"wp","href":"https:\/\/api.w.org\/{rel}","templated":true}]}}