{"id":86,"date":"2022-10-19T12:58:45","date_gmt":"2022-10-19T10:58:45","guid":{"rendered":"https:\/\/retura.no\/ir\/?page_id=86"},"modified":"2025-12-16T16:42:54","modified_gmt":"2025-12-16T15:42:54","slug":"om-retura-ir","status":"publish","type":"page","link":"https:\/\/retura.no\/ir\/om-retura-ir\/","title":{"rendered":"Om oss"},"content":{"rendered":"\n\t<section class=\"section submenu\" id=\"section_1736651538\">\n\t\t<div class=\"section-bg fill\" >\n\t\t\t\t\t\t\t\t\t\n\t\t\t\n\n\t\t<\/div>\n\n\t\t\n\n\t\t<div class=\"section-content relative\">\n\t\t\t\n<ul class=\"sidebar-wrapper ul-reset\"><\/ul>\n\t\t<\/div>\n\n\t\t\n<style>\n#section_1736651538 {\n  padding-top: 30px;\n  padding-bottom: 30px;\n}\n<\/style>\n\t<\/section>\n\t\n\n\t<section class=\"section\" id=\"section_2005392388\">\n\t\t<div class=\"section-bg fill\" >\n\t\t\t\t\t\t\t\t\t\n\t\t\t\n\n\t\t<\/div>\n\n\t\t\n\n\t\t<div class=\"section-content relative\">\n\t\t\t\n<div class=\"row\"  id=\"row-1094668852\">\n\n\t<div id=\"col-702496518\" class=\"col medium-7 small-12 large-7\"  >\n\t\t\t\t<div class=\"col-inner\"  >\n\t\t\t\n\t\t\t\n<h1>Om Retura IR<\/h1>\n<h4>Vi er sertifisert i henhold til ISO 9001 (Kvalitet) og ISO 14001 (Milj\u00f8) noe som sikrer milj\u00f8messige gode l\u00f8sninger med h\u00f8y kvalitet.<\/h4>\n<p>Retura IR AS ble etablert i 2003 og har siden etableringen vokst til \u00e5 v\u00e6re en sentral akt\u00f8r av avfallsh\u00e5ndtering, gjenvinning, transport og milj\u00f8kartlegging for n\u00e6ringslivet i Innherredsregionen.I tillegg til disse tjenestene for n\u00e6ringslivet tilbyr vi containerutleie, avfallstaxi og diverse andre tjenester til private. Selskapet eies av Innherred Renovasjon og har sitt virkeomr\u00e5de i 9 kommuner i Tr\u00f8ndelag.<\/p>\n<p>Vi er i dag 20 ansatte hvor de ansatte i bedriften har stor faglig kompetanse innen avfallsl\u00f8sninger, gjenvinning, biobrensel og r\u00e5dgivning. V\u00e5rt m\u00e5l er \u00e5 v\u00e6re ledende i v\u00e5rt omr\u00e5de og \u00e5 bidra til milj\u00f8riktige og effektive avfallsl\u00f8sninger til n\u00e6ringslivet. V\u00e5r administrasjon holder til p\u00e5 Mule i Levanger og mottaksanlegg for trevirke og behandlingsanlegg for biobrensel og produksjon av r\u00e5vare til materialgjenvinning er p\u00e5 Fiborgtangen N\u00e6ringspark p\u00e5 Skogn i Levanger.<\/p>\n<h4>\u00a0<\/h4>\n<h4>Milj\u00f8- og Kvalitetssertifikat:<\/h4>\n<p>Retura IR \u00f8nsker \u00e5 fremst\u00e5 som en milj\u00f8- og kvalitetsbevisst bedrift innen avfallsbehandling. Retura IR har derfor valgt \u00e5 v\u00e6re milj\u00f8sertifisert etter ISO 14001 og kvalitetssertifisert etter ISO 9001. Dette er styringsverkt\u00f8y som skal fremme bedriftens milj\u00f8prestasjoner og bidra til \u00f8kt kvalitet p\u00e5 tjenester og produkter til sine kunder og samarbeidspartnere.<\/p>\n<h4>\u00a0<\/h4>\n<h4><strong>Kvalitet- og milj\u00f8policy<\/strong><\/h4>\n<p><em>V\u00e5rt Engasjement for B\u00e6rekraft, Kvalitet og Milj\u00f8ansvar<\/em><\/p>\n<p>Retura IR AS forplikter seg til \u00e5 levere produkter og tjenester av h\u00f8y kvalitet samtidig som vi driver en sunn virksomhet preget av ansvar for v\u00e5re ansatte, samfunnet og milj\u00f8et. Vi forplikter oss til \u00e5 kontinuerlig overv\u00e5ke og oppfylle kundekrav for \u00e5 sikre h\u00f8y kundetilfredshet og levere produkter og tjenester av h\u00f8y kvalitet. Som et minimum vil vi alltid overholde lover, myndighetskrav, lokale milj\u00f8krav som gjelder for v\u00e5r virksomhet, og v\u00e5re interne krav. V\u00e5rt engasjement inkluderer en tydelig forpliktelse til \u00e5 oppfylle v\u00e5re samsvarsforpliktelser. Vi s\u00f8ker kontinuerlig forbedring av v\u00e5rt kvalitets- og milj\u00f8arbeid knyttet til v\u00e5re produkter og tjenester, med et spesielt fokus p\u00e5 beskyttelse av milj\u00f8et og b\u00e6rekraft, og vi streber etter \u00e5 v\u00e6re ledende innenfor v\u00e5r bransje.<\/p>\n<p>Vi forventer at alle v\u00e5re leverand\u00f8rer samarbeider med oss for \u00e5 oppfylle v\u00e5re kvalitets- og milj\u00f8messige ambisjoner. Krav til kvalitet og milj\u00f8 er en integrert del av avtalene vi inng\u00e5r.<\/p>\n<p>V\u00e5r organisasjon skal:<\/p>\n<ul>\n<li>I den grad det er \u00f8konomisk forsvarlig, prioritere kvalitet og milj\u00f8hensyn ved utviklingen av v\u00e5re produkter og tjenester, driftsprosesser og innkj\u00f8p av produkter og tjenester.<\/li>\n<li>Ha et bevisst forhold til milj\u00f8aspekter i utviklingen av v\u00e5re produkter og tjenester.<\/li>\n<li>Inkorporere kvalitets- og milj\u00f8krav i v\u00e5re avtaler og kontrakter.<\/li>\n<li>Arbeide proaktivt og f\u00f8lge utviklingen innenfor milj\u00f8omr\u00e5det for \u00e5 tilpasse v\u00e5re praksiser.<\/li>\n<li>Ta hensyn til ytre milj\u00f8 n\u00e5r vi vurderer nye produkter, tjenester og utstyr.<\/li>\n<li>Gjennom informasjon, holdningsskapende arbeid og inkludering, bidra til \u00e5 \u00f8ke kvalitets- og milj\u00f8bevisstheten blant v\u00e5re ansatte og interessenter.<\/li>\n<\/ul>\n<p>V\u00e5rt arbeid med kvalitet og milj\u00f8 vil inkludere oppfyllelse av eksterne og interne krav fra v\u00e5re interessenter og interesseparter.<\/p>\n<p><a href=\"https:\/\/retura.no\/ir\/kontaktskjema\/\">Kontakt oss<\/a> for en prat!<\/p>\n\t\t<\/div>\n\t\t\t\t\t<\/div>\n\n\t\n\n\t<div id=\"col-387106420\" class=\"col medium-5 small-12 large-5\"  >\n\t\t\t\t<div class=\"col-inner\"  >\n\t\t\t\n\t\t\t\n\t<div class=\"img has-hover x md-x lg-x y md-y lg-y\" id=\"image_986993430\">\n\t\t\t\t\t\t\t\t<div class=\"img-inner dark\" style=\"margin:0px 0px 50px 0px;\">\n\t\t\t<img loading=\"lazy\" decoding=\"async\" width=\"433\" height=\"404\" src=\"https:\/\/retura.no\/ir\/wp-content\/uploads\/sites\/12\/2025\/12\/Screenshot-2025-12-16-163323.png\" class=\"attachment-large size-large\" alt=\"\" srcset=\"https:\/\/retura.no\/ir\/wp-content\/uploads\/sites\/12\/2025\/12\/Screenshot-2025-12-16-163323.png 433w, https:\/\/retura.no\/ir\/wp-content\/uploads\/sites\/12\/2025\/12\/Screenshot-2025-12-16-163323-300x280.png 300w\" sizes=\"auto, (max-width: 433px) 100vw, 433px\" \/>\t\t\t\t\t\t\n\t\t\t\t\t<\/div>\n\t\t\t\t\t\t\t\t\n<style>\n#image_986993430 {\n  width: 100%;\n}\n<\/style>\n\t<\/div>\n\t\n\t<div class=\"img has-hover x md-x lg-x y md-y lg-y\" id=\"image_96236385\">\n\t\t\t\t\t\t\t\t<div class=\"img-inner dark\" style=\"margin:0px 0px 50px 0px;\">\n\t\t\t<img loading=\"lazy\" decoding=\"async\" width=\"768\" height=\"1024\" src=\"https:\/\/retura.no\/ir\/wp-content\/uploads\/sites\/12\/2025\/02\/image00006_1500-768x1024.jpg\" class=\"attachment-large size-large\" alt=\"\" srcset=\"https:\/\/retura.no\/ir\/wp-content\/uploads\/sites\/12\/2025\/02\/image00006_1500-768x1024.jpg 768w, https:\/\/retura.no\/ir\/wp-content\/uploads\/sites\/12\/2025\/02\/image00006_1500-225x300.jpg 225w, https:\/\/retura.no\/ir\/wp-content\/uploads\/sites\/12\/2025\/02\/image00006_1500-1152x1536.jpg 1152w, https:\/\/retura.no\/ir\/wp-content\/uploads\/sites\/12\/2025\/02\/image00006_1500.jpg 1500w\" sizes=\"auto, (max-width: 768px) 100vw, 768px\" \/>\t\t\t\t\t\t\n\t\t\t\t\t<\/div>\n\t\t\t\t\t\t\t\t\n<style>\n#image_96236385 {\n  width: 100%;\n}\n<\/style>\n\t<\/div>\n\t\n\t<div class=\"img has-hover x md-x lg-x y md-y lg-y\" id=\"image_553433850\">\n\t\t\t\t\t\t\t\t<div class=\"img-inner dark\" style=\"margin:0px 0px 50px 0px;\">\n\t\t\t<img loading=\"lazy\" decoding=\"async\" width=\"819\" height=\"1024\" src=\"https:\/\/retura.no\/ir\/wp-content\/uploads\/sites\/12\/2025\/11\/thumbnail_DSC09092-819x1024.jpg\" class=\"attachment-large size-large\" alt=\"\" srcset=\"https:\/\/retura.no\/ir\/wp-content\/uploads\/sites\/12\/2025\/11\/thumbnail_DSC09092-819x1024.jpg 819w, https:\/\/retura.no\/ir\/wp-content\/uploads\/sites\/12\/2025\/11\/thumbnail_DSC09092-240x300.jpg 240w, https:\/\/retura.no\/ir\/wp-content\/uploads\/sites\/12\/2025\/11\/thumbnail_DSC09092-768x960.jpg 768w, https:\/\/retura.no\/ir\/wp-content\/uploads\/sites\/12\/2025\/11\/thumbnail_DSC09092-1229x1536.jpg 1229w, https:\/\/retura.no\/ir\/wp-content\/uploads\/sites\/12\/2025\/11\/thumbnail_DSC09092.jpg 1265w\" sizes=\"auto, (max-width: 819px) 100vw, 819px\" \/>\t\t\t\t\t\t\n\t\t\t\t\t<\/div>\n\t\t\t\t\t\t\t\t\n<style>\n#image_553433850 {\n  width: 100%;\n}\n<\/style>\n\t<\/div>\n\t\n\t\t<\/div>\n\t\t\t\t\t<\/div>\n\n\t\n\n<style>\n#row-1094668852 > .col > .col-inner {\n  padding: 40px 0px 0px 0px;\n}\n@media (min-width:550px) {\n  #row-1094668852 > .col > .col-inner {\n    padding: 0px 0px 0px 0px;\n  }\n}\n<\/style>\n<\/div>\n\t\t<\/div>\n\n\t\t\n<style>\n#section_2005392388 {\n  padding-top: 50px;\n  padding-bottom: 50px;\n  background-color: rgb(246, 246, 246);\n}\n@media (min-width:550px) {\n  #section_2005392388 {\n    padding-top: 0px;\n    padding-bottom: 0px;\n  }\n}\n<\/style>\n\t<\/section>\n\t\n","protected":false},"excerpt":{"rendered":"","protected":false},"author":9,"featured_media":0,"parent":0,"menu_order":0,"comment_status":"closed","ping_status":"closed","template":"","meta":{"footnotes":""},"class_list":["post-86","page","type-page","status-publish","hentry"],"_links":{"self":[{"href":"https:\/\/retura.no\/ir\/wp-json\/wp\/v2\/pages\/86","targetHints":{"allow":["GET"]}}],"collection":[{"href":"https:\/\/retura.no\/ir\/wp-json\/wp\/v2\/pages"}],"about":[{"href":"https:\/\/retura.no\/ir\/wp-json\/wp\/v2\/types\/page"}],"author":[{"embeddable":true,"href":"https:\/\/retura.no\/ir\/wp-json\/wp\/v2\/users\/9"}],"replies":[{"embeddable":true,"href":"https:\/\/retura.no\/ir\/wp-json\/wp\/v2\/comments?post=86"}],"version-history":[{"count":15,"href":"https:\/\/retura.no\/ir\/wp-json\/wp\/v2\/pages\/86\/revisions"}],"predecessor-version":[{"id":1598,"href":"https:\/\/retura.no\/ir\/wp-json\/wp\/v2\/pages\/86\/revisions\/1598"}],"wp:attachment":[{"href":"https:\/\/retura.no\/ir\/wp-json\/wp\/v2\/media?parent=86"}],"curies":[{"name":"wp","href":"https:\/\/api.w.org\/{rel}","templated":true}]}}