{"id":524,"date":"2022-12-07T13:36:15","date_gmt":"2022-12-07T12:36:15","guid":{"rendered":"https:\/\/retura.no\/ir\/tjenester\/drift-copy\/"},"modified":"2025-12-16T17:25:06","modified_gmt":"2025-12-16T16:25:06","slug":"radgivning","status":"publish","type":"page","link":"https:\/\/retura.no\/ir\/tjenester\/radgivning\/","title":{"rendered":"R\u00e5dgivning"},"content":{"rendered":"\n\t<section class=\"section ie-section1 align-center\" id=\"section_344564982\">\n\t\t<div class=\"section-bg fill\" >\n\t\t\t<img loading=\"lazy\" decoding=\"async\" width=\"1920\" height=\"1280\" src=\"https:\/\/retura.no\/ir\/wp-content\/uploads\/sites\/12\/2025\/12\/Retura_Radgivning.jpg\" class=\"bg attachment-2048x2048 size-2048x2048\" alt=\"\" \/>\t\t\t\t\t\t\n\t\t\t\n\n\t\t<\/div>\n\n\t\t\n\n\t\t<div class=\"section-content relative\">\n\t\t\t\n<div class=\"row align-center\"  id=\"row-1065379212\">\n\n\t<div id=\"col-922690912\" class=\"col medium-12 small-12 large-12\"  >\n\t\t\t\t<div class=\"col-inner text-center\"  >\n\t\t\t\n\t\t\t\n\t\t<\/div>\n\t\t\t\t\t<\/div>\n\n\t\n\n<style>\n#row-1065379212 > .col > .col-inner {\n  padding: 0px 0px 0px 0px;\n}\n<\/style>\n<\/div>\n\t\t<\/div>\n\n\t\t\n<style>\n#section_344564982 {\n  padding-top: 30px;\n  padding-bottom: 30px;\n  min-height: 200px;\n}\n#section_344564982 .section-bg img {\n  object-position: 95% 51%;\n}\n@media (min-width:550px) {\n  #section_344564982 {\n    min-height: 350px;\n  }\n}\n@media (min-width:850px) {\n  #section_344564982 {\n    min-height: 400px;\n  }\n}\n<\/style>\n\t<\/section>\n\t\n\n\t<section class=\"section\" id=\"section_1899633712\">\n\t\t<div class=\"section-bg fill\" >\n\t\t\t\t\t\t\t\t\t\n\t\t\t\n\n\t\t<\/div>\n\n\t\t\n\n\t\t<div class=\"section-content relative\">\n\t\t\t\n<div class=\"row\"  id=\"row-375946521\">\n\n\t<div id=\"col-895118058\" class=\"col medium-8 small-12 large-8 col-divided\"  >\n\t\t\t\t<div class=\"col-inner\"  >\n\t\t\t\n\t\t\t\n<div class=\"container section-title-container\" ><h2 class=\"section-title section-title-normal\"><b><\/b><span class=\"section-title-main\" >R\u00e5dgivning<\/span><b><\/b><\/h2><\/div>\n<p>Vi sikrer v\u00e5re kunder de beste avfallsl\u00f8sningene ved \u00e5 kombinere v\u00e5r unike avfallskompetanse med solid lokalkunnskap. Avfallsh\u00e5ndtering krever spesialkunnskap. Vi gj\u00f8r et grundig forarbeid som sikrer b\u00e6rekraftige l\u00f8sninger, b\u00e5de \u00f8konomiske og praktiske. Vi hjelper til med kartlegging av bedriftens avfall og finner l\u00f8sninger som l\u00f8nner seg. Du sparer tid, plass og penger med smart avfallsh\u00e5ndtering.<\/p>\n<p>Det er en trygghet i \u00e5 vite at din avfallsl\u00f8sning tar hensyn til milj\u00f8et og tilfredsstiller myndighetenes krav. Med Retura p\u00e5 laget kan du stole p\u00e5 at avfallet er i trygge hender. Vi legger store ressurser i intern kompetanseutvikling, og er sertifisert i henhold til kvalitetsstandarden ISO 9001 og milj\u00f8ledelsesstandarden ISO 14001. Kort sagt, vi vet hvordan vi skal hjelpe deg og milj\u00f8et p\u00e5 beste m\u00e5te.<\/p>\n<p>Ring oss eller ta kontakt i dag!<\/p>\n\t<div id=\"gap-551052386\" class=\"gap-element clearfix\" style=\"display:block; height:auto;\">\n\t\t\n<style>\n#gap-551052386 {\n  padding-top: 30px;\n}\n<\/style>\n\t<\/div>\n\t\n<a href=\"https:\/\/retura.no\/ir\/kontaktskjema\/\" class=\"button primary\"  style=\"border-radius:99px;\">\n\t\t<span>Kontakt oss for en uforpliktende vurdering<\/span>\n\t<\/a>\n\n\t<div id=\"gap-458457251\" class=\"gap-element clearfix\" style=\"display:block; height:auto;\">\n\t\t\n<style>\n#gap-458457251 {\n  padding-top: 40px;\n}\n<\/style>\n\t<\/div>\n\t\n\t\t<\/div>\n\t\t\t\t\t<\/div>\n\n\t\n\n\t<div id=\"col-405384378\" class=\"col medium-4 small-12 large-4\"  >\n\t\t\t\t<div class=\"col-inner\"  >\n\t\t\t\n\t\t\t\n\t<div id=\"text-4087263667\" class=\"text\">\n\t\t\n\t\t\n<style>\n#text-4087263667 {\n  line-height: 1.05;\n}\n<\/style>\n\t<\/div>\n\t\n\t\t<\/div>\n\t\t\t\t\t<\/div>\n\n\t\n\n<style>\n#row-375946521 > .col > .col-inner {\n  padding: 40px 0px 0px 0px;\n}\n@media (min-width:550px) {\n  #row-375946521 > .col > .col-inner {\n    padding: 0px 0px 0px 0px;\n  }\n}\n<\/style>\n<\/div>\n\t\t<\/div>\n\n\t\t\n<style>\n#section_1899633712 {\n  padding-top: 50px;\n  padding-bottom: 50px;\n}\n@media (min-width:550px) {\n  #section_1899633712 {\n    padding-top: 30px;\n    padding-bottom: 30px;\n  }\n}\n<\/style>\n\t<\/section>\n\t\n","protected":false},"excerpt":{"rendered":"","protected":false},"author":12,"featured_media":0,"parent":71,"menu_order":0,"comment_status":"closed","ping_status":"closed","template":"page-blank.php","meta":{"footnotes":""},"class_list":["post-524","page","type-page","status-publish","hentry"],"_links":{"self":[{"href":"https:\/\/retura.no\/ir\/wp-json\/wp\/v2\/pages\/524","targetHints":{"allow":["GET"]}}],"collection":[{"href":"https:\/\/retura.no\/ir\/wp-json\/wp\/v2\/pages"}],"about":[{"href":"https:\/\/retura.no\/ir\/wp-json\/wp\/v2\/types\/page"}],"author":[{"embeddable":true,"href":"https:\/\/retura.no\/ir\/wp-json\/wp\/v2\/users\/12"}],"replies":[{"embeddable":true,"href":"https:\/\/retura.no\/ir\/wp-json\/wp\/v2\/comments?post=524"}],"version-history":[{"count":16,"href":"https:\/\/retura.no\/ir\/wp-json\/wp\/v2\/pages\/524\/revisions"}],"predecessor-version":[{"id":1606,"href":"https:\/\/retura.no\/ir\/wp-json\/wp\/v2\/pages\/524\/revisions\/1606"}],"up":[{"embeddable":true,"href":"https:\/\/retura.no\/ir\/wp-json\/wp\/v2\/pages\/71"}],"wp:attachment":[{"href":"https:\/\/retura.no\/ir\/wp-json\/wp\/v2\/media?parent=524"}],"curies":[{"name":"wp","href":"https:\/\/api.w.org\/{rel}","templated":true}]}}