{"id":515,"date":"2022-12-07T13:30:10","date_gmt":"2022-12-07T12:30:10","guid":{"rendered":"https:\/\/retura.no\/ir\/tjenester\/rapportering-copy\/"},"modified":"2025-12-16T15:08:37","modified_gmt":"2025-12-16T14:08:37","slug":"kontinuerlige-forbedringer","status":"publish","type":"page","link":"https:\/\/retura.no\/ir\/tjenester\/kontinuerlige-forbedringer\/","title":{"rendered":"Kontinuerlige forbedringer"},"content":{"rendered":"\n\t<section class=\"section ie-section1 align-center\" id=\"section_1056670847\">\n\t\t<div class=\"section-bg fill\" >\n\t\t\t<img loading=\"lazy\" decoding=\"async\" width=\"1536\" height=\"677\" src=\"https:\/\/retura.no\/ir\/wp-content\/uploads\/sites\/12\/2022\/12\/bg_homepage_3.jpg\" class=\"bg attachment-2048x2048 size-2048x2048\" alt=\"\" \/>\t\t\t\t\t\t\n\t\t\t\n\n\t\t<\/div>\n\n\t\t\n\n\t\t<div class=\"section-content relative\">\n\t\t\t\n\t\t<\/div>\n\n\t\t\n<style>\n#section_1056670847 {\n  padding-top: 30px;\n  padding-bottom: 30px;\n  min-height: 200px;\n}\n#section_1056670847 .section-bg img {\n  object-position: center;\n}\n@media (min-width:550px) {\n  #section_1056670847 {\n    min-height: 350px;\n  }\n}\n@media (min-width:850px) {\n  #section_1056670847 {\n    min-height: 400px;\n  }\n}\n<\/style>\n\t<\/section>\n\t\n\n\t<section class=\"section\" id=\"section_1732972007\">\n\t\t<div class=\"section-bg fill\" >\n\t\t\t\t\t\t\t\t\t\n\t\t\t\n\n\t\t<\/div>\n\n\t\t\n\n\t\t<div class=\"section-content relative\">\n\t\t\t\n<div class=\"row\"  id=\"row-1113614938\">\n\n\t<div id=\"col-1615238371\" class=\"col medium-8 small-12 large-7 col-divided\"  >\n\t\t\t\t<div class=\"col-inner\"  >\n\t\t\t\n\t\t\t\n<h3>Kontinuerlige forbedringer<\/h3>\n<p>Fra avfall til gjenvinning og b\u00e6rekraft \u2013 over hele landet \u2013 med full oppmerksomhet p\u00e5 kontinuerlige forbedringer.<\/p>\n<p>Vi har en solid metodikk som sikrer kontinuerlige forbedringer av v\u00e5re tjenester. Dette inneb\u00e6rer blant annet:<\/p>\n<ul>\n<li>Reduksjon av avfallskostnader for kunden.<\/li>\n<li>Reduksjon av antall transporter.<\/li>\n<li>Korrekt utstyr og merking i henhold til avfallsmengder per fraksjon.<\/li>\n<li>\u00d8kt kildesortering.<\/li>\n<li>Vi tilbyr alltid avfallsutstyr som bidrar til f\u00e6rrest mulig t\u00f8mminger.<\/li>\n<\/ul>\n<p>Vi mener suksessfaktoren for \u00e5 oppn\u00e5 optimale avfallsl\u00f8sninger ligger i tett dialog sentralt, gode og systematiske analyser, samt god lokal oppf\u00f8lging med hver enkelt kunde.<\/p>\n<p>Vil du ha en avfallsl\u00f8sning som blir bedre over tid? Vi hjelper deg hele veien.<\/p>\n\t<div id=\"gap-953594360\" class=\"gap-element clearfix\" style=\"display:block; height:auto;\">\n\t\t\n<style>\n#gap-953594360 {\n  padding-top: 30px;\n}\n<\/style>\n\t<\/div>\n\t\n<a href=\"\/ir\/kontaktskjema\/\" class=\"button secondary\"  style=\"border-radius:99px;\">\n\t\t<span>Start optimaliseringen n\u00e5!<\/span>\n\t<\/a>\n\n\t\t<\/div>\n\t\t\t\t\t<\/div>\n\n\t\n\n\t<div id=\"col-1205235405\" class=\"col medium-4 small-12 large-5\"  >\n\t\t\t\t<div class=\"col-inner\"  >\n\t\t\t\n\t\t\t\n\t<div class=\"img has-hover x md-x lg-x y md-y lg-y\" id=\"image_1254624321\">\n\t\t\t\t\t\t\t\t<div class=\"img-inner dark\" >\n\t\t\t<img decoding=\"async\" src=\"http:\/\/XXXX\" alt=\"\"\/>\t\t\t\t\t\t\n\t\t\t\t\t<\/div>\n\t\t\t\t\t\t\t\t\n<style>\n#image_1254624321 {\n  width: 100%;\n}\n<\/style>\n\t<\/div>\n\t\n\t<div class=\"img has-hover x md-x lg-x y md-y lg-y\" id=\"image_1122075644\">\n\t\t\t\t\t\t\t\t<div class=\"img-inner dark\" >\n\t\t\t<img loading=\"lazy\" decoding=\"async\" width=\"407\" height=\"417\" src=\"https:\/\/retura.no\/ir\/wp-content\/uploads\/sites\/12\/2025\/12\/circle.png\" class=\"attachment-large size-large\" alt=\"\" srcset=\"https:\/\/retura.no\/ir\/wp-content\/uploads\/sites\/12\/2025\/12\/circle.png 407w, https:\/\/retura.no\/ir\/wp-content\/uploads\/sites\/12\/2025\/12\/circle-293x300.png 293w\" sizes=\"auto, (max-width: 407px) 100vw, 407px\" \/>\t\t\t\t\t\t\n\t\t\t\t\t<\/div>\n\t\t\t\t\t\t\t\t\n<style>\n#image_1122075644 {\n  width: 100%;\n}\n<\/style>\n\t<\/div>\n\t\n\t\t<\/div>\n\t\t\t\t\t<\/div>\n\n\t\n\n<style>\n#row-1113614938 > .col > .col-inner {\n  padding: 40px 0px 0px 0px;\n}\n@media (min-width:550px) {\n  #row-1113614938 > .col > .col-inner {\n    padding: 0px 0px 0px 0px;\n  }\n}\n<\/style>\n<\/div>\n\t\t<\/div>\n\n\t\t\n<style>\n#section_1732972007 {\n  padding-top: 50px;\n  padding-bottom: 50px;\n  background-color: rgb(246, 246, 246);\n}\n@media (min-width:550px) {\n  #section_1732972007 {\n    padding-top: 80px;\n    padding-bottom: 80px;\n  }\n}\n<\/style>\n\t<\/section>\n\t\n","protected":false},"excerpt":{"rendered":"","protected":false},"author":12,"featured_media":0,"parent":71,"menu_order":0,"comment_status":"closed","ping_status":"closed","template":"page-blank.php","meta":{"footnotes":""},"class_list":["post-515","page","type-page","status-publish","hentry"],"_links":{"self":[{"href":"https:\/\/retura.no\/ir\/wp-json\/wp\/v2\/pages\/515","targetHints":{"allow":["GET"]}}],"collection":[{"href":"https:\/\/retura.no\/ir\/wp-json\/wp\/v2\/pages"}],"about":[{"href":"https:\/\/retura.no\/ir\/wp-json\/wp\/v2\/types\/page"}],"author":[{"embeddable":true,"href":"https:\/\/retura.no\/ir\/wp-json\/wp\/v2\/users\/12"}],"replies":[{"embeddable":true,"href":"https:\/\/retura.no\/ir\/wp-json\/wp\/v2\/comments?post=515"}],"version-history":[{"count":6,"href":"https:\/\/retura.no\/ir\/wp-json\/wp\/v2\/pages\/515\/revisions"}],"predecessor-version":[{"id":1593,"href":"https:\/\/retura.no\/ir\/wp-json\/wp\/v2\/pages\/515\/revisions\/1593"}],"up":[{"embeddable":true,"href":"https:\/\/retura.no\/ir\/wp-json\/wp\/v2\/pages\/71"}],"wp:attachment":[{"href":"https:\/\/retura.no\/ir\/wp-json\/wp\/v2\/media?parent=515"}],"curies":[{"name":"wp","href":"https:\/\/api.w.org\/{rel}","templated":true}]}}