{"id":513,"date":"2022-12-07T13:29:32","date_gmt":"2022-12-07T12:29:32","guid":{"rendered":"https:\/\/retura.no\/ir\/tjenester\/drift-copy\/"},"modified":"2026-01-20T16:12:31","modified_gmt":"2026-01-20T15:12:31","slug":"rapportering","status":"publish","type":"page","link":"https:\/\/retura.no\/ir\/tjenester\/rapportering\/","title":{"rendered":"Rapportering"},"content":{"rendered":"\n\t<section class=\"section ie-section1 align-center\" id=\"section_23315670\">\n\t\t<div class=\"section-bg fill\" >\n\t\t\t<img loading=\"lazy\" decoding=\"async\" width=\"2048\" height=\"1173\" src=\"https:\/\/retura.no\/ir\/wp-content\/uploads\/sites\/12\/2025\/12\/photo-1542601906990-b4d3fb778b09-2048x1173.jpg\" class=\"bg attachment-2048x2048 size-2048x2048\" alt=\"\" \/>\t\t\t\t\t\t\n\t\t\t\n\n\t\t<\/div>\n\n\t\t\n\n\t\t<div class=\"section-content relative\">\n\t\t\t\n<div class=\"row align-center\"  id=\"row-584001385\">\n\n\t<div id=\"col-1467856282\" class=\"col medium-12 small-12 large-12\"  >\n\t\t\t\t<div class=\"col-inner text-center\"  >\n\t\t\t\n\t\t\t\n\t<div id=\"text-820618265\" class=\"text\">\n\t\t\n\t\t\n<style>\n#text-820618265 {\n  font-size: 1.75rem;\n  text-align: center;\n}\n<\/style>\n\t<\/div>\n\t\n\t\t<\/div>\n\t\t\t\t\t<\/div>\n\n\t\n\n<style>\n#row-584001385 > .col > .col-inner {\n  padding: 0px 0px 0px 0px;\n}\n<\/style>\n<\/div>\n\t\t<\/div>\n\n\t\t\n<style>\n#section_23315670 {\n  padding-top: 30px;\n  padding-bottom: 30px;\n  min-height: 200px;\n}\n#section_23315670 .section-bg img {\n  object-position: 100% 56%;\n}\n@media (min-width:550px) {\n  #section_23315670 {\n    min-height: 350px;\n  }\n}\n@media (min-width:850px) {\n  #section_23315670 {\n    min-height: 400px;\n  }\n}\n<\/style>\n\t<\/section>\n\t\n\n\t<section class=\"section\" id=\"section_1593281392\">\n\t\t<div class=\"section-bg fill\" >\n\t\t\t\t\t\t\t\t\t\n\t\t\t\n\n\t\t<\/div>\n\n\t\t\n\n\t\t<div class=\"section-content relative\">\n\t\t\t\n<div class=\"row\"  id=\"row-1213359495\">\n\n\t<div id=\"col-379052649\" class=\"col medium-8 small-12 large-6 col-divided\"  >\n\t\t\t\t<div class=\"col-inner\"  >\n\t\t\t\n\t\t\t\n<div class=\"container section-title-container\" style=\"margin-top:-36px;\"><h2 class=\"section-title section-title-normal\"><b><\/b><span class=\"section-title-main\" >Milj\u00f8rapportering<\/span><b><\/b><\/h2><\/div>\n<p>Dine rapporter finner du p\u00e5 v\u00e5rt webbaserte milj\u00f8regnskap. Du f\u00e5r full kontroll p\u00e5 innsamlede avfallsmengder og kostnader.<\/p>\n<p>Vi utstyrer deg med egen p\u00e5loggingsinformasjon og du kan enkelt og greit laste ned dine rapporter, n\u00e5r og hvor det passer deg.<\/p>\n<p>Mangler du tilgang? Ta kontakt med oss p\u00e5 <a href=\"mailto:ir-post@retura.no\">ir-post@retura.no<\/a><\/p>\n<p><strong>Alt p\u00e5 ett sted. Alltid oppdatert.<\/strong> Milj\u00f8regnskapet gir deg trygghet og oversikt.<\/p>\n\t<div id=\"gap-927663648\" class=\"gap-element clearfix\" style=\"display:block; height:auto;\">\n\t\t\n<style>\n#gap-927663648 {\n  padding-top: 30px;\n}\n<\/style>\n\t<\/div>\n\t\n<a href=\"\/ir\/kontaktskjema\/\" class=\"button primary\"  style=\"border-radius:99px;\">\n\t\t<span>Kontakt oss for tilgang!<\/span>\n\t<\/a>\n\n\t<div id=\"gap-528185190\" class=\"gap-element clearfix\" style=\"display:block; height:auto;\">\n\t\t\n<style>\n#gap-528185190 {\n  padding-top: 40px;\n}\n<\/style>\n\t<\/div>\n\t\n\t\t<\/div>\n\t\t\t\t\t<\/div>\n\n\t\n\n\t<div id=\"col-167741939\" class=\"col medium-4 small-12 large-6\"  >\n\t\t\t\t<div class=\"col-inner\"  >\n\t\t\t\n\t\t\t\n<p>\u00a0<\/p>\n<h4>Fordeler med milj\u00f8regnskap<\/h4>\n<ul>\n<li>Du kan enkelt m\u00e5le bedriftens m\u00e5lsettinger opp mot de faktiske resultatene med v\u00e5rt rapporteringssystem.<\/li>\n<li>Rapportene viser hva slags avfall som er innsamlet, mengder, kostnader og sorteringsgrad.<\/li>\n<li>Du f\u00e5r ogs\u00e5 grundig dokumentasjon som vil tilfredsstille myndighetenes krav.<\/li>\n<li>Milj\u00f8rapporteringen gir deg et godt hjelpemiddel i forbindelse med internkontroll, HMS-arbeid, b\u00e6rekraftsrapportering (GRI) og milj\u00f8sertifiseringer.<\/li>\n<li>Rapporteringen kan tilpasses bedriftens enkelte avdelinger eller prosjekt.<\/li>\n<li>Det geniale er at alt som omfatter bedriftens avfall blir samlet p\u00e5 ett sted.<\/li>\n<\/ul>\n\t\t<\/div>\n\t\t\t\t\t<\/div>\n\n\t\n\n<style>\n#row-1213359495 > .col > .col-inner {\n  padding: 40px 0px 0px 0px;\n}\n@media (min-width:550px) {\n  #row-1213359495 > .col > .col-inner {\n    padding: 0px 0px 0px 0px;\n  }\n}\n<\/style>\n<\/div>\n<div class=\"row\"  id=\"row-1320836776\">\n\n\t<div id=\"col-424461203\" class=\"col large-12\"  >\n\t\t\t\t<div class=\"col-inner\"  >\n\t\t\t\n\t\t\t\n\t<div id=\"gap-1570257578\" class=\"gap-element clearfix\" style=\"display:block; height:auto;\">\n\t\t\n<style>\n#gap-1570257578 {\n  padding-top: 20px;\n}\n<\/style>\n\t<\/div>\n\t\n\t\t<\/div>\n\t\t\t\t\t<\/div>\n\n\t\n<\/div>\n\t\t<\/div>\n\n\t\t\n<style>\n#section_1593281392 {\n  padding-top: 50px;\n  padding-bottom: 50px;\n  background-color: rgb(246, 246, 246);\n}\n@media (min-width:550px) {\n  #section_1593281392 {\n    padding-top: 80px;\n    padding-bottom: 80px;\n  }\n}\n<\/style>\n\t<\/section>\n\t\n","protected":false},"excerpt":{"rendered":"","protected":false},"author":12,"featured_media":0,"parent":71,"menu_order":0,"comment_status":"closed","ping_status":"closed","template":"page-blank.php","meta":{"footnotes":""},"class_list":["post-513","page","type-page","status-publish","hentry"],"_links":{"self":[{"href":"https:\/\/retura.no\/ir\/wp-json\/wp\/v2\/pages\/513","targetHints":{"allow":["GET"]}}],"collection":[{"href":"https:\/\/retura.no\/ir\/wp-json\/wp\/v2\/pages"}],"about":[{"href":"https:\/\/retura.no\/ir\/wp-json\/wp\/v2\/types\/page"}],"author":[{"embeddable":true,"href":"https:\/\/retura.no\/ir\/wp-json\/wp\/v2\/users\/12"}],"replies":[{"embeddable":true,"href":"https:\/\/retura.no\/ir\/wp-json\/wp\/v2\/comments?post=513"}],"version-history":[{"count":8,"href":"https:\/\/retura.no\/ir\/wp-json\/wp\/v2\/pages\/513\/revisions"}],"predecessor-version":[{"id":1634,"href":"https:\/\/retura.no\/ir\/wp-json\/wp\/v2\/pages\/513\/revisions\/1634"}],"up":[{"embeddable":true,"href":"https:\/\/retura.no\/ir\/wp-json\/wp\/v2\/pages\/71"}],"wp:attachment":[{"href":"https:\/\/retura.no\/ir\/wp-json\/wp\/v2\/media?parent=513"}],"curies":[{"name":"wp","href":"https:\/\/api.w.org\/{rel}","templated":true}]}}