{"id":511,"date":"2022-12-07T13:28:38","date_gmt":"2022-12-07T12:28:38","guid":{"rendered":"https:\/\/retura.no\/ir\/tjenester-copy\/"},"modified":"2025-12-16T17:30:37","modified_gmt":"2025-12-16T16:30:37","slug":"drift","status":"publish","type":"page","link":"https:\/\/retura.no\/ir\/tjenester\/drift\/","title":{"rendered":"Drift"},"content":{"rendered":"\n\t<section class=\"section ie-section1 align-center\" id=\"section_1382085001\">\n\t\t<div class=\"section-bg fill\" >\n\t\t\t<img loading=\"lazy\" decoding=\"async\" width=\"1920\" height=\"900\" src=\"https:\/\/retura.no\/ir\/wp-content\/uploads\/sites\/12\/2025\/11\/thumbnail_DJI_20250813153205_0157_D-e1764579276217.jpg\" class=\"bg attachment-2048x2048 size-2048x2048\" alt=\"\" \/>\t\t\t\t\t\t\n\t\t\t\n\n\t\t<\/div>\n\n\t\t\n\n\t\t<div class=\"section-content relative\">\n\t\t\t\n\t\t<\/div>\n\n\t\t\n<style>\n#section_1382085001 {\n  padding-top: 30px;\n  padding-bottom: 30px;\n  min-height: 200px;\n}\n#section_1382085001 .section-bg img {\n  object-position: 4% 93%;\n}\n@media (min-width:550px) {\n  #section_1382085001 {\n    min-height: 350px;\n  }\n}\n@media (min-width:850px) {\n  #section_1382085001 {\n    min-height: 400px;\n  }\n}\n<\/style>\n\t<\/section>\n\t\n\n\t<section class=\"section overlap-box\" id=\"section_1425229993\">\n\t\t<div class=\"section-bg fill\" >\n\t\t\t\t\t\t\t\t\t\n\t\t\t\n\n\t\t<\/div>\n\n\t\t\n\n\t\t<div class=\"section-content relative\">\n\t\t\t\n  <div class=\"banner-grid-wrapper\">\n  <div id=\"banner-grid-532819862\" class=\"banner-grid row row-grid\" data-packery-options=\"\">\n                      \n<div class=\"col grid-col large-7 grid-col-1\" ><div class=\"col-inner\">\n\n  <div class=\"banner has-hover\" id=\"banner-1761250482\">\n          <div class=\"banner-inner fill\">\n        <div class=\"banner-bg fill\" >\n                                                \n                    <\/div>\n\t\t\n        <div class=\"banner-layers container\">\n            <div class=\"fill banner-link\"><\/div>            \n   <div id=\"text-box-146013429\" class=\"text-box banner-layer x50 md-x50 lg-x50 y50 md-y50 lg-y50 res-text\">\n                                <div class=\"text-box-content text dark\">\n              \n              <div class=\"text-inner text-left\">\n                  \n<div class=\"container section-title-container\" ><h2 class=\"section-title section-title-normal\"><b><\/b><span class=\"section-title-main\" style=\"color:rgb(88, 99, 106);\">Drift<\/span><b><\/b><\/h2><\/div>\n\t<div id=\"text-3360848403\" class=\"text\">\n\t\t\n<p>Retura jobber etter avfallspyramiden. V\u00e5rt hovedfokus er at avfallet sorteres slik at det aller meste kan materialgjenvinnes.<br \/>\nVi samler inn og leverer avfall til v\u00e5re godkjente avfallsmottak. Usortert avfall som kommer inn p\u00e5 v\u00e5re anlegg, vil gjennomg\u00e5 en ytterligere sortering som sikrer en h\u00f8y grad av materialgjenvinning. Vi s\u00f8rger alltid for hensiktsmessige oppsamlingsenheter p\u00e5 returpunkter og milj\u00f8stasjoner, tilpasset type avfallsfraksjon og mengde. Vi s\u00f8rger for synlig og tydelig merking av oppsamlingsenhetene. P\u00e5 den m\u00e5ten bidrar vi til at brukeren sorterer riktig.<br \/>\n I tillegg tilbyr vi ulike former for informasjonsmateriell tilpasset kundens behov og krav. I Retura har transportoptimalisering h\u00f8y prioritet. V\u00e5re avfallsl\u00f8sninger skal medf\u00f8re f\u00e6rrest mulig transporter. Vi fornyer bilparken v\u00e5r kontinuerlig for \u00e5 tilfredsstille alle milj\u00f8krav i henhold til milj\u00f8belastning og milj\u00f8m\u00e5l. Dette gjelder blant annet bruk av fornybare drivstoffalternativer, bruk av st\u00f8ysvake biler og bruk av partikkelfilter. V\u00e5re analyser og rapporter gir regelmessige tilbakemeldinger om status og tiltak for \u00e5 sikre kostnadseffektive og milj\u00f8riktige avfallsl\u00f8sninger.<br \/>\nService og veiledning er s\u00e6rdeles viktig for oss. Sammen med v\u00e5re kunder vil vi skape kostnadsbesparelser og merverdier gjennom utveksling av ideer, erfaring og kompetanse. Kundene blir betjent sentralt av kundeansvarlig og lokalt gjennom v\u00e5re landsdekkende selskaper. F\u00e5 full kontroll p\u00e5 milj\u00f8 og rapportering \u2013 ta kontakt i dag!<\/p>\n\t\t\n<style>\n#text-3360848403 {\n  font-size: 1rem;\n  color: rgb(0, 0, 0);\n}\n#text-3360848403 > * {\n  color: rgb(0, 0, 0);\n}\n<\/style>\n\t<\/div>\n\t\n<a href=\"https:\/\/retura.no\/ir\/kontaktskjema\/\" class=\"button primary\"  >\n\t\t<span>Ta kontakt<\/span>\n\t<\/a>\n\n              <\/div>\n           <\/div>\n                            \n<style>\n#text-box-146013429 {\n  margin: 0px 0px 0px 0px;\n  width: 60%;\n}\n#text-box-146013429 .text-inner {\n  padding: 0px 0px 0px 0px;\n}\n#text-box-146013429 .text-box-content {\n  font-size: 121%;\n}\n@media (min-width:550px) {\n  #text-box-146013429 {\n    width: 96%;\n  }\n}\n<\/style>\n    <\/div>\n \n        <\/div>\n      <\/div>\n\n            \n<style>\n#banner-1761250482 {\n  padding-top: 565.89px;\n  background-color: rgb(255,255,255);\n}\n<\/style>\n  <\/div>\n\n\n<\/div><\/div>\n<div class=\"col grid-col large-5 grid-col-1-2\" ><div class=\"col-inner\">\n\t<div class=\"img has-hover x md-x lg-x y md-y lg-y\" id=\"image_713771317\">\n\t\t\t\t\t\t\t\t<div class=\"img-inner dark\" style=\"margin:0px 0px 0px 0px;\">\n\t\t\t<img loading=\"lazy\" decoding=\"async\" width=\"535\" height=\"328\" src=\"https:\/\/retura.no\/ir\/wp-content\/uploads\/sites\/12\/2025\/11\/image2.png\" class=\"attachment-original size-original\" alt=\"\" srcset=\"https:\/\/retura.no\/ir\/wp-content\/uploads\/sites\/12\/2025\/11\/image2.png 535w, https:\/\/retura.no\/ir\/wp-content\/uploads\/sites\/12\/2025\/11\/image2-300x184.png 300w\" sizes=\"auto, (max-width: 535px) 100vw, 535px\" \/>\t\t\t\t\t\t\n\t\t\t\t\t<\/div>\n\t\t\t\t\t\t\t\t\n<style>\n#image_713771317 {\n  width: 100%;\n}\n<\/style>\n\t<\/div>\n\t\n<\/div><\/div>\n            <\/div>\n    <style>\n    #banner-grid-532819862 .grid-col-1{height: 599px}\n    #banner-grid-532819862 .grid-col-1-2{height: 299.5px}\n    #banner-grid-532819862 .grid-col-1-3{height:199.66666666667px}\n    #banner-grid-532819862 .grid-col-2-3{height: 399.33333333333px}\n    #banner-grid-532819862 .grid-col-1-4{height: 149.75px}\n    #banner-grid-532819862 .grid-col-3-4{height: 449.25px}\n\n\n    \n    \n\n  <\/style>\n    <\/div>\n  \n\t\t<\/div>\n\n\t\t\n<style>\n#section_1425229993 {\n  padding-top: 40px 0px 40px 0px;\n  padding-bottom: 40px 0px 40px 0px;\n  background-color: #ffffff;\n}\n<\/style>\n\t<\/section>\n\t\n\t<div id=\"gap-643875899\" class=\"gap-element clearfix\" style=\"display:block; height:auto;\">\n\t\t\n<style>\n#gap-643875899 {\n  padding-top: 50px;\n}\n<\/style>\n\t<\/div>\n\t\n","protected":false},"excerpt":{"rendered":"","protected":false},"author":12,"featured_media":0,"parent":71,"menu_order":0,"comment_status":"closed","ping_status":"closed","template":"page-blank.php","meta":{"footnotes":""},"class_list":["post-511","page","type-page","status-publish","hentry"],"_links":{"self":[{"href":"https:\/\/retura.no\/ir\/wp-json\/wp\/v2\/pages\/511","targetHints":{"allow":["GET"]}}],"collection":[{"href":"https:\/\/retura.no\/ir\/wp-json\/wp\/v2\/pages"}],"about":[{"href":"https:\/\/retura.no\/ir\/wp-json\/wp\/v2\/types\/page"}],"author":[{"embeddable":true,"href":"https:\/\/retura.no\/ir\/wp-json\/wp\/v2\/users\/12"}],"replies":[{"embeddable":true,"href":"https:\/\/retura.no\/ir\/wp-json\/wp\/v2\/comments?post=511"}],"version-history":[{"count":22,"href":"https:\/\/retura.no\/ir\/wp-json\/wp\/v2\/pages\/511\/revisions"}],"predecessor-version":[{"id":1607,"href":"https:\/\/retura.no\/ir\/wp-json\/wp\/v2\/pages\/511\/revisions\/1607"}],"up":[{"embeddable":true,"href":"https:\/\/retura.no\/ir\/wp-json\/wp\/v2\/pages\/71"}],"wp:attachment":[{"href":"https:\/\/retura.no\/ir\/wp-json\/wp\/v2\/media?parent=511"}],"curies":[{"name":"wp","href":"https:\/\/api.w.org\/{rel}","templated":true}]}}