{"id":434,"date":"2022-12-05T12:37:13","date_gmt":"2022-12-05T11:37:13","guid":{"rendered":"https:\/\/retura.no\/ir\/sponsorsoknader-copy\/"},"modified":"2025-11-19T15:35:43","modified_gmt":"2025-11-19T14:35:43","slug":"containerutleie","status":"publish","type":"page","link":"https:\/\/retura.no\/ir\/containerutleie\/","title":{"rendered":"Containerutleie"},"content":{"rendered":"\r\n<div class=\"wp-block-columns is-layout-flex wp-container-core-columns-is-layout-9d6595d7 wp-block-columns-is-layout-flex\">\r\n<div class=\"wp-block-column is-layout-flow wp-block-column-is-layout-flow\" style=\"flex-basis: 100%\">\r\n<div class=\"wp-block-columns is-layout-flex wp-container-core-columns-is-layout-9d6595d7 wp-block-columns-is-layout-flex\">\r\n<div class=\"wp-block-column is-layout-flow wp-block-column-is-layout-flow\">\r\n<h1 class=\"wp-block-heading\">Containerutleie<\/h1>\r\n\r\n\r\n\r\n<h4 class=\"wp-block-heading\">Containere finnes i et stort utvalg. Vi hjelper deg med \u00e5 finne den beste til ditt form\u00e5l.<\/h4>\r\n<h4>Vet du hva du skal ha? Legg inn en bestilling <a href=\"https:\/\/retura.no\/ir\/bestillingsskjema\/\">her<\/a>!<\/h4>\r\n\r\n\r\n\r\n<p>&nbsp;<\/p>\r\n\r\n\r\n\r\n<p>&nbsp;<\/p>\r\n\r\n\r\n\r\n<h3 class=\"wp-block-heading\">\u00c5pen 8-10 m3 container<\/h3>\r\n\r\n\r\n\r\n<div class=\"wp-block-columns is-layout-flex wp-container-core-columns-is-layout-9d6595d7 wp-block-columns-is-layout-flex\">\r\n<div class=\"wp-block-column is-layout-flow wp-block-column-is-layout-flow\">\r\n<figure class=\"wp-block-image size-large\"><a href=\"https:\/\/retura.no\/ir\/wp-content\/uploads\/sites\/12\/2022\/12\/Retura_114-litt-lysnet.jpg-full_width.jpg\"><img loading=\"lazy\" decoding=\"async\" width=\"1024\" height=\"683\" class=\"wp-image-481\" src=\"https:\/\/retura.no\/ir\/wp-content\/uploads\/sites\/12\/2022\/12\/Retura_114-litt-lysnet.jpg-full_width-1024x683.jpg\" alt=\"\" srcset=\"https:\/\/retura.no\/ir\/wp-content\/uploads\/sites\/12\/2022\/12\/Retura_114-litt-lysnet.jpg-full_width-1024x683.jpg 1024w, https:\/\/retura.no\/ir\/wp-content\/uploads\/sites\/12\/2022\/12\/Retura_114-litt-lysnet.jpg-full_width-300x200.jpg 300w, https:\/\/retura.no\/ir\/wp-content\/uploads\/sites\/12\/2022\/12\/Retura_114-litt-lysnet.jpg-full_width-768x512.jpg 768w, https:\/\/retura.no\/ir\/wp-content\/uploads\/sites\/12\/2022\/12\/Retura_114-litt-lysnet.jpg-full_width-1536x1024.jpg 1536w, https:\/\/retura.no\/ir\/wp-content\/uploads\/sites\/12\/2022\/12\/Retura_114-litt-lysnet.jpg-full_width.jpg 1920w\" sizes=\"auto, (max-width: 1024px) 100vw, 1024px\" \/><\/a><\/figure>\r\n<\/div>\r\n\r\n\r\n\r\n<div class=\"wp-block-column is-layout-flow wp-block-column-is-layout-flow\">\r\n<p><strong>Typisk villacontainer. Egner seg til rydding av kjeller og loft, samt til hageavfall. Passer ogs\u00e5 til mindre byggeplasser.<\/strong><\/p>\r\n\r\n\r\n\r\n<p>Det meste kan kastes i containeren, men enkelte avfallstyper ber vi om at du leverer selv. Det gjelder elektronikk, farlig avfall og bildekk.<\/p>\r\n\r\n\r\n\r\n<ul class=\"wp-block-list\">\r\n<li>Elektronisk avfall kan leveres gratis hos forhandler eller p\u00e5 gjenvinningsstasjon i din kommune.<\/li>\r\n<li>Farlig avfall (Malingsspann, spraybokser o.l.) kan leveres gratis p\u00e5 gjenvinningsstasjon i din kommune<\/li>\r\n<li>Brukte bildekk kan leveres gratis hos forhandler.<\/li>\r\n<li>Skal du skifte vinduer, ber vi om at opplyser om dette n\u00e5r du tar kontakt<\/li>\r\n<\/ul>\r\n\r\n\r\n\r\n<p>Egnet for mindre mengder avfall.<\/p>\r\n\r\n\r\n\r\n<ul class=\"wp-block-list\">\r\n<li>Lav innkasth\u00f8yde<\/li>\r\n<li>Lengde ca. 3,5 m. (10m3)<\/li>\r\n<li>Bredde ca. 2 m. (10m3)<\/li>\r\n<\/ul>\r\n<\/div>\r\n<\/div>\r\n\r\n\r\n\r\n<h3 class=\"wp-block-heading\">Lukket 8 -10 m3 container<\/h3>\r\n\r\n\r\n\r\n<div class=\"wp-block-columns is-layout-flex wp-container-core-columns-is-layout-9d6595d7 wp-block-columns-is-layout-flex\">\r\n<div class=\"wp-block-column is-layout-flow wp-block-column-is-layout-flow\">\r\n<figure class=\"wp-block-image size-large\"><a href=\"https:\/\/retura.no\/ir\/wp-content\/uploads\/sites\/12\/2022\/12\/image-13.jpg\"><img loading=\"lazy\" decoding=\"async\" width=\"1024\" height=\"607\" class=\"wp-image-540\" src=\"https:\/\/retura.no\/ir\/wp-content\/uploads\/sites\/12\/2022\/12\/image-13-1024x607.jpg\" alt=\"\" srcset=\"https:\/\/retura.no\/ir\/wp-content\/uploads\/sites\/12\/2022\/12\/image-13-1024x607.jpg 1024w, https:\/\/retura.no\/ir\/wp-content\/uploads\/sites\/12\/2022\/12\/image-13-300x178.jpg 300w, https:\/\/retura.no\/ir\/wp-content\/uploads\/sites\/12\/2022\/12\/image-13-768x455.jpg 768w, https:\/\/retura.no\/ir\/wp-content\/uploads\/sites\/12\/2022\/12\/image-13-1536x911.jpg 1536w, https:\/\/retura.no\/ir\/wp-content\/uploads\/sites\/12\/2022\/12\/image-13.jpg 1924w\" sizes=\"auto, (max-width: 1024px) 100vw, 1024px\" \/><\/a><\/figure>\r\n<\/div>\r\n\r\n\r\n\r\n<div class=\"wp-block-column is-layout-flow wp-block-column-is-layout-flow\">\r\n<p>Container som t\u00f8mmes direkte i bil. Containeren kan enten benyttes til brennbart avfall, eller som ren papir\/papp- \u00a0container.<\/p>\r\n\r\n\r\n\r\n<p>Velegnet till langtidsleie og stabilt avfallsvolum med lav romvekt.<\/p>\r\n\r\n\r\n\r\n<p>Passer godt til byggeplasser og n\u00e6ringslivet for\u00f8vrig. Lokket er enkelt \u00e5 \u00e5pne og gir stor luke for innkast. Lokket beskytter mot v\u00e6r og vind og kan l\u00e5ses for \u00e5 hindre adgang for uvedkommende.<\/p>\r\n\r\n\r\n\r\n<ul class=\"wp-block-list\">\r\n<li>Lav innkasth\u00f8yde<\/li>\r\n<li>Lengde ca. 3,5 m. (10m3)<\/li>\r\n<li>Bredde ca. 2 m. (10m3)<\/li>\r\n<\/ul>\r\n<\/div>\r\n<\/div>\r\n\r\n\r\n\r\n<h3 class=\"wp-block-heading\">\u00c5pen 20 m3 og\u00a030 m3 container<\/h3>\r\n\r\n\r\n\r\n<div class=\"wp-block-columns is-layout-flex wp-container-core-columns-is-layout-9d6595d7 wp-block-columns-is-layout-flex\">\r\n<div class=\"wp-block-column is-layout-flow wp-block-column-is-layout-flow\">\r\n<figure class=\"wp-block-image size-large\"><a href=\"https:\/\/retura.no\/ir\/wp-content\/uploads\/sites\/12\/2022\/12\/20m3-500x334-1-1.jpg\"><img loading=\"lazy\" decoding=\"async\" width=\"1024\" height=\"684\" class=\"wp-image-498\" src=\"https:\/\/retura.no\/ir\/wp-content\/uploads\/sites\/12\/2022\/12\/20m3-500x334-1-1-1024x684.jpg\" alt=\"\" srcset=\"https:\/\/retura.no\/ir\/wp-content\/uploads\/sites\/12\/2022\/12\/20m3-500x334-1-1-1024x684.jpg 1024w, https:\/\/retura.no\/ir\/wp-content\/uploads\/sites\/12\/2022\/12\/20m3-500x334-1-1-300x200.jpg 300w, https:\/\/retura.no\/ir\/wp-content\/uploads\/sites\/12\/2022\/12\/20m3-500x334-1-1-768x513.jpg 768w, https:\/\/retura.no\/ir\/wp-content\/uploads\/sites\/12\/2022\/12\/20m3-500x334-1-1-1536x1026.jpg 1536w, https:\/\/retura.no\/ir\/wp-content\/uploads\/sites\/12\/2022\/12\/20m3-500x334-1-1.jpg 1916w\" sizes=\"auto, (max-width: 1024px) 100vw, 1024px\" \/><\/a><\/figure>\r\n<\/div>\r\n\r\n\r\n\r\n<div class=\"wp-block-column is-layout-flow wp-block-column-is-layout-flow\">\r\n<p>&nbsp;<\/p>\r\n\r\n\r\n\r\n<p>Egnet for st\u00f8rre mengder avfall.<\/p>\r\n\r\n\r\n\r\n<p>Passer godt til byggeplasser og store prosjekter, slik som rivningsavfall, restaurering, t\u00f8mming av hus o.l.<\/p>\r\n\r\n\r\n\r\n<ul class=\"wp-block-list\">\r\n<li>Store d\u00f8rer bak for enklere innlasting<\/li>\r\n<li>Lengde ca. 5,5 m.<\/li>\r\n<li>Bredde ca. 2,5 m.<\/li>\r\n<li>H\u00f8yde 20 m3 ca. 1.7 m, H\u00f8yde 30 m3 2,4 m.<\/li>\r\n<\/ul>\r\n<\/div>\r\n<\/div>\r\n\r\n\r\n\r\n<h3 class=\"wp-block-heading\">Lukket 8 -10 m3 container<\/h3>\r\n\r\n\r\n\r\n<p>Vi har 2 spesialcontainere i st\u00f8rrelsen 8 m3 som vi leier ut til arrangemententer o.l.<\/p>\r\n\r\n\r\n\r\n<p>Ta kontakt for et tilbud!<\/p>\r\n\r\n\r\n\r\n<div class=\"wp-block-columns is-layout-flex wp-container-core-columns-is-layout-9d6595d7 wp-block-columns-is-layout-flex\">\r\n<div class=\"wp-block-column is-layout-flow wp-block-column-is-layout-flow\">\r\n<div class=\"wp-block-group is-layout-flow wp-block-group-is-layout-flow\">\r\n<figure class=\"wp-block-image size-large\"><a href=\"https:\/\/retura.no\/ir\/wp-content\/uploads\/sites\/12\/2022\/12\/Arrangementscontainer-\u2013-8-m3_1.jpg\"><img loading=\"lazy\" decoding=\"async\" width=\"1024\" height=\"705\" class=\"wp-image-493\" src=\"https:\/\/retura.no\/ir\/wp-content\/uploads\/sites\/12\/2022\/12\/Arrangementscontainer-\u2013-8-m3_1-1024x705.jpg\" alt=\"\" srcset=\"https:\/\/retura.no\/ir\/wp-content\/uploads\/sites\/12\/2022\/12\/Arrangementscontainer-\u2013-8-m3_1-1024x705.jpg 1024w, https:\/\/retura.no\/ir\/wp-content\/uploads\/sites\/12\/2022\/12\/Arrangementscontainer-\u2013-8-m3_1-300x207.jpg 300w, https:\/\/retura.no\/ir\/wp-content\/uploads\/sites\/12\/2022\/12\/Arrangementscontainer-\u2013-8-m3_1-768x529.jpg 768w, https:\/\/retura.no\/ir\/wp-content\/uploads\/sites\/12\/2022\/12\/Arrangementscontainer-\u2013-8-m3_1.jpg 1046w\" sizes=\"auto, (max-width: 1024px) 100vw, 1024px\" \/><\/a><\/figure>\r\n<\/div>\r\n<\/div>\r\n\r\n\r\n\r\n<div class=\"wp-block-column is-layout-flow wp-block-column-is-layout-flow\">\r\n<div class=\"wp-block-group is-layout-flow wp-block-group-is-layout-flow\">\r\n<figure class=\"wp-block-image size-large\"><a href=\"https:\/\/retura.no\/ir\/wp-content\/uploads\/sites\/12\/2022\/12\/Arrangementscontainer-\u2013-8-m3_2.jpg\"><img loading=\"lazy\" decoding=\"async\" width=\"1024\" height=\"705\" class=\"wp-image-495\" src=\"https:\/\/retura.no\/ir\/wp-content\/uploads\/sites\/12\/2022\/12\/Arrangementscontainer-\u2013-8-m3_2-1024x705.jpg\" alt=\"\" srcset=\"https:\/\/retura.no\/ir\/wp-content\/uploads\/sites\/12\/2022\/12\/Arrangementscontainer-\u2013-8-m3_2-1024x705.jpg 1024w, https:\/\/retura.no\/ir\/wp-content\/uploads\/sites\/12\/2022\/12\/Arrangementscontainer-\u2013-8-m3_2-300x207.jpg 300w, https:\/\/retura.no\/ir\/wp-content\/uploads\/sites\/12\/2022\/12\/Arrangementscontainer-\u2013-8-m3_2-768x529.jpg 768w, https:\/\/retura.no\/ir\/wp-content\/uploads\/sites\/12\/2022\/12\/Arrangementscontainer-\u2013-8-m3_2.jpg 1046w\" sizes=\"auto, (max-width: 1024px) 100vw, 1024px\" \/><\/a><\/figure>\r\n<\/div>\r\n<\/div>\r\n<\/div>\r\n<\/div>\r\n<\/div>\r\n\r\n\r\n\r\n<div class=\"wp-block-contact-form-7-contact-form-selector\">\u00a0<\/div>\r\n<\/div>\r\n<\/div>\r\n","protected":false},"excerpt":{"rendered":"<p>Containerutleie Containere finnes i et stort utvalg. Vi hjelper deg med \u00e5 finne den beste til ditt form\u00e5l. Vet du hva du skal ha? Legg inn en bestilling her! &nbsp; &nbsp; \u00c5pen 8-10 m3 container Typisk villacontainer. Egner seg til rydding av kjeller og loft, samt til hageavfall. Passer ogs\u00e5 til mindre byggeplasser. Det meste [&#8230;]\n","protected":false},"author":12,"featured_media":0,"parent":0,"menu_order":0,"comment_status":"closed","ping_status":"closed","template":"","meta":{"footnotes":""},"class_list":["post-434","page","type-page","status-publish","hentry"],"_links":{"self":[{"href":"https:\/\/retura.no\/ir\/wp-json\/wp\/v2\/pages\/434","targetHints":{"allow":["GET"]}}],"collection":[{"href":"https:\/\/retura.no\/ir\/wp-json\/wp\/v2\/pages"}],"about":[{"href":"https:\/\/retura.no\/ir\/wp-json\/wp\/v2\/types\/page"}],"author":[{"embeddable":true,"href":"https:\/\/retura.no\/ir\/wp-json\/wp\/v2\/users\/12"}],"replies":[{"embeddable":true,"href":"https:\/\/retura.no\/ir\/wp-json\/wp\/v2\/comments?post=434"}],"version-history":[{"count":69,"href":"https:\/\/retura.no\/ir\/wp-json\/wp\/v2\/pages\/434\/revisions"}],"predecessor-version":[{"id":1484,"href":"https:\/\/retura.no\/ir\/wp-json\/wp\/v2\/pages\/434\/revisions\/1484"}],"wp:attachment":[{"href":"https:\/\/retura.no\/ir\/wp-json\/wp\/v2\/media?parent=434"}],"curies":[{"name":"wp","href":"https:\/\/api.w.org\/{rel}","templated":true}]}}