{"id":2,"date":"2018-11-28T17:21:15","date_gmt":"2018-11-28T16:21:15","guid":{"rendered":"https:\/\/retura.no\/ir\/?page_id=2"},"modified":"2025-12-01T13:43:01","modified_gmt":"2025-12-01T12:43:01","slug":"hjem","status":"publish","type":"page","link":"https:\/\/retura.no\/ir\/","title":{"rendered":"Hjem"},"content":{"rendered":"\n\t<section class=\"section ie-section1 align-center\" id=\"section_1051264878\">\n\t\t<div class=\"section-bg fill\" >\n\t\t\t<img loading=\"lazy\" decoding=\"async\" width=\"1920\" height=\"1080\" src=\"https:\/\/retura.no\/ir\/wp-content\/uploads\/sites\/12\/2025\/11\/thumbnail_DJI_20250813152335_0137_D.jpg\" class=\"bg attachment-2048x2048 size-2048x2048\" alt=\"\" \/>\t\t\t\t\t\t\n\t\t\t\n\n\t\t<\/div>\n\n\t\t\n\n\t\t<div class=\"section-content relative\">\n\t\t\t\n<div class=\"row align-center\"  id=\"row-1098154557\">\n\n\t<div id=\"col-1886841867\" class=\"col medium-12 small-12 large-12\"  >\n\t\t\t\t<div class=\"col-inner text-center\"  >\n\t\t\t\n\t\t\t\n\t<div id=\"text-695388147\" class=\"text\">\n\t\t\n<h2 style=\"color: white\">Retura IR AS &#8211; Ditt f\u00f8rstevalg innen avfall og ombruk!<\/h2>\n<p>\u00a0<\/p>\n\t\t\n<style>\n#text-695388147 {\n  font-size: 2rem;\n  line-height: 1.85;\n  text-align: center;\n}\n<\/style>\n\t<\/div>\n\t\n\t\t<\/div>\n\t\t\t\t\t<\/div>\n\n\t\n\n<style>\n#row-1098154557 > .col > .col-inner {\n  padding: 0px 0px 0px 0px;\n}\n<\/style>\n<\/div>\n\t\t<\/div>\n\n\t\t\n<style>\n#section_1051264878 {\n  padding-top: 30px;\n  padding-bottom: 30px;\n  min-height: 200px;\n}\n#section_1051264878 .section-bg img {\n  object-position: 23% 38%;\n}\n@media (min-width:550px) {\n  #section_1051264878 {\n    min-height: 350px;\n  }\n}\n@media (min-width:850px) {\n  #section_1051264878 {\n    min-height: 500px;\n  }\n}\n<\/style>\n\t<\/section>\n\t\n\n\t<section class=\"section\" id=\"section_1512818705\">\n\t\t<div class=\"section-bg fill\" >\n\t\t\t\t\t\t\t\t\t\n\t\t\t\n\n\t\t<\/div>\n\n\t\t\n\n\t\t<div class=\"section-content relative\">\n\t\t\t\n<div class=\"row\"  id=\"row-1806011754\">\n\n\t<div id=\"col-973620785\" class=\"col small-12 large-12\"  >\n\t\t\t\t<div class=\"col-inner\"  >\n\t\t\t\n\t\t\t\n<h2>N\u00e6ringslivets r\u00e5dgiver p\u00e5 avfallsh\u00e5ndtering<\/h2>\n<p>Retura jobber for at det du kaster kan brukes bedre, lengre og om igjen. Vi dekker hele Norge og bruker overskuddet p\u00e5 \u00e5 skape bedre samfunn der du bor. M\u00e5let er at vi sammen skal bli best i verden p\u00e5 sirkul\u00e6re forretningsmodeller.<\/p>\n\t\t<\/div>\n\t\t\t\t\t<\/div>\n\n\t\n\n<style>\n#row-1806011754 > .col > .col-inner {\n  padding: 0px 0px 30px 0px;\n}\n@media (min-width:550px) {\n  #row-1806011754 > .col > .col-inner {\n    padding: 45px 0px 35px 0px;\n  }\n}\n<\/style>\n<\/div>\n<div class=\"row row-large equal-cols\"  id=\"row-1682115071\">\n\n\t<div id=\"col-364768316\" class=\"col front-box btn-center medium-12 small-12 large-4\"  >\n\t\t\t\t<div class=\"col-inner\"  >\n\t\t\t\n\t\t\t\n\t<div class=\"img has-hover x md-x lg-x y md-y lg-y\" id=\"image_2113776138\">\n\t\t\t\t\t\t\t\t<div class=\"img-inner image-cover dark\" style=\"padding-top:200px;\">\n\t\t\t<img loading=\"lazy\" decoding=\"async\" width=\"1020\" height=\"478\" src=\"https:\/\/retura.no\/ir\/wp-content\/uploads\/sites\/12\/2025\/11\/thumbnail_DJI_20250813153205_0157_D-e1764579276217-1024x480.jpg\" class=\"attachment-large size-large\" alt=\"\" srcset=\"https:\/\/retura.no\/ir\/wp-content\/uploads\/sites\/12\/2025\/11\/thumbnail_DJI_20250813153205_0157_D-e1764579276217-1024x480.jpg 1024w, https:\/\/retura.no\/ir\/wp-content\/uploads\/sites\/12\/2025\/11\/thumbnail_DJI_20250813153205_0157_D-e1764579276217-300x141.jpg 300w, https:\/\/retura.no\/ir\/wp-content\/uploads\/sites\/12\/2025\/11\/thumbnail_DJI_20250813153205_0157_D-e1764579276217-768x360.jpg 768w, https:\/\/retura.no\/ir\/wp-content\/uploads\/sites\/12\/2025\/11\/thumbnail_DJI_20250813153205_0157_D-e1764579276217-1536x720.jpg 1536w, https:\/\/retura.no\/ir\/wp-content\/uploads\/sites\/12\/2025\/11\/thumbnail_DJI_20250813153205_0157_D-e1764579276217.jpg 1920w\" sizes=\"auto, (max-width: 1020px) 100vw, 1020px\" \/>\t\t\t\t\t\t\n\t\t\t\t\t<\/div>\n\t\t\t\t\t\t\t\t\n<style>\n#image_2113776138 {\n  width: 100%;\n}\n<\/style>\n\t<\/div>\n\t\n<h4>V\u00e5re leveranser<\/h4>\n<p class=\"p-sm\">H\u00e5ndtering og behandling av avfall er et fagfelt som krever stadig mer spesialkunnskap. Vi i Retura kombinerer h\u00f8y kompetanse med unik lokalkunnskap og tar alltid hensyn til b\u00e6rekraft, milj\u00f8 og \u00f8konomi.<\/p>\n<a href=\"https:\/\/retura.no\/ir\/containerutleie\/\" class=\"button primary\"  style=\"border-radius:99px;\">\n\t\t<span>Bestill container<\/span>\n\t<\/a>\n\n\t\t<\/div>\n\t\t\t\t\t<\/div>\n\n\t\n\n\t<div id=\"col-1928277863\" class=\"col front-box btn-center medium-12 small-12 large-4\"  >\n\t\t\t\t<div class=\"col-inner\"  >\n\t\t\t\n\t\t\t\n\t<div class=\"img has-hover x md-x lg-x y md-y lg-y\" id=\"image_1504071376\">\n\t\t\t\t\t\t\t\t<div class=\"img-inner image-cover dark\" style=\"padding-top:200px;\">\n\t\t\t<img loading=\"lazy\" decoding=\"async\" width=\"1020\" height=\"679\" src=\"https:\/\/retura.no\/ir\/wp-content\/uploads\/sites\/12\/2025\/11\/thumbnail_Eksempel3-1024x682.jpg\" class=\"attachment-large size-large\" alt=\"\" srcset=\"https:\/\/retura.no\/ir\/wp-content\/uploads\/sites\/12\/2025\/11\/thumbnail_Eksempel3-1024x682.jpg 1024w, https:\/\/retura.no\/ir\/wp-content\/uploads\/sites\/12\/2025\/11\/thumbnail_Eksempel3-300x200.jpg 300w, https:\/\/retura.no\/ir\/wp-content\/uploads\/sites\/12\/2025\/11\/thumbnail_Eksempel3-768x512.jpg 768w, https:\/\/retura.no\/ir\/wp-content\/uploads\/sites\/12\/2025\/11\/thumbnail_Eksempel3.jpg 1106w\" sizes=\"auto, (max-width: 1020px) 100vw, 1020px\" \/>\t\t\t\t\t\t\n\t\t\t\t\t<\/div>\n\t\t\t\t\t\t\t\t\n<style>\n#image_1504071376 {\n  width: 100%;\n}\n<\/style>\n\t<\/div>\n\t\n<h4>Sorteringsveiledning<\/h4>\n<p class=\"p-sm\">Riktig valg av utstyr og god oppl\u00e6ring er avgj\u00f8rende for best mulig avfallssortering. For at driftsfasen skal bli s\u00e5 problemfri som mulig, er vi i Retura opptatt av \u00e5 gi deg god sorteringsveiledning.<\/p>\n<a href=\"https:\/\/retura.no\/ir\/sorteringsveiledning\/\" class=\"button primary\"  style=\"border-radius:99px;\">\n\t\t<span>F\u00e5 veiledning<\/span>\n\t<\/a>\n\n\t\t<\/div>\n\t\t\t\t\t<\/div>\n\n\t\n\n\t<div id=\"col-1897029891\" class=\"col front-box btn-center medium-12 small-12 large-4\"  >\n\t\t\t\t<div class=\"col-inner\"  >\n\t\t\t\n\t\t\t\n\t<div class=\"img has-hover x md-x lg-x y md-y lg-y\" id=\"image_996524107\">\n\t\t\t\t\t\t\t\t<div class=\"img-inner image-cover dark\" style=\"padding-top:200px;\">\n\t\t\t<img loading=\"lazy\" decoding=\"async\" width=\"1020\" height=\"471\" src=\"https:\/\/retura.no\/ir\/wp-content\/uploads\/sites\/12\/2018\/11\/Miljorapportering-1024x473.jpg\" class=\"attachment-large size-large\" alt=\"\" srcset=\"https:\/\/retura.no\/ir\/wp-content\/uploads\/sites\/12\/2018\/11\/Miljorapportering-1024x473.jpg 1024w, https:\/\/retura.no\/ir\/wp-content\/uploads\/sites\/12\/2018\/11\/Miljorapportering-300x139.jpg 300w, https:\/\/retura.no\/ir\/wp-content\/uploads\/sites\/12\/2018\/11\/Miljorapportering-768x355.jpg 768w, https:\/\/retura.no\/ir\/wp-content\/uploads\/sites\/12\/2018\/11\/Miljorapportering.jpg 1200w\" sizes=\"auto, (max-width: 1020px) 100vw, 1020px\" \/>\t\t\t\t\t\t\n\t\t\t\t\t<\/div>\n\t\t\t\t\t\t\t\t\n<style>\n#image_996524107 {\n  width: 100%;\n}\n<\/style>\n\t<\/div>\n\t\n<h4>Milj\u00f8rapportering<\/h4>\n<p class=\"p-sm\">V\u00e5r milj\u00f8rapportering gir deg full kontroll p\u00e5 innsamlede avfallsmengder og kostnader. Vi skreddersyr rapporteringen slik at den til enhver tid dekker dine behov.<\/p>\n<a href=\"https:\/\/retura.no\/ir\/tjenester\/rapportering\/\" class=\"button primary\"  style=\"border-radius:99px;\">\n\t\t<span>F\u00e5 full kontroll<\/span>\n\t<\/a>\n\n\t\t<\/div>\n\t\t\t\t\t<\/div>\n\n\t\n<\/div>\n\t\t<\/div>\n\n\t\t\n<style>\n#section_1512818705 {\n  padding-top: 50px;\n  padding-bottom: 50px;\n}\n@media (min-width:550px) {\n  #section_1512818705 {\n    padding-top: 0px;\n    padding-bottom: 0px;\n  }\n}\n<\/style>\n\t<\/section>\n\t\n\n\t<section class=\"section\" id=\"section_1931065623\">\n\t\t<div class=\"section-bg fill\" >\n\t\t\t\t\t\t\t\t\t\n\t\t\t\n\n\t\t<\/div>\n\n\t\t\n\n\t\t<div class=\"section-content relative\">\n\t\t\t\n<div class=\"row row-large equal-cols hide\"  id=\"row-1418585697\">\n\n\t<div id=\"col-764355206\" class=\"col bg-grey btn-center medium-12 small-12 large-4\"  >\n\t\t\t\t<div class=\"col-inner\"  >\n\t\t\t\n\t\t\t\n\t<div class=\"img has-hover x md-x lg-x y md-y lg-y\" id=\"image_832513501\">\n\t\t\t\t\t\t\t\t<div class=\"img-inner image-cover dark\" style=\"padding-top:200px;\">\n\t\t\t<img loading=\"lazy\" decoding=\"async\" width=\"350\" height=\"456\" src=\"https:\/\/retura.no\/ir\/wp-content\/uploads\/sites\/12\/2018\/11\/radgivning-small.jpg\" class=\"attachment-large size-large\" alt=\"\" srcset=\"https:\/\/retura.no\/ir\/wp-content\/uploads\/sites\/12\/2018\/11\/radgivning-small.jpg 350w, https:\/\/retura.no\/ir\/wp-content\/uploads\/sites\/12\/2018\/11\/radgivning-small-230x300.jpg 230w\" sizes=\"auto, (max-width: 350px) 100vw, 350px\" \/>\t\t\t\t\t\t\n\t\t\t\t\t<\/div>\n\t\t\t\t\t\t\t\t\n<style>\n#image_832513501 {\n  width: 100%;\n}\n<\/style>\n\t<\/div>\n\t\n<h4 class=\"h-pill\">R\u00e5dgivning<\/h4>\n<p class=\"p-sm\">H\u00e5ndtering og behandling av avfall er et fagfelt som krever stadig mer spesialkunnskap. Retura kombinerer h\u00f8y kompetanse med unik lokalkunnskap, som tar hensyn til milj\u00f8 og \u00f8konomi.<\/p>\n<a href=\"https:\/\/retura.no\/ir\/tjenester\/\" class=\"button primary is-outline\"  style=\"border-radius:99px;\">\n\t\t<span>Les mer<\/span>\n\t<\/a>\n\n\t\t<\/div>\n\t\t\t\t\t<\/div>\n\n\t\n\n\t<div id=\"col-260365421\" class=\"col bg-grey btn-center medium-12 small-12 large-4\"  >\n\t\t\t\t<div class=\"col-inner\"  >\n\t\t\t\n\t\t\t\n\t<div class=\"img has-hover x md-x lg-x y md-y lg-y\" id=\"image_1129245290\">\n\t\t\t\t\t\t\t\t<div class=\"img-inner image-cover dark\" style=\"padding-top:200px;\">\n\t\t\t<img loading=\"lazy\" decoding=\"async\" width=\"350\" height=\"350\" src=\"https:\/\/retura.no\/ir\/wp-content\/uploads\/sites\/12\/2018\/11\/gjennomforing-small.jpg\" class=\"attachment-large size-large\" alt=\"\" srcset=\"https:\/\/retura.no\/ir\/wp-content\/uploads\/sites\/12\/2018\/11\/gjennomforing-small.jpg 350w, https:\/\/retura.no\/ir\/wp-content\/uploads\/sites\/12\/2018\/11\/gjennomforing-small-150x150.jpg 150w, https:\/\/retura.no\/ir\/wp-content\/uploads\/sites\/12\/2018\/11\/gjennomforing-small-300x300.jpg 300w\" sizes=\"auto, (max-width: 350px) 100vw, 350px\" \/>\t\t\t\t\t\t\n\t\t\t\t\t<\/div>\n\t\t\t\t\t\t\t\t\n<style>\n#image_1129245290 {\n  width: 100%;\n}\n<\/style>\n\t<\/div>\n\t\n<h4 class=\"h-pill\">Gjennomf\u00f8ring<\/h4>\n<p class=\"p-sm\">Retura er opptatt av at implementeringen gjennomf\u00f8res grundig slik at driftsfasen skal bli s\u00e5 problemfri som mulig. Riktig valg av utstyr og god oppl\u00e6ring er avgj\u00f8rende.<\/p>\n<a class=\"button primary is-outline\" rel=\"\/gjennomforing\"  style=\"border-radius:99px;\">\n\t\t<span>Les mer<\/span>\n\t<\/a>\n\n\t\t<\/div>\n\t\t\t\t\t<\/div>\n\n\t\n\n\t<div id=\"col-515898947\" class=\"col bg-grey btn-center medium-12 small-12 large-4\"  >\n\t\t\t\t<div class=\"col-inner\"  >\n\t\t\t\n\t\t\t\n\t<div class=\"img has-hover x md-x lg-x y md-y lg-y\" id=\"image_756261805\">\n\t\t\t\t\t\t\t\t<div class=\"img-inner image-cover dark\" style=\"padding-top:200px;\">\n\t\t\t<img loading=\"lazy\" decoding=\"async\" width=\"1020\" height=\"471\" src=\"https:\/\/retura.no\/ir\/wp-content\/uploads\/sites\/12\/2018\/11\/Miljorapportering-1024x473.jpg\" class=\"attachment-large size-large\" alt=\"\" srcset=\"https:\/\/retura.no\/ir\/wp-content\/uploads\/sites\/12\/2018\/11\/Miljorapportering-1024x473.jpg 1024w, https:\/\/retura.no\/ir\/wp-content\/uploads\/sites\/12\/2018\/11\/Miljorapportering-300x139.jpg 300w, https:\/\/retura.no\/ir\/wp-content\/uploads\/sites\/12\/2018\/11\/Miljorapportering-768x355.jpg 768w, https:\/\/retura.no\/ir\/wp-content\/uploads\/sites\/12\/2018\/11\/Miljorapportering.jpg 1200w\" sizes=\"auto, (max-width: 1020px) 100vw, 1020px\" \/>\t\t\t\t\t\t\n\t\t\t\t\t<\/div>\n\t\t\t\t\t\t\t\t\n<style>\n#image_756261805 {\n  width: 100%;\n}\n<\/style>\n\t<\/div>\n\t\n<h4 class=\"h-pill\">Milj\u00f8rapportering<\/h4>\n<p class=\"p-sm\">Vi rapporterer i henhold til kundens behov. V\u00e5re rapporter gir full kontroll p\u00e5 innsamlede avfallsmengder og kostnader.<\/p>\n<a href=\"\/miljorapportering\" class=\"button primary is-outline\"  style=\"border-radius:99px;\">\n\t\t<span>Les mer<\/span>\n\t<\/a>\n\n\t\t<\/div>\n\t\t\t\t\t<\/div>\n\n\t\n<\/div>\n\t\t<\/div>\n\n\t\t\n<style>\n#section_1931065623 {\n  padding-top: 50px;\n  padding-bottom: 50px;\n}\n@media (min-width:550px) {\n  #section_1931065623 {\n    padding-top: 40px;\n    padding-bottom: 40px;\n  }\n}\n<\/style>\n\t<\/section>\n\t\n\n\t<section class=\"section\" id=\"section_1991352858\">\n\t\t<div class=\"section-bg fill\" >\n\t\t\t\t\t\t\t\t\t\n\t\t\t\n\n\t\t<\/div>\n\n\t\t\n\n\t\t<div class=\"section-content relative\">\n\t\t\t\n<div class=\"row align-right\"  id=\"row-516256242\">\n\n\t<div id=\"col-1935897225\" class=\"col medium-7 small-12 large-7\"  >\n\t\t\t\t<div class=\"col-inner\"  >\n\t\t\t\n\t\t\t\n<h3>B\u00e6rekraftig gjenvinning over hele landet<\/h3>\n<p>Vi bidrar til en b\u00e6rekraftig utvikling i alle landets fylker med v\u00e5r unike posisjon som en av Norges st\u00f8rste gjenvinningsakt\u00f8rer. Vi har en reell mulighet og et klart ansvar til \u00e5 bidra til en utvikling som im\u00f8tekommer dagens behov og styrker kommende generasjoners behov. Vi skaper verdier i alle landets fylker.<\/p>\n<a href=\"https:\/\/retura.no\/ir\/baerekraft\/\" class=\"button secondary is-outline\"  style=\"border-radius:99px;\">\n\t\t<span>Se v\u00e5re m\u00e5l<\/span>\n\t<\/a>\n\n\t\t<\/div>\n\t\t\t\t\t<\/div>\n\n\t\n\n\t<div id=\"col-929073828\" class=\"col medium-5 small-12 large-5\"  >\n\t\t\t\t<div class=\"col-inner\"  >\n\t\t\t\n\t\t\t\n\t<div class=\"img has-hover x md-x lg-x y md-y lg-y\" id=\"image_162043967\">\n\t\t\t\t\t\t\t\t<div class=\"img-inner dark\" >\n\t\t\t<img loading=\"lazy\" decoding=\"async\" width=\"1020\" height=\"1020\" src=\"https:\/\/retura.no\/ir\/wp-content\/uploads\/sites\/12\/2022\/10\/retura-baerekraft-large.png\" class=\"attachment-large size-large\" alt=\"\" srcset=\"https:\/\/retura.no\/ir\/wp-content\/uploads\/sites\/12\/2022\/10\/retura-baerekraft-large.png 1024w, https:\/\/retura.no\/ir\/wp-content\/uploads\/sites\/12\/2022\/10\/retura-baerekraft-large-300x300.png 300w, https:\/\/retura.no\/ir\/wp-content\/uploads\/sites\/12\/2022\/10\/retura-baerekraft-large-150x150.png 150w, https:\/\/retura.no\/ir\/wp-content\/uploads\/sites\/12\/2022\/10\/retura-baerekraft-large-768x768.png 768w\" sizes=\"auto, (max-width: 1020px) 100vw, 1020px\" \/>\t\t\t\t\t\t\n\t\t\t\t\t<\/div>\n\t\t\t\t\t\t\t\t\n<style>\n#image_162043967 {\n  width: 100%;\n}\n<\/style>\n\t<\/div>\n\t\n\t\t<\/div>\n\t\t\t\t\t<\/div>\n\n\t\n\n<style>\n#row-516256242 > .col > .col-inner {\n  padding: 50px 0px 0px 0px;\n}\n@media (min-width:550px) {\n  #row-516256242 > .col > .col-inner {\n    padding: 70px 0px 70px 0px;\n  }\n}\n<\/style>\n<\/div>\n\t\t<\/div>\n\n\t\t\n<style>\n#section_1991352858 {\n  padding-top: 0px;\n  padding-bottom: 0px;\n  background-color: rgb(215, 215, 215);\n}\n<\/style>\n\t<\/section>\n\t\n\n\t<section class=\"section hide\" id=\"section_1849496514\">\n\t\t<div class=\"section-bg fill\" >\n\t\t\t\t\t\t\t\t\t\n\t\t\t\n\n\t\t<\/div>\n\n\t\t\n\n\t\t<div class=\"section-content relative\">\n\t\t\t\n<div class=\"row\"  id=\"row-232649655\">\n\n\t<div id=\"col-1880751994\" class=\"col small-12 large-12\"  >\n\t\t\t\t<div class=\"col-inner\"  >\n\t\t\t\n\t\t\t\n<h2>Siste nyheter<\/h2>\n\t\t<\/div>\n\t\t\t\t\t<\/div>\n\n\t\n\n<style>\n#row-232649655 > .col > .col-inner {\n  padding: 0px 0px 0px 0px;\n}\n@media (min-width:550px) {\n  #row-232649655 > .col > .col-inner {\n    padding: 0px 0px 20px 0px;\n  }\n}\n<\/style>\n<\/div>\n\n  \n    <div class=\"row large-columns-3 medium-columns-1 small-columns-1 row-large\" >\n  <\/div>\n\t\t<\/div>\n\n\t\t\n<style>\n#section_1849496514 {\n  padding-top: 50px;\n  padding-bottom: 50px;\n  background-color: rgb(246, 246, 246);\n}\n@media (min-width:550px) {\n  #section_1849496514 {\n    padding-top: 80px;\n    padding-bottom: 80px;\n  }\n}\n<\/style>\n\t<\/section>\n\t\n","protected":false},"excerpt":{"rendered":"","protected":false},"author":1,"featured_media":0,"parent":0,"menu_order":0,"comment_status":"closed","ping_status":"closed","template":"page-blank.php","meta":{"footnotes":""},"class_list":["post-2","page","type-page","status-publish","hentry"],"_links":{"self":[{"href":"https:\/\/retura.no\/ir\/wp-json\/wp\/v2\/pages\/2","targetHints":{"allow":["GET"]}}],"collection":[{"href":"https:\/\/retura.no\/ir\/wp-json\/wp\/v2\/pages"}],"about":[{"href":"https:\/\/retura.no\/ir\/wp-json\/wp\/v2\/types\/page"}],"author":[{"embeddable":true,"href":"https:\/\/retura.no\/ir\/wp-json\/wp\/v2\/users\/1"}],"replies":[{"embeddable":true,"href":"https:\/\/retura.no\/ir\/wp-json\/wp\/v2\/comments?post=2"}],"version-history":[{"count":95,"href":"https:\/\/retura.no\/ir\/wp-json\/wp\/v2\/pages\/2\/revisions"}],"predecessor-version":[{"id":1583,"href":"https:\/\/retura.no\/ir\/wp-json\/wp\/v2\/pages\/2\/revisions\/1583"}],"wp:attachment":[{"href":"https:\/\/retura.no\/ir\/wp-json\/wp\/v2\/media?parent=2"}],"curies":[{"name":"wp","href":"https:\/\/api.w.org\/{rel}","templated":true}]}}