{"id":1480,"date":"2025-11-19T15:30:42","date_gmt":"2025-11-19T14:30:42","guid":{"rendered":"https:\/\/retura.no\/ir\/?page_id=1480"},"modified":"2025-12-01T13:32:36","modified_gmt":"2025-12-01T12:32:36","slug":"bestillingsskjema","status":"publish","type":"page","link":"https:\/\/retura.no\/ir\/bestillingsskjema\/","title":{"rendered":"Bestillingsskjema"},"content":{"rendered":"<h3><span style=\"color: #555555;font-size: 14.4px\">\n<div class=\"wpcf7 no-js\" id=\"wpcf7-f1477-o1\" lang=\"nb-NO\" dir=\"ltr\" data-wpcf7-id=\"1477\">\n<div class=\"screen-reader-response\"><p role=\"status\" aria-live=\"polite\" aria-atomic=\"true\"><\/p> <ul><\/ul><\/div>\n<form action=\"\/ir\/wp-json\/wp\/v2\/pages\/1480#wpcf7-f1477-o1\" method=\"post\" class=\"wpcf7-form init\" aria-label=\"Kontaktskjema\" novalidate=\"novalidate\" data-status=\"init\">\n<fieldset class=\"hidden-fields-container\"><input type=\"hidden\" name=\"_wpcf7\" value=\"1477\" \/><input type=\"hidden\" name=\"_wpcf7_version\" value=\"6.1.5\" \/><input type=\"hidden\" name=\"_wpcf7_locale\" value=\"nb_NO\" \/><input type=\"hidden\" name=\"_wpcf7_unit_tag\" value=\"wpcf7-f1477-o1\" \/><input type=\"hidden\" name=\"_wpcf7_container_post\" value=\"0\" \/><input type=\"hidden\" name=\"_wpcf7_posted_data_hash\" value=\"\" \/>\n<\/fieldset>\n<h3>Bestillingsskjema\n<\/h3>\n<p><br \/>\n<label>Kundenavn (obligatorisk)<br \/>\n<span class=\"wpcf7-form-control-wrap\" data-name=\"kundenavn\"><input size=\"40\" maxlength=\"400\" class=\"wpcf7-form-control wpcf7-text wpcf7-validates-as-required\" aria-required=\"true\" aria-invalid=\"false\" value=\"\" type=\"text\" name=\"kundenavn\" \/><\/span><br \/>\n<\/label>\n<\/p>\n<p><br \/>\n<label>Gateadresse og postnr. (obligatorisk)<br \/>\n<span class=\"wpcf7-form-control-wrap\" data-name=\"gateadresse_postnr\"><textarea cols=\"40\" rows=\"10\" maxlength=\"2000\" class=\"wpcf7-form-control wpcf7-textarea wpcf7-validates-as-required\" aria-required=\"true\" aria-invalid=\"false\" name=\"gateadresse_postnr\"><\/textarea><\/span><br \/>\n<\/label>\n<\/p>\n<p><br \/>\n<label>E-postadresse (obligatorisk)<br \/>\n<span class=\"wpcf7-form-control-wrap\" data-name=\"kontakt_epost\"><input size=\"40\" maxlength=\"400\" class=\"wpcf7-form-control wpcf7-email wpcf7-validates-as-required wpcf7-text wpcf7-validates-as-email\" aria-required=\"true\" aria-invalid=\"false\" value=\"\" type=\"email\" name=\"kontakt_epost\" \/><\/span><br \/>\n<\/label>\n<\/p>\n<p><br \/>\n<label>Adresse for utsett\/innhent (obligatorisk)<br \/>\n<span class=\"wpcf7-form-control-wrap\" data-name=\"adresse_utsett_innhent\"><textarea cols=\"40\" rows=\"10\" maxlength=\"2000\" class=\"wpcf7-form-control wpcf7-textarea wpcf7-validates-as-required\" aria-required=\"true\" aria-invalid=\"false\" name=\"adresse_utsett_innhent\"><\/textarea><\/span><br \/>\n<\/label>\n<\/p>\n<p><br \/>\n<label>Telefon \/ mobilnr. (obligatorisk)<br \/>\n<span class=\"wpcf7-form-control-wrap\" data-name=\"kontakt_telefon\"><input size=\"40\" maxlength=\"400\" class=\"wpcf7-form-control wpcf7-tel wpcf7-validates-as-required wpcf7-text wpcf7-validates-as-tel\" aria-required=\"true\" aria-invalid=\"false\" value=\"\" type=\"tel\" name=\"kontakt_telefon\" \/><\/span><br \/>\n<\/label>\n<\/p>\n<p><br \/>\n<label>\u00d8nsket dato for utsett (obligatorisk)<br \/>\n<span class=\"wpcf7-form-control-wrap\" data-name=\"dato_utsett\"><input class=\"wpcf7-form-control wpcf7-date wpcf7-validates-as-required wpcf7-validates-as-date\" aria-required=\"true\" aria-invalid=\"false\" value=\"\" type=\"date\" name=\"dato_utsett\" \/><\/span><br \/>\n<\/label>\n<\/p>\n<p><br \/>\n<label>\u00d8nsket dato for innhent (obligatorisk)<br \/>\n<span class=\"wpcf7-form-control-wrap\" data-name=\"dato_innhent\"><input class=\"wpcf7-form-control wpcf7-date wpcf7-validates-as-required wpcf7-validates-as-date\" aria-required=\"true\" aria-invalid=\"false\" value=\"\" type=\"date\" name=\"dato_innhent\" \/><\/span><br \/>\n<\/label>\n<\/p>\n<p><br \/>\n<label>\u00d8nsket kontainertype \/ sekker \/ utstyr (obligatorisk)<br \/>\n<span class=\"wpcf7-form-control-wrap\" data-name=\"kontainertype\"><select class=\"wpcf7-form-control wpcf7-select wpcf7-validates-as-required\" aria-required=\"true\" aria-invalid=\"false\" name=\"kontainertype\"><option value=\"\">&#8212;Velg et alternativ&#8212;<\/option><option value=\"\u00c5pen 10 m3 kontainer\">\u00c5pen 10 m3 kontainer<\/option><option value=\"Lukket 10 m3 kontainer\">Lukket 10 m3 kontainer<\/option><option value=\"\u00c5pen 20 m3 kontainer\">\u00c5pen 20 m3 kontainer<\/option><option value=\"Lukket 20 m3 kontainer\">Lukket 20 m3 kontainer<\/option><option value=\"\u00c5pen 30 m3 kontainer\">\u00c5pen 30 m3 kontainer<\/option><option value=\"Lukket 30 m3 kontainer\">Lukket 30 m3 kontainer<\/option><option value=\"3R-sekk (Bigbag)\">3R-sekk (Bigbag)<\/option><option value=\"Annet (spesifiser i feltet for kommentar)\">Annet (spesifiser i feltet for kommentar)<\/option><\/select><\/span><br \/>\n<\/label>\n<\/p>\n<p><br \/>\n<label>Avfallstype \/ fraksjon (obligatorisk)<br \/>\n<span class=\"wpcf7-form-control-wrap\" data-name=\"avfallstype\"><select class=\"wpcf7-form-control wpcf7-select wpcf7-validates-as-required\" aria-required=\"true\" aria-invalid=\"false\" name=\"avfallstype\"><option value=\"\">&#8212;Velg et alternativ&#8212;<\/option><option value=\"Restavfall til sortering \/ Blandet n\u00e6ringsavfall\">Restavfall til sortering \/ Blandet n\u00e6ringsavfall<\/option><option value=\"Hageavfall\">Hageavfall<\/option><option value=\"Blandet trevirke\">Blandet trevirke<\/option><option value=\"Impregnert trevirke\">Impregnert trevirke<\/option><option value=\"Isolasjon\">Isolasjon<\/option><option value=\"Gips\">Gips<\/option><option value=\"Blandet metall\">Blandet metall<\/option><option value=\"Annet (spesifiser i felt for kommentar)\">Annet (spesifiser i felt for kommentar)<\/option><\/select><\/span><br \/>\n<\/label>\n<\/p>\n<p><br \/>\n<label>Plassering av kontaineren (obligatorisk)<br \/>\n<span class=\"wpcf7-form-control-wrap\" data-name=\"plassering_container\"><textarea cols=\"40\" rows=\"10\" maxlength=\"2000\" class=\"wpcf7-form-control wpcf7-textarea wpcf7-validates-as-required\" aria-required=\"true\" aria-invalid=\"false\" name=\"plassering_container\"><\/textarea><\/span><br \/>\n<\/label>\n<\/p>\n<p><br \/>\n<label>Kommentar<br \/>\n<span class=\"wpcf7-form-control-wrap\" data-name=\"kommentar\"><textarea cols=\"40\" rows=\"10\" maxlength=\"2000\" class=\"wpcf7-form-control wpcf7-textarea\" aria-invalid=\"false\" name=\"kommentar\"><\/textarea><\/span><br \/>\n<\/label>\n<\/p>\n<p><br \/>\n<input class=\"wpcf7-form-control wpcf7-submit has-spinner\" type=\"submit\" value=\"Send bestilling\" \/>\n<\/p><div class=\"wpcf7-response-output\" aria-hidden=\"true\"><\/div>\n<\/form>\n<\/div>\n<\/span><\/h3>\n<h3><strong>Usikker p\u00e5 hvilken container du skal ha?<\/strong><\/h3>\n<p data-start=\"525\" data-end=\"723\"><strong data-start=\"525\" data-end=\"568\">\u00c5pen 8\u201310 m\u00b3 (mest brukt for private):<\/strong><br data-start=\"568\" data-end=\"571\" \/>Rydding av loft\/kjeller, hageavfall, sm\u00e5 byggeprosjekter. Lav innkasth\u00f8yde. Passer til det meste, men <strong data-start=\"673\" data-end=\"681\">ikke<\/strong> elektronikk og farlig avfall.<\/p>\n<p data-start=\"725\" data-end=\"898\"><strong data-start=\"725\" data-end=\"744\">Lukket 8\u201310 m\u00b3:<\/strong><br data-start=\"744\" data-end=\"747\" \/>N\u00e5r avfallet skal beskyttes mot v\u00e6r\/vind, eller du trenger l\u00e5sbart lokk. Ogs\u00e5 fin for papp\/papir eller brennbart avfall. Egnet for lengre leieperioder.<\/p>\n<p data-start=\"900\" data-end=\"1037\"><strong data-start=\"900\" data-end=\"918\">\u00c5pen 20\u201330 m\u00b3:<\/strong><br data-start=\"918\" data-end=\"921\" \/>Store prosjekter. Rivning, restaurering, t\u00f8mming av hus, store mengder avfall. Store d\u00f8rer bak for enkel innlasting.<\/p>\n<p data-start=\"1039\" data-end=\"1141\"><strong data-start=\"1039\" data-end=\"1068\">Spesialcontainere (8 m\u00b3):<\/strong><br data-start=\"1068\" data-end=\"1071\" \/>Arrangementsavfall eller andre spesialbehov. Kontakt oss ved sp\u00f8rsm\u00e5l.<\/p>\n<p data-start=\"1143\" data-end=\"1195\"><strong data-start=\"1143\" data-end=\"1170\">Skal du skifte vinduer?<\/strong><br data-start=\"1170\" data-end=\"1173\" \/>Gi beskjed i skjemaet.<\/p>\n<p data-start=\"135\" data-end=\"157\"><strong data-start=\"135\" data-end=\"157\">3R-sekk (ca. 1 m\u00b3)<\/strong><\/p>\n<p data-start=\"135\" data-end=\"157\">Egnet for mindre mengder avfall der container ikke er n\u00f8dvendig eller ikke f\u00e5r plass. Passer godt til sm\u00e5 oppussingsprosjekter, rydding, mindre mengder blandet avfall og hageavfall. M\u00e5 st\u00e5 innen l\u00f8fteavstand fra kj\u00f8rbar vei. Sekken m\u00e5 ikke fylles med tunge masser som jord, stein eller betong, da den blir for tung \u00e5 l\u00f8fte.<\/p>\n","protected":false},"excerpt":{"rendered":"<p>Usikker p\u00e5 hvilken container du skal ha? \u00c5pen 8\u201310 m\u00b3 (mest brukt for private):Rydding av loft\/kjeller, hageavfall, sm\u00e5 byggeprosjekter. Lav innkasth\u00f8yde. Passer til det meste, men ikke elektronikk og farlig avfall. Lukket 8\u201310 m\u00b3:N\u00e5r avfallet skal beskyttes mot v\u00e6r\/vind, eller du trenger l\u00e5sbart lokk. Ogs\u00e5 fin for papp\/papir eller brennbart avfall. Egnet for lengre leieperioder. [&#8230;]\n","protected":false},"author":14,"featured_media":0,"parent":0,"menu_order":0,"comment_status":"closed","ping_status":"closed","template":"","meta":{"footnotes":""},"class_list":["post-1480","page","type-page","status-publish","hentry"],"_links":{"self":[{"href":"https:\/\/retura.no\/ir\/wp-json\/wp\/v2\/pages\/1480","targetHints":{"allow":["GET"]}}],"collection":[{"href":"https:\/\/retura.no\/ir\/wp-json\/wp\/v2\/pages"}],"about":[{"href":"https:\/\/retura.no\/ir\/wp-json\/wp\/v2\/types\/page"}],"author":[{"embeddable":true,"href":"https:\/\/retura.no\/ir\/wp-json\/wp\/v2\/users\/14"}],"replies":[{"embeddable":true,"href":"https:\/\/retura.no\/ir\/wp-json\/wp\/v2\/comments?post=1480"}],"version-history":[{"count":8,"href":"https:\/\/retura.no\/ir\/wp-json\/wp\/v2\/pages\/1480\/revisions"}],"predecessor-version":[{"id":1580,"href":"https:\/\/retura.no\/ir\/wp-json\/wp\/v2\/pages\/1480\/revisions\/1580"}],"wp:attachment":[{"href":"https:\/\/retura.no\/ir\/wp-json\/wp\/v2\/media?parent=1480"}],"curies":[{"name":"wp","href":"https:\/\/api.w.org\/{rel}","templated":true}]}}