{"id":1052,"date":"2025-02-11T19:49:19","date_gmt":"2025-02-11T18:49:19","guid":{"rendered":"https:\/\/retura.no\/ir\/?page_id=1052"},"modified":"2026-01-20T17:45:44","modified_gmt":"2026-01-20T16:45:44","slug":"forurensetgrunn","status":"publish","type":"page","link":"https:\/\/retura.no\/ir\/forurensetgrunn\/","title":{"rendered":"Forurenset grunn"},"content":{"rendered":"\n\t<section class=\"section submenu\" id=\"section_85092948\">\n\t\t<div class=\"section-bg fill\" >\n\t\t\t\t\t\t\t\t\t\n\t\t\t\n\n\t\t<\/div>\n\n\t\t\n\n\t\t<div class=\"section-content relative\">\n\t\t\t\n<ul class=\"sidebar-wrapper ul-reset\"><\/ul>\n\t\t<\/div>\n\n\t\t\n<style>\n#section_85092948 {\n  padding-top: 30px;\n  padding-bottom: 30px;\n}\n<\/style>\n\t<\/section>\n\t\n\n\t<section class=\"section\" id=\"section_755145925\">\n\t\t<div class=\"section-bg fill\" >\n\t\t\t\t\t\t\t\t\t\n\t\t\t\n\n\t\t<\/div>\n\n\t\t\n\n\t\t<div class=\"section-content relative\">\n\t\t\t\n<div class=\"row\"  id=\"row-1561898517\">\n\n\t<div id=\"col-521444405\" class=\"col medium-8 small-12 large-9 col-divided\"  >\n\t\t\t\t<div class=\"col-inner\"  >\n\t\t\t\n\t\t\t\n<h1>Milj\u00f8teknikk og forurenset grunn<\/h1>\n<p>Ved bygge- eller gravearbeider i omr\u00e5der med mistanke om forurenset grunn er det krav om \u00e5 gjennomf\u00f8re grunnunders\u00f8kelser for \u00e5 kartlegge omfang og betydning av eventuell grunnforurensning. Dette reguleres blant annet av forurensningsforskriftens kapittel 2. Dersom det er forurenset grunn p\u00e5 et omr\u00e5de det planlegges bygge- eller gravearbeider stilles det videre en rekke krav til hvordan dette skal h\u00e5ndteres.<\/p>\n<p>Returas milj\u00f8r\u00e5dgivere har lang og bred ekspertise innen alle typer forurenset grunn-saker og tilbyr helhetlig bistand til v\u00e5re kunder. Vi skreddersyr l\u00f8sninger som ivaretar lovkrav, \u00f8konomi og fremdrift og sikrer optimal massebalanse i henhold til prosjektbehov, forurensningssituasjon og gjeldende regelverk. Vi p\u00e5tar oss ansvarsrett for prosjekteringsrollen i alle tiltaksklasser innen dette fagomr\u00e5det (opp til og med tiltaksklasse 3).<\/p>\n<p><strong>Kontakt<\/strong>:<br \/>\nThomas Haugen<br \/>\nRegionleder milj\u00f8 og ombruk<br \/>\nE-post: <a href=\"mailto:thomas.haugen@retura.no\">thomas.haugen@retura.no<\/a><br \/>\nTlf.: 48238479<\/p>\n\t\t<\/div>\n\t\t\t\t\t<\/div>\n\n\t\n\n\t<div id=\"col-412267510\" class=\"col medium-4 small-12 large-3\"  >\n\t\t\t\t<div class=\"col-inner\"  >\n\t\t\t\n\t\t\t\n\t<div class=\"img has-hover x md-x lg-x y md-y lg-y\" id=\"image_275730386\">\n\t\t<a class=\"\" href=\"https:\/\/retura.no\/ir\/wp-content\/uploads\/sites\/12\/2025\/02\/Produktark-Miljoteknikk-og-forurenset-grunn.pdf\" target=\"_blank\" rel=\"noopener\" >\t\t\t\t\t\t<div class=\"img-inner dark\" style=\"margin:0px 0px 20px 0px;\">\n\t\t\t<img loading=\"lazy\" decoding=\"async\" width=\"500\" height=\"700\" src=\"https:\/\/retura.no\/ir\/wp-content\/uploads\/sites\/12\/2025\/02\/miljoteknikk.jpg\" class=\"attachment-medium_large size-medium_large\" alt=\"Minityrbilde av pdf-dokument\" srcset=\"https:\/\/retura.no\/ir\/wp-content\/uploads\/sites\/12\/2025\/02\/miljoteknikk.jpg 500w, https:\/\/retura.no\/ir\/wp-content\/uploads\/sites\/12\/2025\/02\/miljoteknikk-214x300.jpg 214w\" sizes=\"auto, (max-width: 500px) 100vw, 500px\" \/>\t\t\t\t\t\t\n\t\t\t\t\t<\/div>\n\t\t\t\t\t\t<\/a>\t\t\n<style>\n#image_275730386 {\n  width: 90%;\n}\n<\/style>\n\t<\/div>\n\t\n<a href=\"https:\/\/retura.no\/ir\/wp-content\/uploads\/sites\/12\/2025\/02\/Produktark-Miljoteknikk-og-forurenset-grunn.pdf\" target=\"_blank\" class=\"button primary\" rel=\"noopener\"  style=\"border-radius:99px;\">\n\t\t<span>Last ned produktark<\/span>\n\t<\/a>\n\n\t\t<\/div>\n\t\t\t\t\t<\/div>\n\n\t\n\n<style>\n#row-1561898517 > .col > .col-inner {\n  padding: 40px 0px 0px 0px;\n}\n@media (min-width:550px) {\n  #row-1561898517 > .col > .col-inner {\n    padding: 0px 0px 0px 0px;\n  }\n}\n<\/style>\n<\/div>\n\t\t<\/div>\n\n\t\t\n<style>\n#section_755145925 {\n  padding-top: 50px;\n  padding-bottom: 50px;\n  background-color: rgb(246, 246, 246);\n}\n@media (min-width:550px) {\n  #section_755145925 {\n    padding-top: 80px;\n    padding-bottom: 80px;\n  }\n}\n<\/style>\n\t<\/section>\n\t\n","protected":false},"excerpt":{"rendered":"","protected":false},"author":14,"featured_media":0,"parent":0,"menu_order":0,"comment_status":"closed","ping_status":"closed","template":"","meta":{"footnotes":""},"class_list":["post-1052","page","type-page","status-publish","hentry"],"_links":{"self":[{"href":"https:\/\/retura.no\/ir\/wp-json\/wp\/v2\/pages\/1052","targetHints":{"allow":["GET"]}}],"collection":[{"href":"https:\/\/retura.no\/ir\/wp-json\/wp\/v2\/pages"}],"about":[{"href":"https:\/\/retura.no\/ir\/wp-json\/wp\/v2\/types\/page"}],"author":[{"embeddable":true,"href":"https:\/\/retura.no\/ir\/wp-json\/wp\/v2\/users\/14"}],"replies":[{"embeddable":true,"href":"https:\/\/retura.no\/ir\/wp-json\/wp\/v2\/comments?post=1052"}],"version-history":[{"count":8,"href":"https:\/\/retura.no\/ir\/wp-json\/wp\/v2\/pages\/1052\/revisions"}],"predecessor-version":[{"id":1144,"href":"https:\/\/retura.no\/ir\/wp-json\/wp\/v2\/pages\/1052\/revisions\/1144"}],"wp:attachment":[{"href":"https:\/\/retura.no\/ir\/wp-json\/wp\/v2\/media?parent=1052"}],"curies":[{"name":"wp","href":"https:\/\/api.w.org\/{rel}","templated":true}]}}