{"id":1050,"date":"2025-02-11T19:48:40","date_gmt":"2025-02-11T18:48:40","guid":{"rendered":"https:\/\/retura.no\/ir\/?page_id=1050"},"modified":"2026-01-20T17:45:44","modified_gmt":"2026-01-20T16:45:44","slug":"miljokartlegging","status":"publish","type":"page","link":"https:\/\/retura.no\/ir\/miljokartlegging\/","title":{"rendered":"Milj\u00f8kartlegging"},"content":{"rendered":"\n\t<section class=\"section submenu\" id=\"section_1464518565\">\n\t\t<div class=\"section-bg fill\" >\n\t\t\t\t\t\t\t\t\t\n\t\t\t\n\n\t\t<\/div>\n\n\t\t\n\n\t\t<div class=\"section-content relative\">\n\t\t\t\n<ul class=\"sidebar-wrapper ul-reset\"><\/ul>\n\t\t<\/div>\n\n\t\t\n<style>\n#section_1464518565 {\n  padding-top: 30px;\n  padding-bottom: 30px;\n}\n<\/style>\n\t<\/section>\n\t\n\n\t<section class=\"section\" id=\"section_1582057742\">\n\t\t<div class=\"section-bg fill\" >\n\t\t\t\t\t\t\t\t\t\n\t\t\t\n\n\t\t<\/div>\n\n\t\t\n\n\t\t<div class=\"section-content relative\">\n\t\t\t\n<div class=\"row\"  id=\"row-1424814324\">\n\n\t<div id=\"col-907630779\" class=\"col medium-8 small-12 large-9 col-divided\"  >\n\t\t\t\t<div class=\"col-inner\"  >\n\t\t\t\n\t\t\t\n<h1>Milj\u00f8kartlegging<\/h1>\n<p>Kravet til milj\u00f8kartlegging er forankret i byggteknisk forskrift (TEK-17). Ved alle typer tiltak i eksisterende byggverk og konstruksjoner stilles det krav til at det m\u00e5 gjennomf\u00f8res en milj\u00f8kartlegging for \u00e5 kartlegge bygningsfraksjoner som m\u00e5 h\u00e5ndteres som farlig avfall ved riving. Milj\u00f8kartleggingen danner grunnlaget for milj\u00f8saneringen, det vil si saneringen av helse- og milj\u00f8farlige stoffer f\u00f8r selve rivearbeidene. Dette gjennomf\u00f8res for \u00e5 sikre at arbeidstakere og milj\u00f8 ikke blir utsatt for helse- og milj\u00f8farlige stoffer som f\u00f8lge av rivearbeidene.<\/p>\n<p>Milj\u00f8kartleggingen er en viktig del av forberedelsene f\u00f8r rivearbeidene, og en grundig gjennomf\u00f8rt kartlegging reduserer risikoen for overraskelser p\u00e5 bekostning av helse, milj\u00f8 og \u00f8konomi i anleggsfasen.<\/p>\n<p>Retura har spisskompetanse innen milj\u00f8kartleggingsfaget og med en sammenlagt erfaring p\u00e5 over 30 \u00e5r innen alle typer rive-, rehabilitering og ombyggingsprosjekter er vi i stand til \u00e5 tilby gjennomf\u00f8ring av milj\u00f8kartlegging av enhver type prosjekt. Vi kan avfall, og kartlegging av avfallet er en helt sentral del av v\u00e5rt virke. V\u00e5rt m\u00e5l er \u00e5 levere milj\u00f8kartlegginger av h\u00f8y kvalitet til sv\u00e6rt konkurransedyktige priser gjennom sterk fagkunnskap, effektive arbeidsprosesser og profesjonelle kvalitetssikringsrutiner. Vi p\u00e5tar oss ansvarsrett for prosjekteringsrollen i alle tiltaksklasser innen dette fagomr\u00e5det (opp til og med tiltaksklasse 3).<\/p>\n<p><strong>Kontakt<\/strong>: <br \/>Thomas Haugen<br \/>Regionleder milj\u00f8 og ombruk<br \/>E-post: <a href=\"mailto:thomas.haugen@retura.no\">thomas.haugen@retura.no<\/a><br \/>Tlf.: 48238479<\/p>\n\t<div id=\"gap-811700355\" class=\"gap-element clearfix\" style=\"display:block; height:auto;\">\n\t\t\n<style>\n#gap-811700355 {\n  padding-top: 50px;\n}\n<\/style>\n\t<\/div>\n\t\n  <div class=\"banner-grid-wrapper\">\n  <div id=\"banner-grid-148541936\" class=\"banner-grid row row-grid row-small\" data-packery-options=\"\">\n                      \n<div class=\"col grid-col large-6 grid-col-1\" ><div class=\"col-inner\">\n\t<div class=\"img has-hover x md-x lg-x y md-y lg-y\" id=\"image_810536825\">\n\t\t\t\t\t\t\t\t<div class=\"img-inner dark\" >\n\t\t\t<img loading=\"lazy\" decoding=\"async\" width=\"768\" height=\"1024\" src=\"https:\/\/retura.no\/ir\/wp-content\/uploads\/sites\/12\/2025\/02\/image00006_1500-768x1024.jpg\" class=\"attachment-large size-large\" alt=\"\" srcset=\"https:\/\/retura.no\/ir\/wp-content\/uploads\/sites\/12\/2025\/02\/image00006_1500-768x1024.jpg 768w, https:\/\/retura.no\/ir\/wp-content\/uploads\/sites\/12\/2025\/02\/image00006_1500-225x300.jpg 225w, https:\/\/retura.no\/ir\/wp-content\/uploads\/sites\/12\/2025\/02\/image00006_1500-1152x1536.jpg 1152w, https:\/\/retura.no\/ir\/wp-content\/uploads\/sites\/12\/2025\/02\/image00006_1500.jpg 1500w\" sizes=\"auto, (max-width: 768px) 100vw, 768px\" \/>\t\t\t\t\t\t\n\t\t\t\t\t<\/div>\n\t\t\t\t\t\t\t\t\n<style>\n#image_810536825 {\n  width: 100%;\n}\n<\/style>\n\t<\/div>\n\t\n<\/div><\/div>\n<div class=\"col grid-col large-3 grid-col-1-2\" ><div class=\"col-inner\">\n\t<div class=\"img has-hover x md-x lg-x y md-y lg-y\" id=\"image_2138509125\">\n\t\t\t\t\t\t\t\t<div class=\"img-inner dark\" >\n\t\t\t<img loading=\"lazy\" decoding=\"async\" width=\"768\" height=\"1024\" src=\"https:\/\/retura.no\/ir\/wp-content\/uploads\/sites\/12\/2025\/02\/image00019_1500-768x1024.jpg\" class=\"attachment-medium_large size-medium_large\" alt=\"\" srcset=\"https:\/\/retura.no\/ir\/wp-content\/uploads\/sites\/12\/2025\/02\/image00019_1500-768x1024.jpg 768w, https:\/\/retura.no\/ir\/wp-content\/uploads\/sites\/12\/2025\/02\/image00019_1500-225x300.jpg 225w, https:\/\/retura.no\/ir\/wp-content\/uploads\/sites\/12\/2025\/02\/image00019_1500-1152x1536.jpg 1152w, https:\/\/retura.no\/ir\/wp-content\/uploads\/sites\/12\/2025\/02\/image00019_1500.jpg 1500w\" sizes=\"auto, (max-width: 768px) 100vw, 768px\" \/>\t\t\t\t\t\t\n\t\t\t\t\t<\/div>\n\t\t\t\t\t\t\t\t\n<style>\n#image_2138509125 {\n  width: 100%;\n}\n<\/style>\n\t<\/div>\n\t\n<\/div><\/div>\n<div class=\"col grid-col large-3 grid-col-1-2\" ><div class=\"col-inner\">\n\t<div class=\"img has-hover x md-x lg-x y md-y lg-y\" id=\"image_13322002\">\n\t\t\t\t\t\t\t\t<div class=\"img-inner dark\" >\n\t\t\t<img loading=\"lazy\" decoding=\"async\" width=\"768\" height=\"1024\" src=\"https:\/\/retura.no\/ir\/wp-content\/uploads\/sites\/12\/2025\/02\/Asbestprovetaking-i-stige_1500-768x1024.jpg\" class=\"attachment-medium_large size-medium_large\" alt=\"\" srcset=\"https:\/\/retura.no\/ir\/wp-content\/uploads\/sites\/12\/2025\/02\/Asbestprovetaking-i-stige_1500-768x1024.jpg 768w, https:\/\/retura.no\/ir\/wp-content\/uploads\/sites\/12\/2025\/02\/Asbestprovetaking-i-stige_1500-225x300.jpg 225w, https:\/\/retura.no\/ir\/wp-content\/uploads\/sites\/12\/2025\/02\/Asbestprovetaking-i-stige_1500-1152x1536.jpg 1152w, https:\/\/retura.no\/ir\/wp-content\/uploads\/sites\/12\/2025\/02\/Asbestprovetaking-i-stige_1500.jpg 1500w\" sizes=\"auto, (max-width: 768px) 100vw, 768px\" \/>\t\t\t\t\t\t\n\t\t\t\t\t<\/div>\n\t\t\t\t\t\t\t\t\n<style>\n#image_13322002 {\n  width: 100%;\n}\n<\/style>\n\t<\/div>\n\t\n<\/div><\/div>\n<div class=\"col grid-col large-3 grid-col-1-2\" ><div class=\"col-inner\">\n\t<div class=\"img has-hover x md-x lg-x y md-y lg-y\" id=\"image_826555134\">\n\t\t\t\t\t\t\t\t<div class=\"img-inner dark\" >\n\t\t\t<img loading=\"lazy\" decoding=\"async\" width=\"768\" height=\"1024\" src=\"https:\/\/retura.no\/ir\/wp-content\/uploads\/sites\/12\/2025\/02\/image00032_1500-768x1024.jpg\" class=\"attachment-medium_large size-medium_large\" alt=\"\" srcset=\"https:\/\/retura.no\/ir\/wp-content\/uploads\/sites\/12\/2025\/02\/image00032_1500-768x1024.jpg 768w, https:\/\/retura.no\/ir\/wp-content\/uploads\/sites\/12\/2025\/02\/image00032_1500-225x300.jpg 225w, https:\/\/retura.no\/ir\/wp-content\/uploads\/sites\/12\/2025\/02\/image00032_1500-1152x1536.jpg 1152w, https:\/\/retura.no\/ir\/wp-content\/uploads\/sites\/12\/2025\/02\/image00032_1500.jpg 1500w\" sizes=\"auto, (max-width: 768px) 100vw, 768px\" \/>\t\t\t\t\t\t\n\t\t\t\t\t<\/div>\n\t\t\t\t\t\t\t\t\n<style>\n#image_826555134 {\n  width: 100%;\n}\n<\/style>\n\t<\/div>\n\t\n<\/div><\/div>\n<div class=\"col grid-col large-3 grid-col-1-2\" ><div class=\"col-inner\">\n\t<div class=\"img has-hover x md-x lg-x y md-y lg-y\" id=\"image_69966040\">\n\t\t\t\t\t\t\t\t<div class=\"img-inner dark\" >\n\t\t\t<img loading=\"lazy\" decoding=\"async\" width=\"768\" height=\"768\" src=\"https:\/\/retura.no\/ir\/wp-content\/uploads\/sites\/12\/2025\/02\/SG_GULL_SORTBOKS_1500-768x768.png\" class=\"attachment-medium_large size-medium_large\" alt=\"\" srcset=\"https:\/\/retura.no\/ir\/wp-content\/uploads\/sites\/12\/2025\/02\/SG_GULL_SORTBOKS_1500-768x768.png 768w, https:\/\/retura.no\/ir\/wp-content\/uploads\/sites\/12\/2025\/02\/SG_GULL_SORTBOKS_1500-300x300.png 300w, https:\/\/retura.no\/ir\/wp-content\/uploads\/sites\/12\/2025\/02\/SG_GULL_SORTBOKS_1500-1024x1024.png 1024w, https:\/\/retura.no\/ir\/wp-content\/uploads\/sites\/12\/2025\/02\/SG_GULL_SORTBOKS_1500-150x150.png 150w, https:\/\/retura.no\/ir\/wp-content\/uploads\/sites\/12\/2025\/02\/SG_GULL_SORTBOKS_1500.png 1500w\" sizes=\"auto, (max-width: 768px) 100vw, 768px\" \/>\t\t\t\t\t\t\n\t\t\t\t\t<\/div>\n\t\t\t\t\t\t\t\t\n<style>\n#image_69966040 {\n  width: 100%;\n}\n<\/style>\n\t<\/div>\n\t\n<\/div><\/div>\n            <\/div>\n    <style>\n    #banner-grid-148541936 .grid-col-1{height: 456px}\n    #banner-grid-148541936 .grid-col-1-2{height: 228px}\n    #banner-grid-148541936 .grid-col-1-3{height:152px}\n    #banner-grid-148541936 .grid-col-2-3{height: 304px}\n    #banner-grid-148541936 .grid-col-1-4{height: 114px}\n    #banner-grid-148541936 .grid-col-3-4{height: 342px}\n\n\n    \n    \n\n  <\/style>\n    <\/div>\n  \n\t\t<\/div>\n\t\t\t\t\t<\/div>\n\n\t\n\n\t<div id=\"col-1596933013\" class=\"col medium-4 small-12 large-3\"  >\n\t\t\t\t<div class=\"col-inner\"  >\n\t\t\t\n\t\t\t\n\t<div class=\"img has-hover x md-x lg-x y md-y lg-y\" id=\"image_1926492443\">\n\t\t<a class=\"\" href=\"https:\/\/retura.no\/ir\/wp-content\/uploads\/sites\/12\/2025\/02\/Produktark-Miljokartlegging.pdf\" target=\"_blank\" rel=\"noopener\" >\t\t\t\t\t\t<div class=\"img-inner dark\" style=\"margin:0px 0px 20px 0px;\">\n\t\t\t<img loading=\"lazy\" decoding=\"async\" width=\"500\" height=\"731\" src=\"https:\/\/retura.no\/ir\/wp-content\/uploads\/sites\/12\/2025\/02\/miljoraadgivning.jpg\" class=\"attachment-medium_large size-medium_large\" alt=\"Minityrbilde av pdf-dokument\" srcset=\"https:\/\/retura.no\/ir\/wp-content\/uploads\/sites\/12\/2025\/02\/miljoraadgivning.jpg 500w, https:\/\/retura.no\/ir\/wp-content\/uploads\/sites\/12\/2025\/02\/miljoraadgivning-205x300.jpg 205w\" sizes=\"auto, (max-width: 500px) 100vw, 500px\" \/>\t\t\t\t\t\t\n\t\t\t\t\t<\/div>\n\t\t\t\t\t\t<\/a>\t\t\n<style>\n#image_1926492443 {\n  width: 90%;\n}\n<\/style>\n\t<\/div>\n\t\n<a href=\"https:\/\/retura.no\/ir\/wp-content\/uploads\/sites\/12\/2025\/02\/Produktark-Miljokartlegging.pdf\" target=\"_blank\" class=\"button primary\" rel=\"noopener\"  style=\"border-radius:99px;\">\n\t\t<span>Last ned produktark<\/span>\n\t<\/a>\n\n\t\t<\/div>\n\t\t\t\t\t<\/div>\n\n\t\n\n<style>\n#row-1424814324 > .col > .col-inner {\n  padding: 40px 0px 0px 0px;\n}\n@media (min-width:550px) {\n  #row-1424814324 > .col > .col-inner {\n    padding: 0px 0px 0px 0px;\n  }\n}\n<\/style>\n<\/div>\n\t\t<\/div>\n\n\t\t\n<style>\n#section_1582057742 {\n  padding-top: 50px;\n  padding-bottom: 50px;\n  background-color: rgb(246, 246, 246);\n}\n@media (min-width:550px) {\n  #section_1582057742 {\n    padding-top: 80px;\n    padding-bottom: 80px;\n  }\n}\n<\/style>\n\t<\/section>\n\t\n","protected":false},"excerpt":{"rendered":"","protected":false},"author":14,"featured_media":0,"parent":0,"menu_order":0,"comment_status":"closed","ping_status":"closed","template":"","meta":{"footnotes":""},"class_list":["post-1050","page","type-page","status-publish","hentry"],"_links":{"self":[{"href":"https:\/\/retura.no\/ir\/wp-json\/wp\/v2\/pages\/1050","targetHints":{"allow":["GET"]}}],"collection":[{"href":"https:\/\/retura.no\/ir\/wp-json\/wp\/v2\/pages"}],"about":[{"href":"https:\/\/retura.no\/ir\/wp-json\/wp\/v2\/types\/page"}],"author":[{"embeddable":true,"href":"https:\/\/retura.no\/ir\/wp-json\/wp\/v2\/users\/14"}],"replies":[{"embeddable":true,"href":"https:\/\/retura.no\/ir\/wp-json\/wp\/v2\/comments?post=1050"}],"version-history":[{"count":6,"href":"https:\/\/retura.no\/ir\/wp-json\/wp\/v2\/pages\/1050\/revisions"}],"predecessor-version":[{"id":1145,"href":"https:\/\/retura.no\/ir\/wp-json\/wp\/v2\/pages\/1050\/revisions\/1145"}],"wp:attachment":[{"href":"https:\/\/retura.no\/ir\/wp-json\/wp\/v2\/media?parent=1050"}],"curies":[{"name":"wp","href":"https:\/\/api.w.org\/{rel}","templated":true}]}}