{"id":1048,"date":"2025-02-11T19:49:08","date_gmt":"2025-02-11T18:49:08","guid":{"rendered":"https:\/\/retura.no\/ir\/?page_id=1048"},"modified":"2026-01-20T17:45:44","modified_gmt":"2026-01-20T16:45:44","slug":"ombrukskartlegging-2","status":"publish","type":"page","link":"https:\/\/retura.no\/ir\/ombrukskartlegging-2\/","title":{"rendered":"Ombrukskartlegging"},"content":{"rendered":"\n\t<section class=\"section submenu\" id=\"section_1560045711\">\n\t\t<div class=\"section-bg fill\" >\n\t\t\t\t\t\t\t\t\t\n\t\t\t\n\n\t\t<\/div>\n\n\t\t\n\n\t\t<div class=\"section-content relative\">\n\t\t\t\n<ul class=\"sidebar-wrapper ul-reset\"><\/ul>\n\t\t<\/div>\n\n\t\t\n<style>\n#section_1560045711 {\n  padding-top: 30px;\n  padding-bottom: 30px;\n}\n<\/style>\n\t<\/section>\n\t\n\n\t<section class=\"section\" id=\"section_2077921190\">\n\t\t<div class=\"section-bg fill\" >\n\t\t\t\t\t\t\t\t\t\n\t\t\t\n\n\t\t<\/div>\n\n\t\t\n\n\t\t<div class=\"section-content relative\">\n\t\t\t\n<div class=\"row\"  id=\"row-1898083812\">\n\n\t<div id=\"col-118817712\" class=\"col medium-8 small-12 large-9 col-divided\"  >\n\t\t\t\t<div class=\"col-inner\"  >\n\t\t\t\n\t\t\t\n<h1>Ombrukskartlegging<\/h1>\n<p>Ved tiltak i de fleste bygg stilles det krav til at det m\u00e5 gjennomf\u00f8res en ombrukskartlegging for \u00e5 kartlegge bygningsmaterialer egnet for ombruk. Kravet til ombrukskartlegging er forankret i byggteknisk forskrift (TEK-17) og inng\u00e5r i tillegg som en forutsetning for \u00e5 oppn\u00e5 BREEAM-sertifisering. Ombrukskartleggingen er det f\u00f8rste steget for \u00e5 oppn\u00e5 ressurseffektive l\u00f8sninger og fungerer som et viktig verkt\u00f8y for \u00e5 redusere klimagassutslipp og kostnader p\u00e5 virksomhets- eller prosjektniv\u00e5.<\/p>\n<p>Ombruk i praksis er en integrert del av v\u00e5r virksomhet, og spiller en sentral rolle i overgangen til et sirkul\u00e6rt samfunn. Vi tilbyr ombrukskartlegging tilpasset ethvert behov, og har i tillegg et komplett apparat rundt for \u00e5 kunne realisere ombruk i praksis. Dette gj\u00f8r oss til en solid samarbeidspartner og en ledende akt\u00f8r innen ombrukskartlegging. Vi p\u00e5tar oss ansvarsrett for prosjekteringsrollen i alle tiltaksklasser innen dette fagomr\u00e5det (opp til og med tiltaksklasse 3).<\/p>\n<p><strong>Kontakt<\/strong>: <br \/>Thomas Haugen<br \/>Regionleder milj\u00f8 og ombruk<br \/>E-post: <a href=\"mailto:thomas.haugen@retura.no\">thomas.haugen@retura.no<\/a><br \/>Tlf.: 48238479<\/p>\n\t<div id=\"gap-214879987\" class=\"gap-element clearfix\" style=\"display:block; height:auto;\">\n\t\t\n<style>\n#gap-214879987 {\n  padding-top: 50px;\n}\n<\/style>\n\t<\/div>\n\t\n  <div class=\"banner-grid-wrapper\">\n  <div id=\"banner-grid-478662544\" class=\"banner-grid row row-grid row-small\" data-packery-options=\"\">\n                      \n<div class=\"col grid-col large-4 grid-col-1\" ><div class=\"col-inner\">\n\t<div class=\"img has-hover x md-x lg-x y md-y lg-y\" id=\"image_537953830\">\n\t\t\t\t\t\t\t\t<div class=\"img-inner dark\" >\n\t\t\t<img loading=\"lazy\" decoding=\"async\" width=\"768\" height=\"1024\" src=\"https:\/\/retura.no\/ir\/wp-content\/uploads\/sites\/12\/2025\/02\/image00024_1500-768x1024.jpg\" class=\"attachment-medium_large size-medium_large\" alt=\"\" srcset=\"https:\/\/retura.no\/ir\/wp-content\/uploads\/sites\/12\/2025\/02\/image00024_1500-768x1024.jpg 768w, https:\/\/retura.no\/ir\/wp-content\/uploads\/sites\/12\/2025\/02\/image00024_1500-225x300.jpg 225w, https:\/\/retura.no\/ir\/wp-content\/uploads\/sites\/12\/2025\/02\/image00024_1500-1152x1536.jpg 1152w, https:\/\/retura.no\/ir\/wp-content\/uploads\/sites\/12\/2025\/02\/image00024_1500.jpg 1500w\" sizes=\"auto, (max-width: 768px) 100vw, 768px\" \/>\t\t\t\t\t\t\n\t\t\t\t\t<\/div>\n\t\t\t\t\t\t\t\t\n<style>\n#image_537953830 {\n  width: 100%;\n}\n<\/style>\n\t<\/div>\n\t\n<\/div><\/div>\n<div class=\"col grid-col large-4 grid-col-1-2\" ><div class=\"col-inner\">\n\t<div class=\"img has-hover x md-x lg-x y md-y lg-y\" id=\"image_1331739546\">\n\t\t\t\t\t\t\t\t<div class=\"img-inner dark\" >\n\t\t\t<img loading=\"lazy\" decoding=\"async\" width=\"1020\" height=\"765\" src=\"https:\/\/retura.no\/ir\/wp-content\/uploads\/sites\/12\/2025\/02\/image00027_1500-1024x768.jpg\" class=\"attachment-large size-large\" alt=\"\" srcset=\"https:\/\/retura.no\/ir\/wp-content\/uploads\/sites\/12\/2025\/02\/image00027_1500-1024x768.jpg 1024w, https:\/\/retura.no\/ir\/wp-content\/uploads\/sites\/12\/2025\/02\/image00027_1500-300x225.jpg 300w, https:\/\/retura.no\/ir\/wp-content\/uploads\/sites\/12\/2025\/02\/image00027_1500-768x576.jpg 768w, https:\/\/retura.no\/ir\/wp-content\/uploads\/sites\/12\/2025\/02\/image00027_1500.jpg 1500w\" sizes=\"auto, (max-width: 1020px) 100vw, 1020px\" \/>\t\t\t\t\t\t\n\t\t\t\t\t<\/div>\n\t\t\t\t\t\t\t\t\n<style>\n#image_1331739546 {\n  width: 100%;\n}\n<\/style>\n\t<\/div>\n\t\n<\/div><\/div>\n<div class=\"col grid-col large-4 grid-col-1\" ><div class=\"col-inner\">\n\t<div class=\"img has-hover x md-x lg-x y md-y lg-y\" id=\"image_2108778476\">\n\t\t\t\t\t\t\t\t<div class=\"img-inner dark\" >\n\t\t\t<img loading=\"lazy\" decoding=\"async\" width=\"768\" height=\"1024\" src=\"https:\/\/retura.no\/ir\/wp-content\/uploads\/sites\/12\/2025\/02\/image00029_1500-768x1024.jpg\" class=\"attachment-large size-large\" alt=\"\" srcset=\"https:\/\/retura.no\/ir\/wp-content\/uploads\/sites\/12\/2025\/02\/image00029_1500-768x1024.jpg 768w, https:\/\/retura.no\/ir\/wp-content\/uploads\/sites\/12\/2025\/02\/image00029_1500-225x300.jpg 225w, https:\/\/retura.no\/ir\/wp-content\/uploads\/sites\/12\/2025\/02\/image00029_1500-1152x1536.jpg 1152w, https:\/\/retura.no\/ir\/wp-content\/uploads\/sites\/12\/2025\/02\/image00029_1500.jpg 1500w\" sizes=\"auto, (max-width: 768px) 100vw, 768px\" \/>\t\t\t\t\t\t\n\t\t\t\t\t<\/div>\n\t\t\t\t\t\t\t\t\n<style>\n#image_2108778476 {\n  width: 100%;\n}\n<\/style>\n\t<\/div>\n\t\n<\/div><\/div>\n<div class=\"col grid-col large-4 grid-col-1-2\" ><div class=\"col-inner\">\n\t<div class=\"img has-hover x md-x lg-x y md-y lg-y\" id=\"image_770516251\">\n\t\t\t\t\t\t\t\t<div class=\"img-inner dark\" >\n\t\t\t<img loading=\"lazy\" decoding=\"async\" width=\"768\" height=\"1024\" src=\"https:\/\/retura.no\/ir\/wp-content\/uploads\/sites\/12\/2025\/02\/image00022_1500-768x1024.jpg\" class=\"attachment-large size-large\" alt=\"\" srcset=\"https:\/\/retura.no\/ir\/wp-content\/uploads\/sites\/12\/2025\/02\/image00022_1500-768x1024.jpg 768w, https:\/\/retura.no\/ir\/wp-content\/uploads\/sites\/12\/2025\/02\/image00022_1500-225x300.jpg 225w, https:\/\/retura.no\/ir\/wp-content\/uploads\/sites\/12\/2025\/02\/image00022_1500-1152x1536.jpg 1152w, https:\/\/retura.no\/ir\/wp-content\/uploads\/sites\/12\/2025\/02\/image00022_1500.jpg 1500w\" sizes=\"auto, (max-width: 768px) 100vw, 768px\" \/>\t\t\t\t\t\t\n\t\t\t\t\t<\/div>\n\t\t\t\t\t\t\t\t\n<style>\n#image_770516251 {\n  width: 100%;\n}\n<\/style>\n\t<\/div>\n\t\n<\/div><\/div>\n            <\/div>\n    <style>\n    #banner-grid-478662544 .grid-col-1{height: 449px}\n    #banner-grid-478662544 .grid-col-1-2{height: 224.5px}\n    #banner-grid-478662544 .grid-col-1-3{height:149.66666666667px}\n    #banner-grid-478662544 .grid-col-2-3{height: 299.33333333333px}\n    #banner-grid-478662544 .grid-col-1-4{height: 112.25px}\n    #banner-grid-478662544 .grid-col-3-4{height: 336.75px}\n\n\n    \n    \n\n  <\/style>\n    <\/div>\n  \n\t\t<\/div>\n\t\t\t\t\t<\/div>\n\n\t\n\n\t<div id=\"col-1012379836\" class=\"col medium-4 small-12 large-3\"  >\n\t\t\t\t<div class=\"col-inner\"  >\n\t\t\t\n\t\t\t\n\t<div class=\"img has-hover x md-x lg-x y md-y lg-y\" id=\"image_1632242839\">\n\t\t<a class=\"\" href=\"https:\/\/retura.no\/ir\/wp-content\/uploads\/sites\/12\/2025\/02\/Produktark-Ombrukskartlegging.pdf\" target=\"_blank\" rel=\"noopener\" >\t\t\t\t\t\t<div class=\"img-inner dark\" style=\"margin:0px 0px 20px 0px;\">\n\t\t\t<img loading=\"lazy\" decoding=\"async\" width=\"500\" height=\"685\" src=\"https:\/\/retura.no\/ir\/wp-content\/uploads\/sites\/12\/2025\/02\/ombrukskartlegging.jpg\" class=\"attachment-medium_large size-medium_large\" alt=\"Minityrbilde av pdf-dokument\" srcset=\"https:\/\/retura.no\/ir\/wp-content\/uploads\/sites\/12\/2025\/02\/ombrukskartlegging.jpg 500w, https:\/\/retura.no\/ir\/wp-content\/uploads\/sites\/12\/2025\/02\/ombrukskartlegging-219x300.jpg 219w\" sizes=\"auto, (max-width: 500px) 100vw, 500px\" \/>\t\t\t\t\t\t\n\t\t\t\t\t<\/div>\n\t\t\t\t\t\t<\/a>\t\t\n<style>\n#image_1632242839 {\n  width: 90%;\n}\n<\/style>\n\t<\/div>\n\t\n<a href=\"https:\/\/retura.no\/ir\/wp-content\/uploads\/sites\/12\/2025\/02\/Produktark-Ombrukskartlegging.pdf\" target=\"_blank\" class=\"button primary\" rel=\"noopener\"  style=\"border-radius:99px;\">\n\t\t<span>Last ned produktark<\/span>\n\t<\/a>\n\n\t\t<\/div>\n\t\t\t\t\t<\/div>\n\n\t\n\n<style>\n#row-1898083812 > .col > .col-inner {\n  padding: 40px 0px 0px 0px;\n}\n@media (min-width:550px) {\n  #row-1898083812 > .col > .col-inner {\n    padding: 0px 0px 0px 0px;\n  }\n}\n<\/style>\n<\/div>\n\t\t<\/div>\n\n\t\t\n<style>\n#section_2077921190 {\n  padding-top: 50px;\n  padding-bottom: 50px;\n  background-color: rgb(246, 246, 246);\n}\n@media (min-width:550px) {\n  #section_2077921190 {\n    padding-top: 80px;\n    padding-bottom: 80px;\n  }\n}\n<\/style>\n\t<\/section>\n\t\n","protected":false},"excerpt":{"rendered":"","protected":false},"author":14,"featured_media":0,"parent":0,"menu_order":0,"comment_status":"closed","ping_status":"closed","template":"","meta":{"footnotes":""},"class_list":["post-1048","page","type-page","status-publish","hentry"],"_links":{"self":[{"href":"https:\/\/retura.no\/ir\/wp-json\/wp\/v2\/pages\/1048","targetHints":{"allow":["GET"]}}],"collection":[{"href":"https:\/\/retura.no\/ir\/wp-json\/wp\/v2\/pages"}],"about":[{"href":"https:\/\/retura.no\/ir\/wp-json\/wp\/v2\/types\/page"}],"author":[{"embeddable":true,"href":"https:\/\/retura.no\/ir\/wp-json\/wp\/v2\/users\/14"}],"replies":[{"embeddable":true,"href":"https:\/\/retura.no\/ir\/wp-json\/wp\/v2\/comments?post=1048"}],"version-history":[{"count":7,"href":"https:\/\/retura.no\/ir\/wp-json\/wp\/v2\/pages\/1048\/revisions"}],"predecessor-version":[{"id":1146,"href":"https:\/\/retura.no\/ir\/wp-json\/wp\/v2\/pages\/1048\/revisions\/1146"}],"wp:attachment":[{"href":"https:\/\/retura.no\/ir\/wp-json\/wp\/v2\/media?parent=1048"}],"curies":[{"name":"wp","href":"https:\/\/api.w.org\/{rel}","templated":true}]}}