{"id":1024,"date":"2025-02-11T19:52:30","date_gmt":"2025-02-11T18:52:30","guid":{"rendered":"https:\/\/retura.no\/ir\/?page_id=1024"},"modified":"2025-11-17T12:14:37","modified_gmt":"2025-11-17T11:14:37","slug":"ombrukstjenester","status":"publish","type":"page","link":"https:\/\/retura.no\/ir\/ombrukstjenester\/","title":{"rendered":"Ombrukstjenester"},"content":{"rendered":"\n\t<section class=\"section submenu\" id=\"section_1292245477\">\n\t\t<div class=\"section-bg fill\" >\n\t\t\t\t\t\t\t\t\t\n\t\t\t\n\n\t\t<\/div>\n\n\t\t\n\n\t\t<div class=\"section-content relative\">\n\t\t\t\n<ul class=\"sidebar-wrapper ul-reset\"><\/ul>\n\t\t<\/div>\n\n\t\t\n<style>\n#section_1292245477 {\n  padding-top: 30px;\n  padding-bottom: 30px;\n}\n<\/style>\n\t<\/section>\n\t\n\n\t<section class=\"section\" id=\"section_1348603336\">\n\t\t<div class=\"section-bg fill\" >\n\t\t\t\t\t\t\t\t\t\n\t\t\t\n\n\t\t<\/div>\n\n\t\t\n\n\t\t<div class=\"section-content relative\">\n\t\t\t\n<div class=\"row\"  id=\"row-262320115\">\n\n\t<div id=\"col-1490366105\" class=\"col medium-8 small-12 large-9 col-divided\"  >\n\t\t\t\t<div class=\"col-inner\"  >\n\t\t\t\n\t\t\t\n\t<div id=\"text-509015108\" class=\"text\">\n\t\t\n<h1>Ombrukstjenester<\/h1>\n<p>Ombruk av byggematerialer er en sentral del av sirkul\u00e6r \u00f8konomi og en effektiv strategi for \u00e5 redusere avfallsmengder og klimagassutslipp.<\/p>\n<p>V\u00e5rt m\u00e5l er \u00e5 redusere avfallsmengdene gjennom en \u00f8kt satsing p\u00e5 ombruk, og vi mener at en helhetlig tiln\u00e6rming som dekker hele prosessen er n\u00f8kkelen til \u00e5 lykkes. V\u00e5re tjenester spenner over alle faser av ombruk \u2013 fra tidlig kartlegging til demontering, transport, lagring og salg av gjenbrukbare bygningsmaterialer.<\/p>\n<p>V\u00e5re ombrukstjenester tilpasses hvert prosjekt, enten du trenger r\u00e5dgivning i tidligfase, praktisk gjennomf\u00f8ring av demontering, transport og mellomlagring, eller en trygg kanal for videresalg av gjenbrukbare materialer. Vi leverer selvsagt ogs\u00e5 dokumentasjon p\u00e5 materialer som er levert for ombruk.<\/p>\n<p>Ombruk er ikke bare bra for milj\u00f8et \u2013 det gir ogs\u00e5 \u00f8konomiske fordeler ved \u00e5 redusere avfallskostnader og fremme gjenbruk av verdifulle ressurser. Vi samarbeider tett med entrepren\u00f8rer, byggherrer og andre akt\u00f8rer for \u00e5 finne de beste l\u00f8sningene for hvert enkelt prosjekt. Les mer i produktarket, eller ta kontakt for \u00e5 l\u00e6re mer om hvordan vi kan hjelpe deg!<\/p>\n<h3><strong><br \/>\nEr du p\u00e5 utkikk etter rimelige byggematerialer?<\/strong><\/h3>\n<ul>\n<li>Nettbutikk &#8211; Se eller kj\u00f8p et utvalg av varene vi har p\u00e5 lager i v\u00e5r <a href=\"https:\/\/sirken.no\/search?city%5b0%5d=Verdal&amp;query=\" target=\"_blank\" rel=\"noopener\">nettbutikk<\/a><\/li>\n<li>Bes\u00f8k v\u00e5r ombrukssentral &#8211; Se hele vareutvalget i ombrukssentralen (Kometvegen 6, 7652 Verdal).<\/li>\n<\/ul>\n<p>Kj\u00f8p av ombruksvarer er hovedsakelig selvbetjent, men sentralen er bemannet p\u00e5 tirsdager mellom kl. 11\u201313.<br \/>\nVed behov for assistanse utenfor dette tidsrommet, kontakt oss i henhold til kontaktinformasjonen nederst p\u00e5 denne siden.<\/p>\n\t\t\n<style>\n#text-509015108 {\n  color: rgb(0,0,0);\n}\n#text-509015108 > * {\n  color: rgb(0,0,0);\n}\n<\/style>\n\t<\/div>\n\t\n\t<div id=\"gap-1479284648\" class=\"gap-element clearfix\" style=\"display:block; height:auto;\">\n\t\t\n<style>\n#gap-1479284648 {\n  padding-top: 30px;\n}\n<\/style>\n\t<\/div>\n\t\n<div class=\"accordion\">\n\t<div id=\"accordion-717694280\" class=\"accordion-item\">\n\t\t<a id=\"accordion-717694280-label\" class=\"accordion-title plain\" href=\"#accordion-item-hvordan-fungerer-konseptet-for-kj\u00f8p-av-varer-gjennom-nettbutikken?\" aria-expanded=\"false\" aria-controls=\"accordion-717694280-content\" >\n\t\t\t<button class=\"toggle\" aria-label=\"Toggle\"><i class=\"icon-angle-down\"><\/i><\/button>\n\t\t\t<span>Hvordan fungerer konseptet for kj\u00f8p av varer gjennom nettbutikken?<\/span>\n\t\t<\/a>\n\t\t<div id=\"accordion-717694280-content\" class=\"accordion-inner\" aria-labelledby=\"accordion-717694280-label\" >\n\t\t\t\n<p>Vi samarbeider med Sirken for salget av ombruksvarer i ombrukssentralen.<\/p>\n<p>Dersom du ikke har en registrert bruker kan du enkelt registrere deg gjennom Sirken.no via Vipps.<\/p>\n<ol>\n<li>Finn varen i <a href=\"https:\/\/sirken.no\/search?city%5b0%5d=Verdal&amp;query=\" target=\"_blank\" rel=\"noopener\">nettbutikken<\/a> (S\u00f8rg for at Verdal er huket av for \u00e5 se riktig varelager).<\/li>\n<li>Kj\u00f8p varen og f\u00e5 tilsendt kode og beskrivelse for tilgang til ombrukssentralen p\u00e5 SMS.<\/li>\n<li>Hent varen i ombrukssentralen. Ombrukssentralen har d\u00f8gn\u00e5pen selvbetjening.<\/li>\n<\/ol>\n\t\t<\/div>\n\t<\/div>\n\t\n\t<div id=\"accordion-4279490583\" class=\"accordion-item\">\n\t\t<a id=\"accordion-4279490583-label\" class=\"accordion-title plain\" href=\"#accordion-item-hvordan-fungerer-d\u00f8gn\u00e5pen-selvbetjening?\" aria-expanded=\"false\" aria-controls=\"accordion-4279490583-content\" >\n\t\t\t<button class=\"toggle\" aria-label=\"Toggle\"><i class=\"icon-angle-down\"><\/i><\/button>\n\t\t\t<span>Hvordan fungerer d\u00f8gn\u00e5pen selvbetjening?<\/span>\n\t\t<\/a>\n\t\t<div id=\"accordion-4279490583-content\" class=\"accordion-inner\" aria-labelledby=\"accordion-4279490583-label\" >\n\t\t\t\n<p>Selvbetjent tilgang til ombrukssentralen f\u00e5s ved \u00e5 opprette en bruker p\u00e5 Sirken.no via Vipps.<br \/>\nDu f\u00e5r da en kode til \u00e5 \u00e5pne porten via Sirken.<\/p>\n\t\t<\/div>\n\t<\/div>\n\t\n\t<div id=\"accordion-1458215179\" class=\"accordion-item\">\n\t\t<a id=\"accordion-1458215179-label\" class=\"accordion-title plain\" href=\"#accordion-item-kan-jeg-kj\u00f8pe-varene-n\u00e5r-jeg-er-fysisk-i-ombrukssentralen?\" aria-expanded=\"false\" aria-controls=\"accordion-1458215179-content\" >\n\t\t\t<button class=\"toggle\" aria-label=\"Toggle\"><i class=\"icon-angle-down\"><\/i><\/button>\n\t\t\t<span>Kan jeg kj\u00f8pe varene n\u00e5r jeg er fysisk i ombrukssentralen?<\/span>\n\t\t<\/a>\n\t\t<div id=\"accordion-1458215179-content\" class=\"accordion-inner\" aria-labelledby=\"accordion-1458215179-label\" >\n\t\t\t\n<p>Alle varer i ombrukssentralen som ligger i nettbutikken kan kj\u00f8pes gjennom nettbutikken n\u00e5r du er i hallen.<\/p>\n\t\t<\/div>\n\t<\/div>\n\t\n<\/div>\n\t<div id=\"gap-1489672575\" class=\"gap-element clearfix\" style=\"display:block; height:auto;\">\n\t\t\n<style>\n#gap-1489672575 {\n  padding-top: 50px;\n}\n<\/style>\n\t<\/div>\n\t\n\t<div id=\"text-904131145\" class=\"text\">\n\t\t\n<h3><strong>Kontakt<\/strong><\/h3>\n\t\t\n<style>\n#text-904131145 {\n  line-height: 1.05;\n}\n<\/style>\n\t<\/div>\n\t\n<p>E-post: <a href=\"mailto:ir-post@retura.no\">ir-post@retura.no<\/a><br \/>\nTlf.: <a href=\"tel:74028840\">74028840<\/a><\/p>\n\t<div id=\"gap-1072913761\" class=\"gap-element clearfix\" style=\"display:block; height:auto;\">\n\t\t\n<style>\n#gap-1072913761 {\n  padding-top: 50px;\n}\n<\/style>\n\t<\/div>\n\t\n  <div class=\"banner-grid-wrapper\">\n  <div id=\"banner-grid-1703701252\" class=\"banner-grid row row-grid row-small\" data-packery-options=\"\">\n                      \n<div class=\"col grid-col large-4 grid-col-1\" ><div class=\"col-inner\">\n\t<div class=\"img has-hover x md-x lg-x y md-y lg-y\" id=\"image_479150997\">\n\t\t\t\t\t\t\t\t<div class=\"img-inner dark\" >\n\t\t\t<img loading=\"lazy\" decoding=\"async\" width=\"768\" height=\"1024\" src=\"https:\/\/retura.no\/ir\/wp-content\/uploads\/sites\/12\/2025\/02\/image00041_1500-768x1024.jpg\" class=\"attachment-large size-large\" alt=\"\" srcset=\"https:\/\/retura.no\/ir\/wp-content\/uploads\/sites\/12\/2025\/02\/image00041_1500-768x1024.jpg 768w, https:\/\/retura.no\/ir\/wp-content\/uploads\/sites\/12\/2025\/02\/image00041_1500-225x300.jpg 225w, https:\/\/retura.no\/ir\/wp-content\/uploads\/sites\/12\/2025\/02\/image00041_1500-1152x1536.jpg 1152w, https:\/\/retura.no\/ir\/wp-content\/uploads\/sites\/12\/2025\/02\/image00041_1500.jpg 1500w\" sizes=\"auto, (max-width: 768px) 100vw, 768px\" \/>\t\t\t\t\t\t\n\t\t\t\t\t<\/div>\n\t\t\t\t\t\t\t\t\n<style>\n#image_479150997 {\n  width: 100%;\n}\n<\/style>\n\t<\/div>\n\t\n<\/div><\/div>\n<div class=\"col grid-col large-4 grid-col-1\" ><div class=\"col-inner\">\n\t<div class=\"img has-hover x md-x lg-x y md-y lg-y\" id=\"image_1063285970\">\n\t\t\t\t\t\t\t\t<div class=\"img-inner dark\" >\n\t\t\t<img loading=\"lazy\" decoding=\"async\" width=\"768\" height=\"1024\" src=\"https:\/\/retura.no\/ir\/wp-content\/uploads\/sites\/12\/2025\/02\/image00050_1500-768x1024.jpg\" class=\"attachment-large size-large\" alt=\"\" srcset=\"https:\/\/retura.no\/ir\/wp-content\/uploads\/sites\/12\/2025\/02\/image00050_1500-768x1024.jpg 768w, https:\/\/retura.no\/ir\/wp-content\/uploads\/sites\/12\/2025\/02\/image00050_1500-225x300.jpg 225w, https:\/\/retura.no\/ir\/wp-content\/uploads\/sites\/12\/2025\/02\/image00050_1500-1152x1536.jpg 1152w, https:\/\/retura.no\/ir\/wp-content\/uploads\/sites\/12\/2025\/02\/image00050_1500.jpg 1500w\" sizes=\"auto, (max-width: 768px) 100vw, 768px\" \/>\t\t\t\t\t\t\n\t\t\t\t\t<\/div>\n\t\t\t\t\t\t\t\t\n<style>\n#image_1063285970 {\n  width: 100%;\n}\n<\/style>\n\t<\/div>\n\t\n<\/div><\/div>\n<div class=\"col grid-col large-4 grid-col-1-2\" ><div class=\"col-inner\">\n\t<div class=\"img has-hover x md-x lg-x y md-y lg-y\" id=\"image_1854713236\">\n\t\t\t\t\t\t\t\t<div class=\"img-inner dark\" >\n\t\t\t<img loading=\"lazy\" decoding=\"async\" width=\"768\" height=\"1024\" src=\"https:\/\/retura.no\/ir\/wp-content\/uploads\/sites\/12\/2025\/02\/image00049_1500-768x1024.jpg\" class=\"attachment-large size-large\" alt=\"\" srcset=\"https:\/\/retura.no\/ir\/wp-content\/uploads\/sites\/12\/2025\/02\/image00049_1500-768x1024.jpg 768w, https:\/\/retura.no\/ir\/wp-content\/uploads\/sites\/12\/2025\/02\/image00049_1500-225x300.jpg 225w, https:\/\/retura.no\/ir\/wp-content\/uploads\/sites\/12\/2025\/02\/image00049_1500-1152x1536.jpg 1152w, https:\/\/retura.no\/ir\/wp-content\/uploads\/sites\/12\/2025\/02\/image00049_1500.jpg 1500w\" sizes=\"auto, (max-width: 768px) 100vw, 768px\" \/>\t\t\t\t\t\t\n\t\t\t\t\t<\/div>\n\t\t\t\t\t\t\t\t\n<style>\n#image_1854713236 {\n  width: 100%;\n}\n<\/style>\n\t<\/div>\n\t\n<\/div><\/div>\n<div class=\"col grid-col large-4 grid-col-1-2\" ><div class=\"col-inner\">\n\t<div class=\"img has-hover x md-x lg-x y md-y lg-y\" id=\"image_897230101\">\n\t\t\t\t\t\t\t\t<div class=\"img-inner dark\" >\n\t\t\t<img loading=\"lazy\" decoding=\"async\" width=\"1020\" height=\"765\" src=\"https:\/\/retura.no\/ir\/wp-content\/uploads\/sites\/12\/2025\/02\/image00036_1500-1024x768.jpg\" class=\"attachment-large size-large\" alt=\"\" srcset=\"https:\/\/retura.no\/ir\/wp-content\/uploads\/sites\/12\/2025\/02\/image00036_1500-1024x768.jpg 1024w, https:\/\/retura.no\/ir\/wp-content\/uploads\/sites\/12\/2025\/02\/image00036_1500-300x225.jpg 300w, https:\/\/retura.no\/ir\/wp-content\/uploads\/sites\/12\/2025\/02\/image00036_1500-768x576.jpg 768w, https:\/\/retura.no\/ir\/wp-content\/uploads\/sites\/12\/2025\/02\/image00036_1500.jpg 1500w\" sizes=\"auto, (max-width: 1020px) 100vw, 1020px\" \/>\t\t\t\t\t\t\n\t\t\t\t\t<\/div>\n\t\t\t\t\t\t\t\t\n<style>\n#image_897230101 {\n  width: 100%;\n}\n<\/style>\n\t<\/div>\n\t\n<\/div><\/div>\n            <\/div>\n    <style>\n    #banner-grid-1703701252 .grid-col-1{height: 450px}\n    #banner-grid-1703701252 .grid-col-1-2{height: 225px}\n    #banner-grid-1703701252 .grid-col-1-3{height:150px}\n    #banner-grid-1703701252 .grid-col-2-3{height: 300px}\n    #banner-grid-1703701252 .grid-col-1-4{height: 112.5px}\n    #banner-grid-1703701252 .grid-col-3-4{height: 337.5px}\n\n\n    \n    \n\n  <\/style>\n    <\/div>\n  \n\t\t<\/div>\n\t\t\t\t\t<\/div>\n\n\t\n\n\t<div id=\"col-1999811001\" class=\"col medium-4 small-12 large-3\"  >\n\t\t\t\t<div class=\"col-inner text-center\"  >\n\t\t\t\n\t\t\t\n\t<div class=\"img has-hover x md-x lg-x y md-y lg-y\" id=\"image_182532690\">\n\t\t<a class=\"\" href=\"https:\/\/retura.no\/ir\/wp-content\/uploads\/sites\/12\/2025\/02\/Produktark-Ombrukstjenester-Retura-IR.pdf\" target=\"_blank\" rel=\"noopener\" >\t\t\t\t\t\t<div class=\"img-inner dark\" style=\"margin:0px 0px 20px 0px;\">\n\t\t\t<img loading=\"lazy\" decoding=\"async\" width=\"500\" height=\"609\" src=\"https:\/\/retura.no\/ir\/wp-content\/uploads\/sites\/12\/2025\/02\/produktark.jpg\" class=\"attachment-medium_large size-medium_large\" alt=\"Minityrbilde av pdf-dokument\" srcset=\"https:\/\/retura.no\/ir\/wp-content\/uploads\/sites\/12\/2025\/02\/produktark.jpg 500w, https:\/\/retura.no\/ir\/wp-content\/uploads\/sites\/12\/2025\/02\/produktark-246x300.jpg 246w\" sizes=\"auto, (max-width: 500px) 100vw, 500px\" \/>\t\t\t\t\t\t\n\t\t\t\t\t<\/div>\n\t\t\t\t\t\t<\/a>\t\t\n<style>\n#image_182532690 {\n  width: 90%;\n}\n<\/style>\n\t<\/div>\n\t\n<a href=\"https:\/\/retura.no\/ir\/wp-content\/uploads\/sites\/12\/2025\/02\/Produktark-Ombrukstjenester-Retura-IR.pdf\" target=\"_blank\" class=\"button primary\" rel=\"noopener\"  style=\"border-radius:99px;\">\n\t\t<span>Last ned produktark<\/span>\n\t<\/a>\n\n\t<div class=\"img has-hover x md-x lg-x y md-y lg-y\" id=\"image_811410533\">\n\t\t<a class=\"\" href=\"https:\/\/sirken.no\/\" target=\"_blank\" rel=\"noopener\" >\t\t\t\t\t\t<div class=\"img-inner dark\" style=\"margin:40px 0px 20px 0px;\">\n\t\t\t<img loading=\"lazy\" decoding=\"async\" width=\"768\" height=\"898\" src=\"https:\/\/retura.no\/ir\/wp-content\/uploads\/sites\/12\/2025\/03\/sirken-768x898.jpg\" class=\"attachment-medium_large size-medium_large\" alt=\"Skjermbilde av nettsiden til Sirken.no\" srcset=\"https:\/\/retura.no\/ir\/wp-content\/uploads\/sites\/12\/2025\/03\/sirken-768x898.jpg 768w, https:\/\/retura.no\/ir\/wp-content\/uploads\/sites\/12\/2025\/03\/sirken-257x300.jpg 257w, https:\/\/retura.no\/ir\/wp-content\/uploads\/sites\/12\/2025\/03\/sirken-876x1024.jpg 876w, https:\/\/retura.no\/ir\/wp-content\/uploads\/sites\/12\/2025\/03\/sirken-1314x1536.jpg 1314w, https:\/\/retura.no\/ir\/wp-content\/uploads\/sites\/12\/2025\/03\/sirken.jpg 1488w\" sizes=\"auto, (max-width: 768px) 100vw, 768px\" \/>\t\t\t\t\t\t\n\t\t\t\t\t<\/div>\n\t\t\t\t\t\t<\/a>\t\t\n<style>\n#image_811410533 {\n  width: 90%;\n}\n<\/style>\n\t<\/div>\n\t\n<a href=\"https:\/\/sirken.no\/\" target=\"_blank\" class=\"button primary\" rel=\"noopener\"  style=\"border-radius:99px;\">\n\t\t<span>Til nettbutikk<\/span>\n\t<\/a>\n\n\t\t<\/div>\n\t\t\t\t\t<\/div>\n\n\t\n\n<style>\n#row-262320115 > .col > .col-inner {\n  padding: 40px 0px 0px 0px;\n}\n@media (min-width:550px) {\n  #row-262320115 > .col > .col-inner {\n    padding: 0px 0px 0px 0px;\n  }\n}\n<\/style>\n<\/div>\n\t\t<\/div>\n\n\t\t\n<style>\n#section_1348603336 {\n  padding-top: 50px;\n  padding-bottom: 50px;\n  background-color: rgb(246, 246, 246);\n}\n@media (min-width:550px) {\n  #section_1348603336 {\n    padding-top: 80px;\n    padding-bottom: 80px;\n  }\n}\n<\/style>\n\t<\/section>\n\t\n","protected":false},"excerpt":{"rendered":"","protected":false},"author":14,"featured_media":0,"parent":0,"menu_order":0,"comment_status":"closed","ping_status":"closed","template":"","meta":{"footnotes":""},"class_list":["post-1024","page","type-page","status-publish","hentry"],"_links":{"self":[{"href":"https:\/\/retura.no\/ir\/wp-json\/wp\/v2\/pages\/1024","targetHints":{"allow":["GET"]}}],"collection":[{"href":"https:\/\/retura.no\/ir\/wp-json\/wp\/v2\/pages"}],"about":[{"href":"https:\/\/retura.no\/ir\/wp-json\/wp\/v2\/types\/page"}],"author":[{"embeddable":true,"href":"https:\/\/retura.no\/ir\/wp-json\/wp\/v2\/users\/14"}],"replies":[{"embeddable":true,"href":"https:\/\/retura.no\/ir\/wp-json\/wp\/v2\/comments?post=1024"}],"version-history":[{"count":35,"href":"https:\/\/retura.no\/ir\/wp-json\/wp\/v2\/pages\/1024\/revisions"}],"predecessor-version":[{"id":1368,"href":"https:\/\/retura.no\/ir\/wp-json\/wp\/v2\/pages\/1024\/revisions\/1368"}],"wp:attachment":[{"href":"https:\/\/retura.no\/ir\/wp-json\/wp\/v2\/media?parent=1024"}],"curies":[{"name":"wp","href":"https:\/\/api.w.org\/{rel}","templated":true}]}}