{"id":2,"date":"2018-11-28T16:24:54","date_gmt":"2018-11-28T15:24:54","guid":{"rendered":"https:\/\/retura.no\/glama\/?page_id=2"},"modified":"2025-10-20T11:48:14","modified_gmt":"2025-10-20T09:48:14","slug":"hjem","status":"publish","type":"page","link":"https:\/\/retura.no\/glama\/","title":{"rendered":"Hjem"},"content":{"rendered":"\n\t<section class=\"section ie-section1 dark\" id=\"section_1451747558\">\n\t\t<div class=\"section-bg fill\" >\n\t\t\t<img loading=\"lazy\" decoding=\"async\" width=\"1600\" height=\"1067\" src=\"https:\/\/retura.no\/glama\/wp-content\/uploads\/sites\/8\/2018\/11\/glama.jpg\" class=\"bg attachment-original size-original\" alt=\"\" \/>\t\t\t\t\t\t\n\t\t\t\n\n\t\t<\/div>\n\n\t\t\n\n\t\t<div class=\"section-content relative\">\n\t\t\t\n<div class=\"row align-center\"  id=\"row-1095435333\">\n\n\t<div id=\"col-324900085\" class=\"col medium-8 small-12 large-7\"  >\n\t\t\t\t<div class=\"col-inner text-center\"  >\n\t\t\t\n\t\t\t\n<h6 class=\"big\">Retura Gl\u00e5ma<\/h6>\n<h1>Beste avfallsl\u00f8sninger i Gl\u00e5mdalsregionen og Romerike<\/h1>\n\t\t<\/div>\n\t\t\t\t\t<\/div>\n\n\t\n<\/div>\n\t\t<\/div>\n\n\t\t\n<style>\n#section_1451747558 {\n  padding-top: 30px;\n  padding-bottom: 30px;\n  min-height: 400px;\n}\n#section_1451747558 .section-bg img {\n  object-position: 50% 50%;\n}\n@media (min-width:550px) {\n  #section_1451747558 {\n    min-height: 500px;\n  }\n}\n@media (min-width:850px) {\n  #section_1451747558 {\n    min-height: 600px;\n  }\n}\n<\/style>\n\t<\/section>\n\t\n\n\t<section class=\"section\" id=\"section_564287924\">\n\t\t<div class=\"section-bg fill\" >\n\t\t\t\t\t\t\t\t\t\n\t\t\t\n\n\t\t<\/div>\n\n\t\t\n\n\t\t<div class=\"section-content relative\">\n\t\t\t\n<div class=\"row\"  id=\"row-1193195027\">\n\n\t<div id=\"col-2084173433\" class=\"col small-12 large-12\"  >\n\t\t\t\t<div class=\"col-inner\"  >\n\t\t\t\n\t\t\t\n<p class=\"lead\">Retura Gl\u00e5ma er Retura Norges driftsselskap i Gl\u00e5mdalsregionen og Romerike. <a class=\"arrow-r\" href=\"\/glama\/kundeservice\">Ta kontakt med oss her<\/a><\/p>\n\t\t<\/div>\n\t\t\t\t\t<\/div>\n\n\t\n\n<style>\n#row-1193195027 > .col > .col-inner {\n  padding: 0px 0px 30px 0px;\n}\n@media (min-width:550px) {\n  #row-1193195027 > .col > .col-inner {\n    padding: 45px 0px 35px 0px;\n  }\n}\n<\/style>\n<\/div>\n<div class=\"row row-large equal-cols\"  id=\"row-856745173\">\n\n\t<div id=\"col-302759205\" class=\"col bg-grey btn-center medium-12 small-12 large-4\"  >\n\t\t\t\t<div class=\"col-inner\"  >\n\t\t\t\n\t\t\t\n\t<div class=\"img has-hover x md-x lg-x y md-y lg-y\" id=\"image_1881378089\">\n\t\t\t\t\t\t\t\t<div class=\"img-inner image-cover dark\" style=\"padding-top:200px;\">\n\t\t\t<img loading=\"lazy\" decoding=\"async\" width=\"350\" height=\"456\" src=\"https:\/\/retura.no\/glama\/wp-content\/uploads\/sites\/8\/2018\/11\/radgivning-small.jpg\" class=\"attachment-large size-large\" alt=\"\" srcset=\"https:\/\/retura.no\/glama\/wp-content\/uploads\/sites\/8\/2018\/11\/radgivning-small.jpg 350w, https:\/\/retura.no\/glama\/wp-content\/uploads\/sites\/8\/2018\/11\/radgivning-small-230x300.jpg 230w\" sizes=\"auto, (max-width: 350px) 100vw, 350px\" \/>\t\t\t\t\t\t\n\t\t\t\t\t<\/div>\n\t\t\t\t\t\t\t\t\n<style>\n#image_1881378089 {\n  width: 100%;\n}\n<\/style>\n\t<\/div>\n\t\n<h4 class=\"h-pill\">R\u00e5dgivning<\/h4>\n<p class=\"p-sm\">H\u00e5ndtering og behandling av avfall er et fagfelt som krever stadig mer spesialkunnskap. Retura kombinerer h\u00f8y kompetanse med unik lokalkunnskap, som tar hensyn til milj\u00f8 og \u00f8konomi.<\/p>\n<a href=\"\/glama\/tjenester\" class=\"button primary is-outline\"  style=\"border-radius:99px;\">\n\t\t<span>Les mer<\/span>\n\t<\/a>\n\n\t\t<\/div>\n\t\t\t\t\t<\/div>\n\n\t\n\n\t<div id=\"col-1766247973\" class=\"col bg-grey btn-center medium-12 small-12 large-4\"  >\n\t\t\t\t<div class=\"col-inner\"  >\n\t\t\t\n\t\t\t\n\t<div class=\"img has-hover x md-x lg-x y md-y lg-y\" id=\"image_1039680555\">\n\t\t\t\t\t\t\t\t<div class=\"img-inner image-cover dark\" style=\"padding-top:200px;\">\n\t\t\t<img loading=\"lazy\" decoding=\"async\" width=\"350\" height=\"350\" src=\"https:\/\/retura.no\/glama\/wp-content\/uploads\/sites\/8\/2018\/11\/gjennomforing-small.jpg\" class=\"attachment-large size-large\" alt=\"\" srcset=\"https:\/\/retura.no\/glama\/wp-content\/uploads\/sites\/8\/2018\/11\/gjennomforing-small.jpg 350w, https:\/\/retura.no\/glama\/wp-content\/uploads\/sites\/8\/2018\/11\/gjennomforing-small-150x150.jpg 150w, https:\/\/retura.no\/glama\/wp-content\/uploads\/sites\/8\/2018\/11\/gjennomforing-small-300x300.jpg 300w\" sizes=\"auto, (max-width: 350px) 100vw, 350px\" \/>\t\t\t\t\t\t\n\t\t\t\t\t<\/div>\n\t\t\t\t\t\t\t\t\n<style>\n#image_1039680555 {\n  width: 100%;\n}\n<\/style>\n\t<\/div>\n\t\n<h4 class=\"h-pill\">Gjennomf\u00f8ring<\/h4>\n<p class=\"p-sm\">Retura er opptatt av at implementeringen gjennomf\u00f8res grundig slik at driftsfasen skal bli s\u00e5 problemfri som mulig. Riktig valg av utstyr og god oppl\u00e6ring er avgj\u00f8rende.<\/p>\n<a href=\"\/glama\/tjenester\" class=\"button primary is-outline\"  style=\"border-radius:99px;\">\n\t\t<span>Les mer<\/span>\n\t<\/a>\n\n\t\t<\/div>\n\t\t\t\t\t<\/div>\n\n\t\n\n\t<div id=\"col-1139820210\" class=\"col bg-grey btn-center medium-12 small-12 large-4\"  >\n\t\t\t\t<div class=\"col-inner\"  >\n\t\t\t\n\t\t\t\n\t<div class=\"img has-hover x md-x lg-x y md-y lg-y\" id=\"image_1384943065\">\n\t\t\t\t\t\t\t\t<div class=\"img-inner image-cover dark\" style=\"padding-top:200px;\">\n\t\t\t<img loading=\"lazy\" decoding=\"async\" width=\"1020\" height=\"471\" src=\"https:\/\/retura.no\/glama\/wp-content\/uploads\/sites\/8\/2018\/11\/Miljorapportering-1024x473.jpg\" class=\"attachment-large size-large\" alt=\"\" srcset=\"https:\/\/retura.no\/glama\/wp-content\/uploads\/sites\/8\/2018\/11\/Miljorapportering-1024x473.jpg 1024w, https:\/\/retura.no\/glama\/wp-content\/uploads\/sites\/8\/2018\/11\/Miljorapportering-300x139.jpg 300w, https:\/\/retura.no\/glama\/wp-content\/uploads\/sites\/8\/2018\/11\/Miljorapportering-768x355.jpg 768w, https:\/\/retura.no\/glama\/wp-content\/uploads\/sites\/8\/2018\/11\/Miljorapportering.jpg 1200w\" sizes=\"auto, (max-width: 1020px) 100vw, 1020px\" \/>\t\t\t\t\t\t\n\t\t\t\t\t<\/div>\n\t\t\t\t\t\t\t\t\n<style>\n#image_1384943065 {\n  width: 100%;\n}\n<\/style>\n\t<\/div>\n\t\n<h4 class=\"h-pill\">Milj\u00f8rapportering<\/h4>\n<p class=\"p-sm\">Vi rapporterer i henhold til kundens behov. V\u00e5re rapporter gir full kontroll p\u00e5 innsamlede avfallsmengder og kostnader.<\/p>\n<a href=\"\/glama\/tjenester\" class=\"button primary is-outline\"  style=\"border-radius:99px;\">\n\t\t<span>Les mer<\/span>\n\t<\/a>\n\n\t\t<\/div>\n\t\t\t\t\t<\/div>\n\n\t\n<\/div>\n\t\t<\/div>\n\n\t\t\n<style>\n#section_564287924 {\n  padding-top: 50px;\n  padding-bottom: 50px;\n}\n@media (min-width:550px) {\n  #section_564287924 {\n    padding-top: 40px;\n    padding-bottom: 40px;\n  }\n}\n<\/style>\n\t<\/section>\n\t\n\n\t<section class=\"section\" id=\"section_1627446165\">\n\t\t<div class=\"section-bg fill\" >\n\t\t\t\t\t\t\t\t\t\n\t\t\t\n\n\t\t<\/div>\n\n\t\t\n\n\t\t<div class=\"section-content relative\">\n\t\t\t\n<div class=\"row\"  id=\"row-122482058\">\n\n\t<div id=\"col-154994664\" class=\"col small-12 large-12\"  >\n\t\t\t\t<div class=\"col-inner\"  >\n\t\t\t\n\t\t\t\n<h2>Vi bidrar til et bedre milj\u00f8<\/h2>\n<p>Klima og milj\u00f8 er satt p\u00e5 dagsordenen nasjonalt og globalt. Retura, med sin virksomhet i Norge, utnytter muligheten til \u00e5 p\u00e5virke klima og milj\u00f8 her. Proaktiv innsats for et milj\u00f8 i balanse, ligger i v\u00e5r visjon.<\/p>\n<a href=\"\/glama\/baerekraft-og-miljo\" class=\"button primary is-outline\"  style=\"border-radius:99px;\">\n\t\t<span>Les mer<\/span>\n\t<\/a>\n\n\t\t<\/div>\n\t\t\t\t\t<\/div>\n\n\t\n\n<style>\n#row-122482058 > .col > .col-inner {\n  padding: 50px 0px 0px 0px;\n}\n@media (min-width:550px) {\n  #row-122482058 > .col > .col-inner {\n    padding: 80px 0px 0px 0px;\n  }\n}\n<\/style>\n<\/div>\n<div class=\"row\"  id=\"row-1217200427\">\n\n\t<div id=\"col-1722504015\" class=\"col small-12 large-12\"  >\n\t\t\t\t<div class=\"col-inner text-right\"  >\n\t\t\t\n\t\t\t\n\t<div class=\"img has-hover x md-x lg-x y md-y lg-y\" id=\"image_939613270\">\n\t\t\t\t\t\t\t\t<div class=\"img-inner dark\" >\n\t\t\t<img loading=\"lazy\" decoding=\"async\" width=\"205\" height=\"159\" src=\"https:\/\/retura.no\/glama\/wp-content\/uploads\/sites\/8\/2018\/11\/leaf.png\" class=\"attachment-original size-original\" alt=\"\" \/>\t\t\t\t\t\t\n\t\t\t\t\t<\/div>\n\t\t\t\t\t\t\t\t\n<style>\n#image_939613270 {\n  width: 20%;\n}\n@media (min-width:550px) {\n  #image_939613270 {\n    width: 10%;\n  }\n}\n<\/style>\n\t<\/div>\n\t\n\t\t<\/div>\n\t\t\t\t\t<\/div>\n\n\t\n<\/div>\n\t\t<\/div>\n\n\t\t\n<style>\n#section_1627446165 {\n  padding-top: 0px;\n  padding-bottom: 0px;\n  background-color: rgb(233, 233, 233);\n}\n<\/style>\n\t<\/section>\n\t\n\n\t<section class=\"section\" id=\"section_440280878\">\n\t\t<div class=\"section-bg fill\" >\n\t\t\t\t\t\t\t\t\t\n\t\t\t\n\n\t\t<\/div>\n\n\t\t\n\n\t\t<div class=\"section-content relative\">\n\t\t\t\n<div class=\"row\"  id=\"row-2086435917\">\n\n\t<div id=\"col-1325162009\" class=\"col small-12 large-12\"  >\n\t\t\t\t<div class=\"col-inner\"  >\n\t\t\t\n\t\t\t\n<h2>Siste nyheter<\/h2>\n\t\t<\/div>\n\t\t\t\t\t<\/div>\n\n\t\n\n<style>\n#row-2086435917 > .col > .col-inner {\n  padding: 0px 0px 0px 0px;\n}\n@media (min-width:550px) {\n  #row-2086435917 > .col > .col-inner {\n    padding: 0px 0px 20px 0px;\n  }\n}\n<\/style>\n<\/div>\n\n  \n    <div class=\"row large-columns-3 medium-columns-1 small-columns-1 row-large\" >\n  <\/div>\n\t\t<\/div>\n\n\t\t\n<style>\n#section_440280878 {\n  padding-top: 50px;\n  padding-bottom: 50px;\n  background-color: rgb(246, 246, 246);\n}\n@media (min-width:550px) {\n  #section_440280878 {\n    padding-top: 80px;\n    padding-bottom: 80px;\n  }\n}\n<\/style>\n\t<\/section>\n\t\n\n\t<section class=\"section postal dark\" id=\"section_893457224\">\n\t\t<div class=\"section-bg fill\" >\n\t\t\t\t\t\t\t\t\t\n\t\t\t\n\n\t\t<\/div>\n\n\t\t\n\n\t\t<div class=\"section-content relative\">\n\t\t\t\n<div class=\"row\"  id=\"row-2143010132\">\n\n\t<div id=\"col-1131284970\" class=\"col small-12 large-12\"  >\n\t\t\t\t<div class=\"col-inner\"  >\n\t\t\t\n\t\t\t\n<p><span style=\"font-size: 180%\"><strong>G\u00e5 til ditt n\u00e6rmeste Retura-kontor her<\/strong><\/span><\/p>\n<form action=\"\" method=\"GET\" style=\"margin-bottom: 0; display: inline-block;\"><input type=\"text\" name=\"postalcode\" placeholder=\"Postnr.\" style=\"display: inline; width: 125px; padding: 15px; margin-bottom: 0; margin-top: 0; font-size: 16px; font-style: italic; border: 1px solid #9A0D24; height: 45px;\" \/><input type=\"submit\" value=\">\" style=\"display: inline-flex; align-items:center; justify-content:center; margin: 0 0 0 10px; background: #e10025!important; color: #ffffff; padding: 20px; line-height: 0; height: 45px; width:45px; border-radius:100%!important; border:1px solid #ffffff; box-shadow:0px 5px 10px rgba(0,0,0,0.2)\"  \/><\/form>\n\t\t<\/div>\n\t\t\t\t\t<\/div>\n\n\t\n<\/div>\n\t\t<\/div>\n\n\t\t\n<style>\n#section_893457224 {\n  padding-top: 15px;\n  padding-bottom: 15px;\n  background-color: #e10025;\n}\n@media (min-width:550px) {\n  #section_893457224 {\n    padding-top: 30px;\n    padding-bottom: 30px;\n  }\n}\n<\/style>\n\t<\/section>\n\t\n","protected":false},"excerpt":{"rendered":"","protected":false},"author":1,"featured_media":0,"parent":0,"menu_order":0,"comment_status":"closed","ping_status":"closed","template":"page-blank.php","meta":{"footnotes":""},"class_list":["post-2","page","type-page","status-publish","hentry"],"_links":{"self":[{"href":"https:\/\/retura.no\/glama\/wp-json\/wp\/v2\/pages\/2","targetHints":{"allow":["GET"]}}],"collection":[{"href":"https:\/\/retura.no\/glama\/wp-json\/wp\/v2\/pages"}],"about":[{"href":"https:\/\/retura.no\/glama\/wp-json\/wp\/v2\/types\/page"}],"author":[{"embeddable":true,"href":"https:\/\/retura.no\/glama\/wp-json\/wp\/v2\/users\/1"}],"replies":[{"embeddable":true,"href":"https:\/\/retura.no\/glama\/wp-json\/wp\/v2\/comments?post=2"}],"version-history":[{"count":6,"href":"https:\/\/retura.no\/glama\/wp-json\/wp\/v2\/pages\/2\/revisions"}],"predecessor-version":[{"id":174,"href":"https:\/\/retura.no\/glama\/wp-json\/wp\/v2\/pages\/2\/revisions\/174"}],"wp:attachment":[{"href":"https:\/\/retura.no\/glama\/wp-json\/wp\/v2\/media?parent=2"}],"curies":[{"name":"wp","href":"https:\/\/api.w.org\/{rel}","templated":true}]}}