{"id":2,"date":"2018-11-27T18:22:32","date_gmt":"2018-11-27T17:22:32","guid":{"rendered":"https:\/\/retura.no\/birbedrift\/?page_id=2"},"modified":"2020-08-25T10:29:12","modified_gmt":"2020-08-25T08:29:12","slug":"hjem","status":"publish","type":"page","link":"https:\/\/retura.no\/birbedrift\/","title":{"rendered":"Hjem"},"content":{"rendered":"\n\t<section class=\"section ie-section1 dark\" id=\"section_337779990\">\n\t\t<div class=\"section-bg fill\" >\n\t\t\t<img loading=\"lazy\" decoding=\"async\" width=\"1600\" height=\"1109\" src=\"https:\/\/retura.no\/birbedrift\/wp-content\/uploads\/sites\/5\/2018\/11\/bir-bedrift.jpg\" class=\"bg attachment-original size-original\" alt=\"\" \/>\t\t\t\t\t\t\n\t\t\t\n\n\t\t<\/div>\n\n\t\t\n\n\t\t<div class=\"section-content relative\">\n\t\t\t\n<div class=\"row align-center\"  id=\"row-24832475\">\n\n\t<div id=\"col-139251085\" class=\"col medium-8 small-12 large-6\"  >\n\t\t\t\t<div class=\"col-inner text-center\"  >\n\t\t\t\n\t\t\t\n<h6 class=\"big\">Bir Bedrift<\/h6>\n<h1>Beste avfallsl\u00f8sninger i Bergen<\/h1>\n\t\t<\/div>\n\t\t\t\t\t<\/div>\n\n\t\n<\/div>\n\t\t<\/div>\n\n\t\t\n<style>\n#section_337779990 {\n  padding-top: 30px;\n  padding-bottom: 30px;\n  min-height: 400px;\n}\n#section_337779990 .section-bg img {\n  object-position: 50% 50%;\n}\n@media (min-width:550px) {\n  #section_337779990 {\n    min-height: 500px;\n  }\n}\n@media (min-width:850px) {\n  #section_337779990 {\n    min-height: 600px;\n  }\n}\n<\/style>\n\t<\/section>\n\t\n\n\t<section class=\"section\" id=\"section_922925520\">\n\t\t<div class=\"section-bg fill\" >\n\t\t\t\t\t\t\t\t\t\n\t\t\t\n\n\t\t<\/div>\n\n\t\t\n\n\t\t<div class=\"section-content relative\">\n\t\t\t\n<div class=\"row\"  id=\"row-587448114\">\n\n\t<div id=\"col-2115991212\" class=\"col small-12 large-12\"  >\n\t\t\t\t<div class=\"col-inner\"  >\n\t\t\t\n\t\t\t\n<p class=\"lead\">Bir Bedrift er Retura Norges driftsselskap i Bergen. <a class=\"arrow-r\" href=\"https:\/\/birbedrift.no\">Ta kontakt med oss her<\/a><\/p>\n\t\t<\/div>\n\t\t\t\t\t<\/div>\n\n\t\n\n<style>\n#row-587448114 > .col > .col-inner {\n  padding: 0px 0px 30px 0px;\n}\n@media (min-width:550px) {\n  #row-587448114 > .col > .col-inner {\n    padding: 45px 0px 35px 0px;\n  }\n}\n<\/style>\n<\/div>\n<div class=\"row row-large equal-cols hide\"  id=\"row-1340395210\">\n\n\t<div id=\"col-640871511\" class=\"col bg-grey btn-center medium-12 small-12 large-4\"  >\n\t\t\t\t<div class=\"col-inner\"  >\n\t\t\t\n\t\t\t\n\t<div class=\"img has-hover x md-x lg-x y md-y lg-y\" id=\"image_2010127576\">\n\t\t\t\t\t\t\t\t<div class=\"img-inner image-cover dark\" style=\"padding-top:200px;\">\n\t\t\t<img loading=\"lazy\" decoding=\"async\" width=\"350\" height=\"456\" src=\"https:\/\/retura.no\/birbedrift\/wp-content\/uploads\/sites\/5\/2018\/11\/radgivning-small.jpg\" class=\"attachment-large size-large\" alt=\"\" srcset=\"https:\/\/retura.no\/birbedrift\/wp-content\/uploads\/sites\/5\/2018\/11\/radgivning-small.jpg 350w, https:\/\/retura.no\/birbedrift\/wp-content\/uploads\/sites\/5\/2018\/11\/radgivning-small-230x300.jpg 230w\" sizes=\"auto, (max-width: 350px) 100vw, 350px\" \/>\t\t\t\t\t\t\n\t\t\t\t\t<\/div>\n\t\t\t\t\t\t\t\t\n<style>\n#image_2010127576 {\n  width: 100%;\n}\n<\/style>\n\t<\/div>\n\t\n<h4 class=\"h-pill\">R\u00e5dgivning<\/h4>\n<p class=\"p-sm\">H\u00e5ndtering og behandling av avfall er et fagfelt som krever stadig mer spesialkunnskap. Retura kombinerer h\u00f8y kompetanse med unik lokalkunnskap, som tar hensyn til milj\u00f8 og \u00f8konomi.<\/p>\n<a href=\"\/radgivning\" class=\"button primary is-outline\"  style=\"border-radius:99px;\">\n\t\t<span>Les mer<\/span>\n\t<\/a>\n\n\t\t<\/div>\n\t\t\t\t\t<\/div>\n\n\t\n\n\t<div id=\"col-568076364\" class=\"col bg-grey btn-center medium-12 small-12 large-4\"  >\n\t\t\t\t<div class=\"col-inner\"  >\n\t\t\t\n\t\t\t\n\t<div class=\"img has-hover x md-x lg-x y md-y lg-y\" id=\"image_1783716397\">\n\t\t\t\t\t\t\t\t<div class=\"img-inner image-cover dark\" style=\"padding-top:200px;\">\n\t\t\t<img loading=\"lazy\" decoding=\"async\" width=\"350\" height=\"350\" src=\"https:\/\/retura.no\/birbedrift\/wp-content\/uploads\/sites\/5\/2018\/11\/gjennomforing-small.jpg\" class=\"attachment-large size-large\" alt=\"\" srcset=\"https:\/\/retura.no\/birbedrift\/wp-content\/uploads\/sites\/5\/2018\/11\/gjennomforing-small.jpg 350w, https:\/\/retura.no\/birbedrift\/wp-content\/uploads\/sites\/5\/2018\/11\/gjennomforing-small-150x150.jpg 150w, https:\/\/retura.no\/birbedrift\/wp-content\/uploads\/sites\/5\/2018\/11\/gjennomforing-small-300x300.jpg 300w\" sizes=\"auto, (max-width: 350px) 100vw, 350px\" \/>\t\t\t\t\t\t\n\t\t\t\t\t<\/div>\n\t\t\t\t\t\t\t\t\n<style>\n#image_1783716397 {\n  width: 100%;\n}\n<\/style>\n\t<\/div>\n\t\n<h4 class=\"h-pill\">Gjennomf\u00f8ring<\/h4>\n<p class=\"p-sm\">Retura er opptatt av at implementeringen gjennomf\u00f8res grundig slik at driftsfasen skal bli s\u00e5 problemfri som mulig. Riktig valg av utstyr og god oppl\u00e6ring er avgj\u00f8rende.<\/p>\n<a class=\"button primary is-outline\" rel=\"\/gjennomforing\"  style=\"border-radius:99px;\">\n\t\t<span>Les mer<\/span>\n\t<\/a>\n\n\t\t<\/div>\n\t\t\t\t\t<\/div>\n\n\t\n\n\t<div id=\"col-1052494342\" class=\"col bg-grey btn-center medium-12 small-12 large-4\"  >\n\t\t\t\t<div class=\"col-inner\"  >\n\t\t\t\n\t\t\t\n\t<div class=\"img has-hover x md-x lg-x y md-y lg-y\" id=\"image_2029292043\">\n\t\t\t\t\t\t\t\t<div class=\"img-inner image-cover dark\" style=\"padding-top:200px;\">\n\t\t\t<img loading=\"lazy\" decoding=\"async\" width=\"1020\" height=\"471\" src=\"https:\/\/retura.no\/birbedrift\/wp-content\/uploads\/sites\/5\/2018\/11\/Miljorapportering-1024x473.jpg\" class=\"attachment-large size-large\" alt=\"\" srcset=\"https:\/\/retura.no\/birbedrift\/wp-content\/uploads\/sites\/5\/2018\/11\/Miljorapportering-1024x473.jpg 1024w, https:\/\/retura.no\/birbedrift\/wp-content\/uploads\/sites\/5\/2018\/11\/Miljorapportering-300x139.jpg 300w, https:\/\/retura.no\/birbedrift\/wp-content\/uploads\/sites\/5\/2018\/11\/Miljorapportering-768x355.jpg 768w, https:\/\/retura.no\/birbedrift\/wp-content\/uploads\/sites\/5\/2018\/11\/Miljorapportering.jpg 1200w\" sizes=\"auto, (max-width: 1020px) 100vw, 1020px\" \/>\t\t\t\t\t\t\n\t\t\t\t\t<\/div>\n\t\t\t\t\t\t\t\t\n<style>\n#image_2029292043 {\n  width: 100%;\n}\n<\/style>\n\t<\/div>\n\t\n<h4 class=\"h-pill\">Milj\u00f8rapportering<\/h4>\n<p class=\"p-sm\">Vi rapporterer i henhold til kundens behov. V\u00e5re rapporter gir full kontroll p\u00e5 innsamlede avfallsmengder og kostnader.<\/p>\n<a href=\"\/miljorapportering\" class=\"button primary is-outline\"  style=\"border-radius:99px;\">\n\t\t<span>Les mer<\/span>\n\t<\/a>\n\n\t\t<\/div>\n\t\t\t\t\t<\/div>\n\n\t\n<\/div>\n\t\t<\/div>\n\n\t\t\n<style>\n#section_922925520 {\n  padding-top: 50px;\n  padding-bottom: 50px;\n}\n@media (min-width:550px) {\n  #section_922925520 {\n    padding-top: 40px;\n    padding-bottom: 40px;\n  }\n}\n<\/style>\n\t<\/section>\n\t\n\n\t<section class=\"section hide\" id=\"section_1427450417\">\n\t\t<div class=\"section-bg fill\" >\n\t\t\t\t\t\t\t\t\t\n\t\t\t\n\n\t\t<\/div>\n\n\t\t\n\n\t\t<div class=\"section-content relative\">\n\t\t\t\n<div class=\"row\"  id=\"row-1099248328\">\n\n\t<div id=\"col-1991659802\" class=\"col small-12 large-12\"  >\n\t\t\t\t<div class=\"col-inner\"  >\n\t\t\t\n\t\t\t\n<h2>Vi bidrar til et bedre milj\u00f8<\/h2>\n<p>Klima og milj\u00f8 er satt p\u00e5 dagsordenen nasjonalt og globalt. Retura, med sin virksomhet i Norge, utnytter muligheten til \u00e5 p\u00e5virke klima og milj\u00f8 her. Proaktiv innsats for et milj\u00f8 i balanse, ligger i v\u00e5r visjon.<\/p>\n<a href=\"\/baerekraft-og-miljo\" class=\"button primary is-outline\"  style=\"border-radius:99px;\">\n\t\t<span>Les mer<\/span>\n\t<\/a>\n\n\t\t<\/div>\n\t\t\t\t\t<\/div>\n\n\t\n\n<style>\n#row-1099248328 > .col > .col-inner {\n  padding: 50px 0px 0px 0px;\n}\n@media (min-width:550px) {\n  #row-1099248328 > .col > .col-inner {\n    padding: 80px 0px 0px 0px;\n  }\n}\n<\/style>\n<\/div>\n<div class=\"row\"  id=\"row-1838856570\">\n\n\t<div id=\"col-513905984\" class=\"col small-12 large-12\"  >\n\t\t\t\t<div class=\"col-inner text-right\"  >\n\t\t\t\n\t\t\t\n\t<div class=\"img has-hover x md-x lg-x y md-y lg-y\" id=\"image_1000018098\">\n\t\t\t\t\t\t\t\t<div class=\"img-inner dark\" >\n\t\t\t<img loading=\"lazy\" decoding=\"async\" width=\"205\" height=\"159\" src=\"https:\/\/retura.no\/birbedrift\/wp-content\/uploads\/sites\/5\/2018\/11\/leaf.png\" class=\"attachment-original size-original\" alt=\"\" \/>\t\t\t\t\t\t\n\t\t\t\t\t<\/div>\n\t\t\t\t\t\t\t\t\n<style>\n#image_1000018098 {\n  width: 20%;\n}\n@media (min-width:550px) {\n  #image_1000018098 {\n    width: 10%;\n  }\n}\n<\/style>\n\t<\/div>\n\t\n\t\t<\/div>\n\t\t\t\t\t<\/div>\n\n\t\n<\/div>\n\t\t<\/div>\n\n\t\t\n<style>\n#section_1427450417 {\n  padding-top: 0px;\n  padding-bottom: 0px;\n  background-color: rgb(233, 233, 233);\n}\n<\/style>\n\t<\/section>\n\t\n\n\t<section class=\"section hide\" id=\"section_330086222\">\n\t\t<div class=\"section-bg fill\" >\n\t\t\t\t\t\t\t\t\t\n\t\t\t\n\n\t\t<\/div>\n\n\t\t\n\n\t\t<div class=\"section-content relative\">\n\t\t\t\n<div class=\"row\"  id=\"row-713038879\">\n\n\t<div id=\"col-1909621498\" class=\"col small-12 large-12\"  >\n\t\t\t\t<div class=\"col-inner\"  >\n\t\t\t\n\t\t\t\n<h2>Siste nyheter<\/h2>\n\t\t<\/div>\n\t\t\t\t\t<\/div>\n\n\t\n\n<style>\n#row-713038879 > .col > .col-inner {\n  padding: 0px 0px 0px 0px;\n}\n@media (min-width:550px) {\n  #row-713038879 > .col > .col-inner {\n    padding: 0px 0px 20px 0px;\n  }\n}\n<\/style>\n<\/div>\n\n  \n    <div class=\"row large-columns-3 medium-columns-1 small-columns-1 row-large\" >\n  <\/div>\n\t\t<\/div>\n\n\t\t\n<style>\n#section_330086222 {\n  padding-top: 50px;\n  padding-bottom: 50px;\n  background-color: rgb(246, 246, 246);\n}\n@media (min-width:550px) {\n  #section_330086222 {\n    padding-top: 80px;\n    padding-bottom: 80px;\n  }\n}\n<\/style>\n\t<\/section>\n\t\n\n\t<section class=\"section postal dark\" id=\"section_2044859294\">\n\t\t<div class=\"section-bg fill\" >\n\t\t\t\t\t\t\t\t\t\n\t\t\t\n\n\t\t<\/div>\n\n\t\t\n\n\t\t<div class=\"section-content relative\">\n\t\t\t\n<div class=\"row\"  id=\"row-730120082\">\n\n\t<div id=\"col-195618327\" class=\"col small-12 large-12\"  >\n\t\t\t\t<div class=\"col-inner\"  >\n\t\t\t\n\t\t\t\n<p><span style=\"font-size: 180%\"><strong>G\u00e5 til ditt n\u00e6rmeste Retura-kontor her<\/strong><\/span><\/p>\n<form action=\"\" method=\"GET\" style=\"margin-bottom: 0; display: inline-block;\"><input type=\"text\" name=\"postalcode\" placeholder=\"Postnr.\" style=\"display: inline; width: 125px; padding: 15px; margin-bottom: 0; margin-top: 0; font-size: 16px; font-style: italic; border: 1px solid #9A0D24; height: 45px;\" \/><input type=\"submit\" value=\">\" style=\"display: inline-flex; align-items:center; justify-content:center; margin: 0 0 0 10px; background: #e10025!important; color: #ffffff; padding: 20px; line-height: 0; height: 45px; width:45px; border-radius:100%!important; border:1px solid #ffffff; box-shadow:0px 5px 10px rgba(0,0,0,0.2)\"  \/><\/form>\n\t\t<\/div>\n\t\t\t\t\t<\/div>\n\n\t\n<\/div>\n\t\t<\/div>\n\n\t\t\n<style>\n#section_2044859294 {\n  padding-top: 15px;\n  padding-bottom: 15px;\n  background-color: #e10025;\n}\n@media (min-width:550px) {\n  #section_2044859294 {\n    padding-top: 30px;\n    padding-bottom: 30px;\n  }\n}\n<\/style>\n\t<\/section>\n\t\n","protected":false},"excerpt":{"rendered":"","protected":false},"author":1,"featured_media":0,"parent":0,"menu_order":0,"comment_status":"closed","ping_status":"closed","template":"page-blank.php","meta":{"footnotes":""},"class_list":["post-2","page","type-page","status-publish","hentry"],"_links":{"self":[{"href":"https:\/\/retura.no\/birbedrift\/wp-json\/wp\/v2\/pages\/2","targetHints":{"allow":["GET"]}}],"collection":[{"href":"https:\/\/retura.no\/birbedrift\/wp-json\/wp\/v2\/pages"}],"about":[{"href":"https:\/\/retura.no\/birbedrift\/wp-json\/wp\/v2\/types\/page"}],"author":[{"embeddable":true,"href":"https:\/\/retura.no\/birbedrift\/wp-json\/wp\/v2\/users\/1"}],"replies":[{"embeddable":true,"href":"https:\/\/retura.no\/birbedrift\/wp-json\/wp\/v2\/comments?post=2"}],"version-history":[{"count":7,"href":"https:\/\/retura.no\/birbedrift\/wp-json\/wp\/v2\/pages\/2\/revisions"}],"predecessor-version":[{"id":32,"href":"https:\/\/retura.no\/birbedrift\/wp-json\/wp\/v2\/pages\/2\/revisions\/32"}],"wp:attachment":[{"href":"https:\/\/retura.no\/birbedrift\/wp-json\/wp\/v2\/media?parent=2"}],"curies":[{"name":"wp","href":"https:\/\/api.w.org\/{rel}","templated":true}]}}